{"id":80,"date":"2017-10-19T02:35:46","date_gmt":"2017-10-19T01:35:46","guid":{"rendered":"http:\/\/www.webdono.com\/?page_id=80"},"modified":"2024-04-25T10:14:00","modified_gmt":"2024-04-25T09:14:00","slug":"services","status":"publish","type":"page","link":"https:\/\/www.webdono.com\/fr\/services\/","title":{"rendered":"Services"},"content":{"rendered":"<p>[et_pb_section fb_built=&#8221;1&#8243; fullwidth=&#8221;on&#8221; _builder_version=&#8221;4.23.4&#8243; global_colors_info=&#8221;{}&#8221;][et_pb_fullwidth_header title=&#8221;Nos Services&#8221; text_orientation=&#8221;center&#8221; button_one_text=&#8221;Notre portfolio&#8221; button_one_url=&#8221;https:\/\/www.webdono.com\/fr\/portfolio\/&#8221; button_two_text=&#8221;T\u00e9moignages&#8221; button_two_url=&#8221;https:\/\/www.webdono.com\/fr\/testimonials\/&#8221; content_max_width=&#8221;none&#8221; _builder_version=&#8221;4.23.4&#8243; title_font=&#8221;|||on|&#8221; title_text_color=&#8221;#ffffff&#8221; background_color=&#8221;rgba(255, 255, 255, 0)&#8221; background_image=&#8221;https:\/\/www.webdono.com\/fr\/wp-content\/uploads\/2017\/10\/services.jpg&#8221; custom_button_one=&#8221;on&#8221; button_one_text_color=&#8221;#ffffff&#8221; custom_button_two=&#8221;on&#8221; button_two_text_color=&#8221;#ffffff&#8221; background_layout=&#8221;light&#8221; global_colors_info=&#8221;{}&#8221; button_one_text_size__hover_enabled=&#8221;off&#8221; button_two_text_size__hover_enabled=&#8221;off&#8221; button_one_text_color__hover_enabled=&#8221;off&#8221; button_two_text_color__hover_enabled=&#8221;off&#8221; button_one_border_width__hover_enabled=&#8221;off&#8221; button_two_border_width__hover_enabled=&#8221;off&#8221; button_one_border_color__hover_enabled=&#8221;off&#8221; button_two_border_color__hover_enabled=&#8221;off&#8221; button_one_border_radius__hover_enabled=&#8221;off&#8221; button_two_border_radius__hover_enabled=&#8221;off&#8221; button_one_letter_spacing__hover_enabled=&#8221;off&#8221; button_two_letter_spacing__hover_enabled=&#8221;off&#8221; button_one_bg_color__hover_enabled=&#8221;off&#8221; button_two_bg_color__hover_enabled=&#8221;off&#8221;][\/et_pb_fullwidth_header][\/et_pb_section][et_pb_section fb_built=&#8221;1&#8243; next_background_color=&#8221;#30b1b9&#8243; _builder_version=&#8221;4.23.4&#8243; custom_padding=&#8221;76px|0px|54px|0px&#8221; bottom_divider_style=&#8221;asymmetric2&#8243; locked=&#8221;off&#8221; global_colors_info=&#8221;{}&#8221;][et_pb_row column_structure=&#8221;1_3,1_3,1_3&#8243; _builder_version=&#8221;4.23.4&#8243; _module_preset=&#8221;default&#8221; custom_margin=&#8221;0px||||false|false&#8221; custom_padding=&#8221;||0px||false|false&#8221; hover_enabled=&#8221;0&#8243; global_colors_info=&#8221;{}&#8221; sticky_enabled=&#8221;0&#8243;][et_pb_column type=&#8221;1_3&#8243; _builder_version=&#8221;4.16&#8243; _module_preset=&#8221;default&#8221; global_colors_info=&#8221;{}&#8221;][et_pb_blurb title=&#8221;Conception et d\u00e9veloppement de sites Web&#8221; url=&#8221;#&#8221; image=&#8221;https:\/\/www.webdono.com\/fr\/wp-content\/uploads\/2021\/07\/webdesign.jpg&#8221; image_icon_width=&#8221;30%&#8221; content_max_width=&#8221;100%&#8221; _builder_version=&#8221;4.23.4&#8243; header_font=&#8221;|||on|||||&#8221; header_text_color=&#8221;#262C38&#8243; header_font_size=&#8221;20px&#8221; body_font=&#8221;|300|||||||&#8221; text_orientation=&#8221;center&#8221; module_alignment=&#8221;center&#8221; custom_margin=&#8221;||0px||false|false&#8221; image_max_width=&#8221;30%&#8221; global_colors_info=&#8221;{}&#8221;]<\/p>\n<p style=\"text-align: justify;\">Obtenez un site Web en ligne rapidement gr\u00e2ce \u00e0 notre service de conception de sites Web professionnel. Du simple au complexe, notre \u00e9quipe de conception de sites Web cr\u00e9era, h\u00e9bergera et mettra \u00e0 jour le site pour vous.<\/p>\n<p>[\/et_pb_blurb][\/et_pb_column][et_pb_column type=&#8221;1_3&#8243; _builder_version=&#8221;4.16&#8243; _module_preset=&#8221;default&#8221; global_colors_info=&#8221;{}&#8221;][et_pb_blurb title=&#8221;Entretien et support de site web.&#8221; image=&#8221;https:\/\/www.webdono.com\/fr\/wp-content\/uploads\/2021\/07\/website-support.jpg&#8221; image_icon_width=&#8221;30%&#8221; content_max_width=&#8221;100%&#8221; _builder_version=&#8221;4.23.4&#8243; header_font=&#8221;|||on|||||&#8221; header_text_color=&#8221;#262C38&#8243; header_font_size=&#8221;20px&#8221; body_font=&#8221;|300|||||||&#8221; text_orientation=&#8221;center&#8221; module_alignment=&#8221;center&#8221; custom_margin=&#8221;||0px||false|false&#8221; image_max_width=&#8221;30%&#8221; global_colors_info=&#8221;{}&#8221;]<\/p>\n<div class=\"flex-1 overflow-hidden\">\n<div class=\"react-scroll-to-bottom--css-fflrk-79elbk h-full\">\n<div class=\"react-scroll-to-bottom--css-fflrk-1n7m0yu\">\n<div>\n<div class=\"flex flex-col text-sm pb-9\">\n<div class=\"w-full text-token-text-primary\" dir=\"auto\" data-testid=\"conversation-turn-75\">\n<div class=\"px-4 py-2 justify-center text-base md:gap-6 m-auto\">\n<div class=\"flex flex-1 text-base mx-auto gap-3 juice:gap-4 juice:md:gap-6 md:px-5 lg:px-1 xl:px-5 md:max-w-3xl lg:max-w-[40rem] xl:max-w-[48rem]\">\n<div class=\"relative flex w-full min-w-0 flex-col agent-turn\">\n<div class=\"flex-col gap-1 md:gap-3\">\n<div class=\"flex flex-grow flex-col max-w-full\">\n<div data-message-author-role=\"assistant\" data-message-id=\"b480e914-d590-40d9-876e-29505fa5ac4a\" dir=\"auto\" class=\"min-h-[20px] text-message flex flex-col items-start gap-3 whitespace-pre-wrap break-words [.text-message+&amp;]:mt-5 overflow-x-auto\">\n<div class=\"markdown prose w-full break-words dark:prose-invert light\">\n<p>Nous fournissons du personnel d\u00e9di\u00e9 \u00e0 la maintenance et au support de site web pour mettre \u00e0 jour, entretenir, r\u00e9parer, s\u00e9curiser et optimiser vos sites web selon vos besoins.<\/p>\n<\/div>\n<\/div>\n<\/div>\n<\/div>\n<div class=\"absolute\">\n<div class=\"flex w-full gap-2 items-center justify-center\"><\/div>\n<\/div>\n<\/div>\n<\/div>\n<\/div>\n<\/div>\n<\/div>\n<\/div>\n<\/div>\n<\/div>\n<\/div>\n<div class=\"w-full pt-2 md:pt-0 dark:border-white\/20 md:border-transparent md:dark:border-transparent md:w-[calc(100%-.5rem)]\">\n<form class=\"stretch mx-2 flex flex-row gap-3 last:mb-2 md:mx-4 md:last:mb-6 lg:mx-auto lg:max-w-2xl xl:max-w-3xl\">\n<div class=\"relative flex h-full flex-1 flex-col\">\n<div class=\"absolute bottom-full left-0 right-0\"><\/div>\n<div class=\"flex w-full items-center\"><\/div>\n<\/div>\n<\/form>\n<\/div>\n<p style=\"text-align: center;\">[\/et_pb_blurb][\/et_pb_column][et_pb_column type=&#8221;1_3&#8243; _builder_version=&#8221;4.16&#8243; _module_preset=&#8221;default&#8221; global_colors_info=&#8221;{}&#8221;][et_pb_blurb title=&#8221;Optimisation pour les moteurs de recherche (SEO)&#8221; image=&#8221;https:\/\/www.webdono.com\/fr\/wp-content\/uploads\/2021\/07\/seo-icone.jpg&#8221; image_icon_width=&#8221;30%&#8221; content_max_width=&#8221;100%&#8221; _builder_version=&#8221;4.23.4&#8243; header_font=&#8221;|||on|||||&#8221; header_text_color=&#8221;#262C38&#8243; header_font_size=&#8221;20px&#8221; body_font=&#8221;|300|||||||&#8221; text_orientation=&#8221;center&#8221; module_alignment=&#8221;center&#8221; custom_margin=&#8221;||0px||false|false&#8221; image_max_width=&#8221;30%&#8221; global_colors_info=&#8221;{}&#8221;]<\/p>\n<p style=\"text-align: left;\">Nous offrons des services SEO experts &#8230; Gr\u00e2ce \u00e0 des processus d&#8217;optimisation de site web qui aideront les moteurs de recherche \u00e0 comprendre le contenu de votre site et \u00e0 augmenter le trafic.<\/p>\n<p>[\/et_pb_blurb][\/et_pb_column][\/et_pb_row][et_pb_row column_structure=&#8221;1_3,1_3,1_3&#8243; _builder_version=&#8221;4.16&#8243; _module_preset=&#8221;default&#8221; custom_margin=&#8221;0px||||false|false&#8221; custom_padding=&#8221;||0px||false|false&#8221; global_colors_info=&#8221;{}&#8221;][et_pb_column type=&#8221;1_3&#8243; _builder_version=&#8221;4.16&#8243; _module_preset=&#8221;default&#8221; global_colors_info=&#8221;{}&#8221;][et_pb_blurb title=&#8221;H\u00c9BERGEMENT ET ENREGISTREMENT DE NOMS DE DOMAINE&#8221; image=&#8221;https:\/\/www.webdono.com\/fr\/wp-content\/uploads\/2021\/07\/hosting.jpg&#8221; image_icon_width=&#8221;30%&#8221; content_max_width=&#8221;100%&#8221; _builder_version=&#8221;4.23.4&#8243; header_font=&#8221;|||on|||||&#8221; header_text_color=&#8221;#262C38&#8243; header_font_size=&#8221;20px&#8221; body_font=&#8221;|300|||||||&#8221; text_orientation=&#8221;center&#8221; module_alignment=&#8221;center&#8221; custom_margin=&#8221;||0px||false|false&#8221; image_max_width=&#8221;30%&#8221; global_colors_info=&#8221;{}&#8221;]<\/p>\n<p>Nous vous aidons \u00e0 choisir le domaine id\u00e9al pour votre site web, et nous vous fournissons un h\u00e9bergement web rapide et fiable qui maintient votre site en ligne parfaitement, \u00e0 un prix adapt\u00e9.&#8221;<\/p>\n<p>[\/et_pb_blurb][\/et_pb_column][et_pb_column type=&#8221;1_3&#8243; _builder_version=&#8221;4.16&#8243; _module_preset=&#8221;default&#8221; global_colors_info=&#8221;{}&#8221;][et_pb_blurb title=&#8221;R\u00c9DACTION ET CONTENU.&#8221; image=&#8221;https:\/\/www.webdono.com\/fr\/wp-content\/uploads\/2021\/07\/content.jpg&#8221; image_icon_width=&#8221;30%&#8221; content_max_width=&#8221;100%&#8221; _builder_version=&#8221;4.23.4&#8243; header_font=&#8221;|||on|||||&#8221; header_text_color=&#8221;#262C38&#8243; header_font_size=&#8221;20px&#8221; body_font=&#8221;|300|||||||&#8221; text_orientation=&#8221;center&#8221; module_alignment=&#8221;center&#8221; custom_margin=&#8221;||0px||false|false&#8221; image_max_width=&#8221;30%&#8221; global_colors_info=&#8221;{}&#8221;]<\/p>\n<p>Nous proposons une strat\u00e9gie de contenu personnalis\u00e9e et de valeur, ax\u00e9e sur le branding, l&#8217;identification et la relation avec la parfaite audience cible.<\/p>\n<p style=\"text-align: center;\">[\/et_pb_blurb][\/et_pb_column][et_pb_column type=&#8221;1_3&#8243; _builder_version=&#8221;4.16&#8243; _module_preset=&#8221;default&#8221; global_colors_info=&#8221;{}&#8221;][et_pb_blurb title=&#8221;Marketing et publicit\u00e9 &#8221; image=&#8221;https:\/\/www.webdono.com\/fr\/wp-content\/uploads\/2021\/07\/marketing.jpg&#8221; image_icon_width=&#8221;30%&#8221; content_max_width=&#8221;100%&#8221; _builder_version=&#8221;4.23.4&#8243; header_font=&#8221;|||on|||||&#8221; header_text_color=&#8221;#262C38&#8243; header_font_size=&#8221;20px&#8221; body_font=&#8221;|300|||||||&#8221; text_orientation=&#8221;center&#8221; module_alignment=&#8221;center&#8221; custom_margin=&#8221;||0px||false|false&#8221; image_max_width=&#8221;30%&#8221; global_colors_info=&#8221;{}&#8221;]<\/p>\n<div class=\"flex-1 overflow-hidden\">\n<div class=\"react-scroll-to-bottom--css-fflrk-79elbk h-full\">\n<div class=\"react-scroll-to-bottom--css-fflrk-1n7m0yu\">\n<div>\n<div class=\"flex flex-col text-sm pb-9\">\n<div class=\"w-full text-token-text-primary\" dir=\"auto\" data-testid=\"conversation-turn-97\">\n<div class=\"px-4 py-2 justify-center text-base md:gap-6 m-auto\">\n<div class=\"flex flex-1 text-base mx-auto gap-3 juice:gap-4 juice:md:gap-6 md:px-5 lg:px-1 xl:px-5 md:max-w-3xl lg:max-w-[40rem] xl:max-w-[48rem]\">\n<div class=\"relative flex w-full min-w-0 flex-col agent-turn\">\n<div class=\"flex-col gap-1 md:gap-3\">\n<div class=\"flex flex-grow flex-col max-w-full\">\n<div data-message-author-role=\"assistant\" data-message-id=\"5b21ed4f-2841-4b16-a977-e33c6c7daf1a\" dir=\"auto\" class=\"min-h-[20px] text-message flex flex-col items-start gap-3 whitespace-pre-wrap break-words [.text-message+&amp;]:mt-5 overflow-x-auto\">\n<div class=\"markdown prose w-full break-words dark:prose-invert light\">\n<p>D\u00e9ployez une strat\u00e9gie marketing dynamique pour booster la visibilit\u00e9 de votre site web (ou augmenter les ventes de votre produit) gr\u00e2ce aux services de marketing et de publicit\u00e9 de Web Dono.<\/p>\n<\/div>\n<\/div>\n<\/div>\n<div class=\"pr-2 lg:pr-0\"><\/div>\n<\/div>\n<div class=\"absolute\">\n<div class=\"flex w-full gap-2 items-center justify-center\"><\/div>\n<\/div>\n<\/div>\n<\/div>\n<\/div>\n<\/div>\n<\/div>\n<\/div>\n<\/div>\n<\/div>\n<\/div>\n<div class=\"w-full pt-2 md:pt-0 dark:border-white\/20 md:border-transparent md:dark:border-transparent md:w-[calc(100%-.5rem)]\">\n<form class=\"stretch mx-2 flex flex-row gap-3 last:mb-2 md:mx-4 md:last:mb-6 lg:mx-auto lg:max-w-2xl xl:max-w-3xl\">\n<div class=\"relative flex h-full flex-1 flex-col\">\n<div class=\"absolute bottom-full left-0 right-0\"><\/div>\n<div class=\"flex w-full items-center\"><\/div>\n<\/div>\n<\/form>\n<\/div>\n<p style=\"text-align: center;\">[\/et_pb_blurb][\/et_pb_column][\/et_pb_row][et_pb_row column_structure=&#8221;1_3,1_3,1_3&#8243; _builder_version=&#8221;4.16&#8243; _module_preset=&#8221;default&#8221; custom_margin=&#8221;0px||||false|false&#8221; custom_padding=&#8221;||0px||false|false&#8221; global_colors_info=&#8221;{}&#8221;][et_pb_column type=&#8221;1_3&#8243; _builder_version=&#8221;4.16&#8243; _module_preset=&#8221;default&#8221; global_colors_info=&#8221;{}&#8221;][et_pb_blurb title=&#8221;BRANDING ET DESIGN GRAPHIQUE&#8221; image=&#8221;https:\/\/www.webdono.com\/fr\/wp-content\/uploads\/2021\/07\/graphic.jpg&#8221; image_icon_width=&#8221;30%&#8221; content_max_width=&#8221;100%&#8221; _builder_version=&#8221;4.23.4&#8243; header_font=&#8221;|||on|||||&#8221; header_text_color=&#8221;#262C38&#8243; header_font_size=&#8221;20px&#8221; body_font=&#8221;|300|||||||&#8221; text_orientation=&#8221;center&#8221; module_alignment=&#8221;center&#8221; custom_margin=&#8221;||0px||false|false&#8221; image_max_width=&#8221;30%&#8221; global_colors_info=&#8221;{}&#8221;]<\/p>\n<p>WebDono propose des designs graphiques passionnants et des strat\u00e9gies de branding, bas\u00e9s sur des comp\u00e9tences extraordinaires en recherche marketing pour cr\u00e9er une identit\u00e9 unique pour votre entreprise.<\/p>\n<p>[\/et_pb_blurb][\/et_pb_column][et_pb_column type=&#8221;1_3&#8243; _builder_version=&#8221;4.16&#8243; _module_preset=&#8221;default&#8221; global_colors_info=&#8221;{}&#8221;][et_pb_blurb title=&#8221;Conception d&#8217;impression &#8221; image=&#8221;https:\/\/www.webdono.com\/fr\/wp-content\/uploads\/2021\/07\/print-design.jpg&#8221; image_icon_width=&#8221;30%&#8221; content_max_width=&#8221;100%&#8221; _builder_version=&#8221;4.23.4&#8243; header_font=&#8221;|||on|||||&#8221; header_text_color=&#8221;#262C38&#8243; header_font_size=&#8221;20px&#8221; body_font=&#8221;|300|||||||&#8221; text_orientation=&#8221;center&#8221; module_alignment=&#8221;center&#8221; custom_margin=&#8221;||0px||false|false&#8221; image_max_width=&#8221;30%&#8221; global_colors_info=&#8221;{}&#8221;]<\/p>\n<p>Nous pouvons cr\u00e9er tout ce dont vous avez besoin : un logo, une brochure, une carte de visite, une banni\u00e8re, un roll-up ou un ensemble complet d&#8217;identit\u00e9&#8230; . \u00a0nous sommes l\u00e0 pour r\u00e9aliser votre vision. Notre engagement envers la qualit\u00e9 et la cr\u00e9ativit\u00e9 nous permet de cr\u00e9er des designs exceptionnels qui vous aideront \u00e0 vous d\u00e9marquer dans un march\u00e9 concurrentiel et \u00e0 captiver votre public cible. Confiez-nous votre projet et laissez-nous donner vie \u00e0 votre vision !<\/p>\n<p style=\"text-align: center;\">[\/et_pb_blurb][\/et_pb_column][et_pb_column type=&#8221;1_3&#8243; _builder_version=&#8221;4.16&#8243; _module_preset=&#8221;default&#8221; global_colors_info=&#8221;{}&#8221;][et_pb_blurb title=&#8221;Conception et d\u00e9veloppement d&#8217;applications mobiles&#8221; image=&#8221;https:\/\/www.webdono.com\/fr\/wp-content\/uploads\/2021\/07\/mobile-dev.jpg&#8221; image_icon_width=&#8221;30%&#8221; content_max_width=&#8221;100%&#8221; _builder_version=&#8221;4.23.4&#8243; header_font=&#8221;|||on|||||&#8221; header_text_color=&#8221;#262C38&#8243; header_font_size=&#8221;20px&#8221; body_font=&#8221;|300|||||||&#8221; text_orientation=&#8221;center&#8221; module_alignment=&#8221;center&#8221; custom_margin=&#8221;||0px||false|false&#8221; image_max_width=&#8221;30%&#8221; global_colors_info=&#8221;{}&#8221;]<\/p>\n<p>Nous cr\u00e9ons des applications hautement personnalisables et puissantes qui vous aideront \u00e0 tirer le meilleur parti de votre id\u00e9e de d\u00e9veloppement d&#8217;application mobile .<\/p>\n<p style=\"text-align: center;\">[\/et_pb_blurb][\/et_pb_column][\/et_pb_row][et_pb_row column_structure=&#8221;1_3,1_3,1_3&#8243; _builder_version=&#8221;4.16&#8243; background_size=&#8221;initial&#8221; background_position=&#8221;top_left&#8221; background_repeat=&#8221;repeat&#8221; custom_padding=&#8221;27px|0px|27px|0px&#8221; global_colors_info=&#8221;{}&#8221;][et_pb_column type=&#8221;1_3&#8243; _builder_version=&#8221;4.16&#8243; custom_padding=&#8221;|||&#8221; global_colors_info=&#8221;{}&#8221; custom_padding__hover=&#8221;|||&#8221;][\/et_pb_column][et_pb_column type=&#8221;1_3&#8243; _builder_version=&#8221;4.16&#8243; custom_padding=&#8221;|||&#8221; global_colors_info=&#8221;{}&#8221; custom_padding__hover=&#8221;|||&#8221;][et_pb_blurb title=&#8221;Photographie &#8221; image=&#8221;https:\/\/www.webdono.com\/fr\/wp-content\/uploads\/2021\/07\/photogrzphy.jpg&#8221; image_icon_width=&#8221;30%&#8221; content_max_width=&#8221;100%&#8221; _builder_version=&#8221;4.23.4&#8243; header_font=&#8221;|||on|||||&#8221; header_text_color=&#8221;#262C38&#8243; header_font_size=&#8221;20px&#8221; body_font=&#8221;|300|||||||&#8221; text_orientation=&#8221;center&#8221; module_alignment=&#8221;center&#8221; custom_margin=&#8221;||60px|&#8221; image_max_width=&#8221;30%&#8221; global_colors_info=&#8221;{}&#8221;]<\/p>\n<p style=\"text-align: justify;\">Nos services de photographie comprennent : Des s\u00e9ances photo d&#8217;une journ\u00e9e compl\u00e8te ou d&#8217;une demi-journ\u00e9e avec tout le mat\u00e9riel n\u00e9cessaire. Des kits de cam\u00e9ras professionnelles et d&#8217;objectifs. Une configuration d&#8217;\u00e9clairage professionnelle. Des options de photographe unique ou de plusieurs photographes. La retouche photo, la correction des couleurs et le traitement. Un acc\u00e8s complet \u00e0 la biblioth\u00e8que de photos avec tous les droits d&#8217;utilisation.<\/p>\n<p style=\"text-align: center;\">[\/et_pb_blurb][\/et_pb_column][et_pb_column type=&#8221;1_3&#8243; _builder_version=&#8221;4.16&#8243; custom_padding=&#8221;|||&#8221; global_colors_info=&#8221;{}&#8221; custom_padding__hover=&#8221;|||&#8221;][\/et_pb_column][\/et_pb_row][\/et_pb_section][et_pb_section fb_built=&#8221;1&#8243; _builder_version=&#8221;4.16&#8243; background_color=&#8221;#30b1b9&#8243; background_image=&#8221;https:\/\/www.webdono.com\/fr\/wp-content\/uploads\/2017\/11\/contact-us-webdono.png&#8221; parallax=&#8221;on&#8221; global_colors_info=&#8221;{}&#8221;][et_pb_row column_structure=&#8221;2_3,1_3&#8243; _builder_version=&#8221;4.16&#8243; background_size=&#8221;initial&#8221; background_position=&#8221;top_left&#8221; background_repeat=&#8221;repeat&#8221; global_colors_info=&#8221;{}&#8221;][et_pb_column type=&#8221;2_3&#8243; _builder_version=&#8221;4.16&#8243; custom_padding=&#8221;|||&#8221; global_colors_info=&#8221;{}&#8221; custom_padding__hover=&#8221;|||&#8221;][et_pb_cta title=&#8221;BESOIN D&#8217;EN SAVOIR PLUS ?! CONTACTEZ-NOUS&#8221; button_url=&#8221;https:\/\/www.webdono.com\/fr\/contact-us\/&#8221; button_text=&#8221;Nous contacter &#8221; _builder_version=&#8221;4.23.4&#8243; header_font=&#8221;|700|||||||&#8221; header_font_size=&#8221;30px&#8221; use_background_color=&#8221;off&#8221; background_size=&#8221;initial&#8221; background_position=&#8221;top_left&#8221; background_repeat=&#8221;repeat&#8221; custom_margin=&#8221;|||&#8221; custom_padding=&#8221;40px|||&#8221; global_colors_info=&#8221;{}&#8221; button_text_size__hover_enabled=&#8221;off&#8221; button_one_text_size__hover_enabled=&#8221;off&#8221; button_two_text_size__hover_enabled=&#8221;off&#8221; button_text_color__hover_enabled=&#8221;off&#8221; button_one_text_color__hover_enabled=&#8221;off&#8221; button_two_text_color__hover_enabled=&#8221;off&#8221; button_border_width__hover_enabled=&#8221;off&#8221; button_one_border_width__hover_enabled=&#8221;off&#8221; button_two_border_width__hover_enabled=&#8221;off&#8221; button_border_color__hover_enabled=&#8221;off&#8221; button_one_border_color__hover_enabled=&#8221;off&#8221; button_two_border_color__hover_enabled=&#8221;off&#8221; button_border_radius__hover_enabled=&#8221;off&#8221; button_one_border_radius__hover_enabled=&#8221;off&#8221; button_two_border_radius__hover_enabled=&#8221;off&#8221; button_letter_spacing__hover_enabled=&#8221;off&#8221; button_one_letter_spacing__hover_enabled=&#8221;off&#8221; button_two_letter_spacing__hover_enabled=&#8221;off&#8221; button_bg_color__hover_enabled=&#8221;off&#8221; button_one_bg_color__hover_enabled=&#8221;off&#8221; button_two_bg_color__hover_enabled=&#8221;off&#8221;]<\/p>\n<div class=\"w-full text-token-text-primary\" dir=\"auto\" data-testid=\"conversation-turn-91\">\n<div class=\"px-4 py-2 justify-center text-base md:gap-6 m-auto\">\n<div class=\"flex flex-1 text-base mx-auto gap-3 juice:gap-4 juice:md:gap-6 md:px-5 lg:px-1 xl:px-5 md:max-w-3xl lg:max-w-[40rem] xl:max-w-[48rem]\">\n<div class=\"relative flex w-full min-w-0 flex-col agent-turn\">\n<div class=\"flex-col gap-1 md:gap-3\">\n<div class=\"flex flex-grow flex-col max-w-full\">\n<div data-message-author-role=\"assistant\" data-message-id=\"00f0bd76-cadf-44a4-9d69-4fb096d1d313\" dir=\"auto\" class=\"min-h-[20px] text-message flex flex-col items-start gap-3 whitespace-pre-wrap break-words [.text-message+&amp;]:mt-5 overflow-x-auto\">\n<div class=\"markdown prose w-full break-words dark:prose-invert light\">\n<p>N&#8217;h\u00e9sitez pas \u00e0 nous contacter pour obtenir davantage d&#8217;informations, poser des questions ou demander des tarifs.<\/p>\n<\/div>\n<\/div>\n<\/div>\n<div class=\"pr-2 lg:pr-0\"><\/div>\n<\/div>\n<div class=\"absolute\">\n<div class=\"flex w-full gap-2 items-center justify-center\"><\/div>\n<\/div>\n<\/div>\n<\/div>\n<\/div>\n<\/div>\n<div class=\"w-full text-token-text-primary\" dir=\"auto\" data-testid=\"conversation-turn-92\">\n<div class=\"px-4 py-2 justify-center text-base md:gap-6 m-auto\">\n<div class=\"flex flex-1 text-base mx-auto gap-3 juice:gap-4 juice:md:gap-6 md:px-5 lg:px-1 xl:px-5 md:max-w-3xl lg:max-w-[40rem] xl:max-w-[48rem]\">\n<div class=\"flex-shrink-0 flex flex-col relative items-end\">\n<div>\n<div class=\"pt-0.5\">\n<div class=\"gizmo-shadow-stroke flex h-6 w-6 items-center justify-center overflow-hidden rounded-full\"><\/div>\n<\/div>\n<\/div>\n<\/div>\n<\/div>\n<\/div>\n<\/div>\n<p style=\"text-align: center;\">[\/et_pb_cta][\/et_pb_column][et_pb_column type=&#8221;1_3&#8243; _builder_version=&#8221;4.16&#8243; custom_padding=&#8221;|||&#8221; global_colors_info=&#8221;{}&#8221; custom_padding__hover=&#8221;|||&#8221;][et_pb_blurb title=&#8221;+212 (0)6 24 40 63 95&#8243; image=&#8221;https:\/\/www.webdono.com\/fr\/wp-content\/uploads\/2017\/11\/whatsapp-1.png&#8221; icon_placement=&#8221;left&#8221; image_icon_width=&#8221;none&#8221; _builder_version=&#8221;4.23.4&#8243; header_font=&#8221;Abel||||&#8221; header_font_size=&#8221;26px&#8221; background_layout=&#8221;dark&#8221; image_max_width=&#8221;none&#8221; global_colors_info=&#8221;{}&#8221;][\/et_pb_blurb][et_pb_blurb title=&#8221;contact@webdono.com&#8221; use_icon=&#8221;on&#8221; font_icon=&#8221;&#xe010;||divi||400&#8243; icon_color=&#8221;#18b4bc&#8221; icon_placement=&#8221;left&#8221; _builder_version=&#8221;4.23.4&#8243; header_font=&#8221;Abel||||&#8221; header_font_size=&#8221;26px&#8221; background_layout=&#8221;dark&#8221; global_colors_info=&#8221;{}&#8221;][\/et_pb_blurb][et_pb_blurb title=&#8221;+212 (0)6 24 40 63 95&#8243; use_icon=&#8221;on&#8221; font_icon=&#8221;&#xe090;||divi||400&#8243; icon_color=&#8221;#18b4bc&#8221; icon_placement=&#8221;left&#8221; image_icon_width=&#8221;28px&#8221; _builder_version=&#8221;4.23.4&#8243; header_font=&#8221;Abel||||&#8221; header_font_size=&#8221;24px&#8221; background_layout=&#8221;dark&#8221; icon_font_size=&#8221;28px&#8221; global_colors_info=&#8221;{}&#8221;][\/et_pb_blurb][\/et_pb_column][\/et_pb_row][\/et_pb_section][et_pb_section fb_built=&#8221;1&#8243; fullwidth=&#8221;on&#8221; _builder_version=&#8221;4.16&#8243; background_color=&#8221;#2ea3f2&#8243; global_colors_info=&#8221;{}&#8221;][et_pb_fullwidth_portfolio title=&#8221;Notre Portfolio&#8221; fullwidth=&#8221;off&#8221; _builder_version=&#8221;4.23.4&#8243; portfolio_header_level=&#8221;h1&#8243; portfolio_header_font=&#8221;Abel||||||||&#8221; title_font=&#8221;Abel|||on|&#8221; title_font_size=&#8221;22px&#8221; background_color=&#8221;#ffffff&#8221; background_size=&#8221;initial&#8221; background_position=&#8221;top_left&#8221; background_repeat=&#8221;repeat&#8221; global_colors_info=&#8221;{}&#8221;][\/et_pb_fullwidth_portfolio][\/et_pb_section]<\/p>\n","protected":false},"excerpt":{"rendered":"<p>Obtenez un site Web en ligne rapidement gr\u00e2ce \u00e0 notre service de conception de sites Web professionnel. Du simple au complexe, notre \u00e9quipe de conception de sites Web cr\u00e9era, h\u00e9bergera et mettra \u00e0 jour le site pour vous. Nous fournissons du personnel d\u00e9di\u00e9 \u00e0 la maintenance et au support de site web pour mettre \u00e0 [&hellip;]<\/p>\n","protected":false},"author":1,"featured_media":0,"parent":0,"menu_order":0,"comment_status":"closed","ping_status":"closed","template":"","meta":{"_et_pb_use_builder":"on","_et_pb_old_content":"","_et_gb_content_width":"","_joinchat":[],"footnotes":""},"class_list":["post-80","page","type-page","status-publish","hentry"],"_links":{"self":[{"href":"https:\/\/www.webdono.com\/fr\/wp-json\/wp\/v2\/pages\/80","targetHints":{"allow":["GET"]}}],"collection":[{"href":"https:\/\/www.webdono.com\/fr\/wp-json\/wp\/v2\/pages"}],"about":[{"href":"https:\/\/www.webdono.com\/fr\/wp-json\/wp\/v2\/types\/page"}],"author":[{"embeddable":true,"href":"https:\/\/www.webdono.com\/fr\/wp-json\/wp\/v2\/users\/1"}],"replies":[{"embeddable":true,"href":"https:\/\/www.webdono.com\/fr\/wp-json\/wp\/v2\/comments?post=80"}],"version-history":[{"count":30,"href":"https:\/\/www.webdono.com\/fr\/wp-json\/wp\/v2\/pages\/80\/revisions"}],"predecessor-version":[{"id":31576,"href":"https:\/\/www.webdono.com\/fr\/wp-json\/wp\/v2\/pages\/80\/revisions\/31576"}],"wp:attachment":[{"href":"https:\/\/www.webdono.com\/fr\/wp-json\/wp\/v2\/media?parent=80"}],"curies":[{"name":"wp","href":"https:\/\/api.w.org\/{rel}","templated":true}]}}