{"id":7138,"date":"2021-07-17T13:21:04","date_gmt":"2021-07-17T12:21:04","guid":{"rendered":"https:\/\/www.webdono.com\/?page_id=7138"},"modified":"2024-04-26T09:28:38","modified_gmt":"2024-04-26T08:28:38","slug":"facebook-ads","status":"publish","type":"page","link":"https:\/\/www.webdono.com\/fr\/facebook-ads\/","title":{"rendered":"Publicit\u00e9s sur Facebook"},"content":{"rendered":"<p>[et_pb_section fb_built=&#8221;1&#8243; fullwidth=&#8221;on&#8221; next_background_color=&#8221;#ffffff&#8221; _builder_version=&#8221;4.23.4&#8243; _module_preset=&#8221;default&#8221; background_color=&#8221;#0C71C3&#8243; background_image=&#8221;https:\/\/www.webdono.com\/fr\/wp-content\/uploads\/2021\/07\/facebook-bg.jpg&#8221; width_last_edited=&#8221;off|desktop&#8221; module_alignment=&#8221;center&#8221; bottom_divider_style=&#8221;waves&#8221; bottom_divider_height=&#8221;50px&#8221; global_colors_info=&#8221;{}&#8221;][et_pb_fullwidth_header title=&#8221; Publicit\u00e9 Facebook&#8221; _builder_version=&#8221;4.23.4&#8243; _module_preset=&#8221;default&#8221; title_font=&#8221;|600|||||||&#8221; title_text_align=&#8221;center&#8221; title_text_color=&#8221;#FFFFFF&#8221; title_font_size=&#8221;50px&#8221; background_enable_color=&#8221;off&#8221; use_background_color_gradient=&#8221;on&#8221; background_color_gradient_direction=&#8221;90deg&#8221; background_color_gradient_stops=&#8221;#2b87da 0%|#29abcf 100%&#8221; background_color_gradient_end=&#8221;#29abcf&#8221; background_enable_image=&#8221;off&#8221; background_position=&#8221;center_left&#8221; background_repeat=&#8221;repeat&#8221; custom_margin=&#8221;0px||||false|false&#8221; custom_padding=&#8221;180px||180px||true|false&#8221; global_colors_info=&#8221;{}&#8221;][\/et_pb_fullwidth_header][\/et_pb_section][et_pb_section fb_built=&#8221;1&#8243; _builder_version=&#8221;4.23.4&#8243; _module_preset=&#8221;default&#8221; custom_padding=&#8221;100px||100px||true|false&#8221; top_divider_color=&#8221;#29ABCF&#8221; global_colors_info=&#8221;{}&#8221;][et_pb_row column_structure=&#8221;3_5,2_5&#8243; _builder_version=&#8221;4.23.4&#8243; _module_preset=&#8221;default&#8221; global_colors_info=&#8221;{}&#8221;][et_pb_column type=&#8221;3_5&#8243; _builder_version=&#8221;4.16&#8243; _module_preset=&#8221;default&#8221; global_colors_info=&#8221;{}&#8221;][et_pb_text _builder_version=&#8221;4.23.4&#8243; _module_preset=&#8221;default&#8221; header_text_color=&#8221;#29ABCF&#8221; hover_enabled=&#8221;0&#8243; global_colors_info=&#8221;{}&#8221; sticky_enabled=&#8221;0&#8243;]<\/p>\n<div class=\"tw-ta-container F0azHf tw-nfl\" id=\"tw-target-text-container\" tabindex=\"0\">\n<h1 class=\"tw-data-text tw-text-large tw-ta\" data-placeholder=\"Traduction\" id=\"tw-target-text\" aria-label=\"Texte traduit\" data-ved=\"2ahUKEwiCmY_XiNiFAxUfUKQEHe-JABIQ3ewLegQIBRAU\" dir=\"ltr\"><span class=\"Y2IQFc\" lang=\"fr\">Que sont les publicit\u00e9s Facebook ?<\/span><\/h1>\n<\/div>\n<div class=\"flex-1 overflow-hidden\">\n<div class=\"react-scroll-to-bottom--css-irdsd-79elbk h-full\">\n<div class=\"react-scroll-to-bottom--css-irdsd-1n7m0yu\">\n<div class=\"flex flex-col text-sm pb-9\">\n<div class=\"w-full text-token-text-primary\" dir=\"auto\" data-testid=\"conversation-turn-195\">\n<div class=\"px-4 py-2 justify-center text-base md:gap-6 m-auto\">\n<div class=\"flex flex-1 text-base mx-auto gap-3 juice:gap-4 juice:md:gap-6 md:px-5 lg:px-1 xl:px-5 md:max-w-3xl lg:max-w-[40rem] xl:max-w-[48rem]\">\n<div class=\"relative flex w-full flex-col agent-turn\">\n<div class=\"flex-col gap-1 md:gap-3\">\n<div class=\"flex flex-grow flex-col max-w-full\">\n<div data-message-author-role=\"assistant\" data-message-id=\"00612ff8-08d1-47d1-b59e-d4a0475edc7e\" dir=\"auto\" class=\"min-h-[20px] text-message flex flex-col items-start gap-3 whitespace-pre-wrap break-words [.text-message+&amp;]:mt-5 overflow-x-auto\">\n<div class=\"markdown prose w-full break-words dark:prose-invert light\">\n<p>Les publicit\u00e9s Facebook offrent une opportunit\u00e9 pr\u00e9cieuse de pr\u00e9senter votre entreprise aux utilisateurs de la plateforme dans un format payant. Elles permettent de fa\u00e7onner l&#8217;identit\u00e9 de votre marque et de partager son histoire \u00e0 travers vos propres mots. Les publicit\u00e9s Facebook sont diffus\u00e9es exclusivement sur les plateformes mobile et web de Facebook, ainsi que sur l&#8217;application Facebook Messenger, ce qui garantit une visibilit\u00e9 \u00e9tendue aupr\u00e8s de divers publics. Elles se pr\u00e9sentent sous divers formats, tels que des images uniques, des vid\u00e9os, des diaporamas, et bien d&#8217;autres, et peuvent \u00eatre minutieusement cibl\u00e9es pour atteindre des audiences sp\u00e9cifiques.<\/p>\n<p>Ce qui rend les publicit\u00e9s Facebook si remarquables, c&#8217;est leur adaptabilit\u00e9 aux besoins et au style distinctif de votre marque. Vous avez la possibilit\u00e9 de personnaliser non seulement le contenu visuel et textuel de votre annonce, mais \u00e9galement le mode de facturation. Par exemple, vous pouvez choisir d&#8217;\u00eatre factur\u00e9 en fonction du nombre de clics ou du nombre de vues que votre annonce g\u00e9n\u00e8re, vous permettant ainsi de g\u00e9rer efficacement votre budget publicitaire tout en maximisant le retour sur investissement.<\/p>\n<\/div>\n<\/div>\n<\/div>\n<div class=\"mt-1 flex gap-3 empty:hidden\">\n<div class=\"text-gray-400 flex self-end lg:self-center items-center justify-center lg:justify-start mt-0 -ml-1 h-7 gap-[2px] visible\"><\/div>\n<\/div>\n<div class=\"pr-2 lg:pr-0\"><\/div>\n<\/div>\n<div class=\"absolute\">\n<div class=\"flex w-full gap-2 items-center justify-center\"><\/div>\n<\/div>\n<\/div>\n<\/div>\n<\/div>\n<\/div>\n<\/div>\n<\/div>\n<\/div>\n<\/div>\n<p>[\/et_pb_text][\/et_pb_column][et_pb_column type=&#8221;2_5&#8243; _builder_version=&#8221;4.16&#8243; _module_preset=&#8221;default&#8221; global_colors_info=&#8221;{}&#8221;][et_pb_image src=&#8221;https:\/\/www.webdono.com\/fr\/wp-content\/uploads\/2021\/07\/facebook-pic.jpg&#8221; title_text=&#8221;facebook-pic&#8221; _builder_version=&#8221;4.23.4&#8243; _module_preset=&#8221;default&#8221; scroll_scaling_enable=&#8221;on&#8221; scroll_rotating_enable=&#8221;on&#8221; global_colors_info=&#8221;{}&#8221;][\/et_pb_image][\/et_pb_column][\/et_pb_row][\/et_pb_section][et_pb_section fb_built=&#8221;1&#8243; prev_background_color=&#8221;#ffffff&#8221; next_background_color=&#8221;#ffffff&#8221; _builder_version=&#8221;4.23.4&#8243; _module_preset=&#8221;default&#8221; background_color=&#8221;#29ABCF&#8221; top_divider_style=&#8221;waves&#8221; top_divider_height=&#8221;50px&#8221; bottom_divider_style=&#8221;waves&#8221; bottom_divider_height=&#8221;50px&#8221; global_colors_info=&#8221;{}&#8221;][et_pb_row _builder_version=&#8221;4.23.4&#8243; _module_preset=&#8221;default&#8221; global_colors_info=&#8221;{}&#8221;][et_pb_column type=&#8221;4_4&#8243; _builder_version=&#8221;4.16&#8243; _module_preset=&#8221;default&#8221; global_colors_info=&#8221;{}&#8221;][et_pb_text _builder_version=&#8221;4.23.4&#8243; _module_preset=&#8221;default&#8221; header_text_align=&#8221;center&#8221; header_text_color=&#8221;#FFFFFF&#8221; global_colors_info=&#8221;{}&#8221;]<\/p>\n<h1><strong><b>Types de publicit\u00e9 Facebook<\/b><\/strong><\/h1>\n<p>[\/et_pb_text][\/et_pb_column][\/et_pb_row][et_pb_row column_structure=&#8221;1_4,1_4,1_4,1_4&#8243; use_custom_gutter=&#8221;on&#8221; gutter_width=&#8221;2&#8243; make_equal=&#8221;on&#8221; _builder_version=&#8221;4.16&#8243; _module_preset=&#8221;default&#8221; max_width=&#8221;80%&#8221; global_colors_info=&#8221;{}&#8221;][et_pb_column type=&#8221;1_4&#8243; _builder_version=&#8221;4.16&#8243; _module_preset=&#8221;default&#8221; global_colors_info=&#8221;{}&#8221;][et_pb_blurb title=&#8221;Les publicit\u00e9s images&#8221; image=&#8221;https:\/\/www.webdono.com\/fr\/wp-content\/uploads\/2021\/07\/image-png.png&#8221; image_icon_width=&#8221;50%&#8221; _builder_version=&#8221;4.23.4&#8243; _module_preset=&#8221;default&#8221; header_font=&#8221;|||on|||||&#8221; header_text_align=&#8221;center&#8221; header_text_color=&#8221;#262C38&#8243; background_color=&#8221;#FFFFFF&#8221; custom_padding=&#8221;20px|20px|20px|20px|true|true&#8221; animation_style=&#8221;slide&#8221; border_radii=&#8221;on|20px|20px|20px|20px&#8221; image_max_width=&#8221;50%&#8221; global_colors_info=&#8221;{}&#8221;]<\/p>\n<p>Les annonces visuelles sur Facebook se distinguent comme l&#8217;un des formats publicitaires les plus simples disponibles. L&#8217;accent est mis sur la s\u00e9lection d&#8217;images percutantes qui refl\u00e8tent fid\u00e8lement les produits ou services que vous proposez. En optant pour des visuels attractifs et \u00e9vocateurs, vous avez l&#8217;opportunit\u00e9 de captiver l&#8217;attention des utilisateurs et de communiquer efficacement les avantages et les caract\u00e9ristiques de vos offres.<\/p>\n<p>[\/et_pb_blurb][\/et_pb_column][et_pb_column type=&#8221;1_4&#8243; _builder_version=&#8221;4.16&#8243; _module_preset=&#8221;default&#8221; global_colors_info=&#8221;{}&#8221;][et_pb_blurb title=&#8221;Les publicit\u00e9s vid\u00e9o&#8221; image=&#8221;https:\/\/www.webdono.com\/fr\/wp-content\/uploads\/2021\/07\/video-png.png&#8221; image_icon_width=&#8221;50%&#8221; _builder_version=&#8221;4.23.4&#8243; _module_preset=&#8221;default&#8221; header_font=&#8221;|||on|||||&#8221; header_text_align=&#8221;center&#8221; header_text_color=&#8221;#262C38&#8243; background_color=&#8221;#FFFFFF&#8221; custom_padding=&#8221;20px|20px|20px|20px|true|true&#8221; animation_style=&#8221;slide&#8221; border_radii=&#8221;on|20px|20px|20px|20px&#8221; image_max_width=&#8221;50%&#8221; global_colors_info=&#8221;{}&#8221;]<\/p>\n<p>Similairement aux annonces images, les annonces vid\u00e9o sur Facebook se caract\u00e9risent par leur approche simple, puisqu&#8217;elles se limitent \u00e0 une vid\u00e9o de 15 secondes ou moins pour v\u00e9hiculer le message de votre marque. Cette bri\u00e8vet\u00e9 offre une occasion id\u00e9ale de capturer l&#8217;attention des utilisateurs de mani\u00e8re concise et percutante, en mettant en avant les points cl\u00e9s de votre message publicitaire. En exploitant efficacement ces courts instants, vous avez l&#8217;opportunit\u00e9 de susciter l&#8217;int\u00e9r\u00eat de votre audience cible et de renforcer la notori\u00e9t\u00e9 de votre marque de mani\u00e8re efficace et m\u00e9morable.<\/p>\n<p>[\/et_pb_blurb][\/et_pb_column][et_pb_column type=&#8221;1_4&#8243; _builder_version=&#8221;4.16&#8243; _module_preset=&#8221;default&#8221; global_colors_info=&#8221;{}&#8221;][et_pb_blurb title=&#8221;Les publicit\u00e9s diaporama &#8221; image=&#8221;https:\/\/www.webdono.com\/fr\/wp-content\/uploads\/2021\/07\/slideshow-png.png&#8221; image_icon_width=&#8221;50%&#8221; _builder_version=&#8221;4.23.4&#8243; _module_preset=&#8221;default&#8221; header_font=&#8221;|||on|||||&#8221; header_text_align=&#8221;center&#8221; header_text_color=&#8221;#262C38&#8243; background_color=&#8221;#FFFFFF&#8221; custom_padding=&#8221;20px|20px|20px|20px|true|true&#8221; animation_style=&#8221;slide&#8221; border_radii=&#8221;on|20px|20px|20px|20px&#8221; image_max_width=&#8221;50%&#8221; global_colors_info=&#8221;{}&#8221;]<\/p>\n<p>Les publicit\u00e9s diaporama de Facebook offrent une solution publicitaire attrayante en permettant l&#8217;utilisation de plusieurs images qui illustrent votre marque. Ce format vous offre la possibilit\u00e9 de cr\u00e9er un r\u00e9cit visuel dynamique, en pr\u00e9sentant de mani\u00e8re s\u00e9quenc\u00e9e des visuels \u00e9vocateurs qui mettent en valeur les caract\u00e9ristiques et les avantages de vos produits ou services. Gr\u00e2ce \u00e0 cette approche, vous pouvez captiver l&#8217;attention de votre public cible de mani\u00e8re efficace et immersive, tout en renfor\u00e7ant la visibilit\u00e9 et la reconnaissance de votre marque sur la plateforme Facebook.<\/p>\n<p>[\/et_pb_blurb][\/et_pb_column][et_pb_column type=&#8221;1_4&#8243; _builder_version=&#8221;4.16&#8243; _module_preset=&#8221;default&#8221; global_colors_info=&#8221;{}&#8221;][et_pb_blurb title=&#8221; Les publicit\u00e9s carrousel&#8221; image=&#8221;https:\/\/www.webdono.com\/fr\/wp-content\/uploads\/2021\/07\/carousel-png.png&#8221; image_icon_width=&#8221;50%&#8221; _builder_version=&#8221;4.23.4&#8243; _module_preset=&#8221;default&#8221; header_font=&#8221;|||on|||||&#8221; header_text_align=&#8221;center&#8221; header_text_color=&#8221;#262C38&#8243; background_color=&#8221;#FFFFFF&#8221; custom_padding=&#8221;20px|20px|20px|20px|true|true&#8221; animation_style=&#8221;slide&#8221; border_radii=&#8221;on|20px|20px|20px|20px&#8221; image_max_width=&#8221;50%&#8221; global_colors_info=&#8221;{}&#8221;]<\/p>\n<p>Les annonces carrousel de Facebook offrent une approche polyvalente pour pr\u00e9senter plusieurs facettes de votre entreprise ou des produits que vous souhaitez promouvoir. Ce format vous permet d&#8217;utiliser jusqu&#8217;\u00e0 10 images ou vid\u00e9os, offrant ainsi une exp\u00e9rience interactive aux utilisateurs qui peuvent faire d\u00e9filer les contenus comme s&#8217;ils tournaient les pages d&#8217;un livre. Cette fonctionnalit\u00e9 vous offre une opportunit\u00e9 unique de mettre en valeur divers aspects de votre marque, de vos produits ou de vos services, tout en captivant l&#8217;attention de votre public cible de mani\u00e8re engageante et dynamique.<\/p>\n<p>&nbsp;<\/p>\n<p>[\/et_pb_blurb][\/et_pb_column][\/et_pb_row][et_pb_row column_structure=&#8221;1_4,1_4,1_4,1_4&#8243; use_custom_gutter=&#8221;on&#8221; gutter_width=&#8221;2&#8243; make_equal=&#8221;on&#8221; _builder_version=&#8221;4.16&#8243; _module_preset=&#8221;default&#8221; max_width=&#8221;80%&#8221; global_colors_info=&#8221;{}&#8221;][et_pb_column type=&#8221;1_4&#8243; _builder_version=&#8221;4.16&#8243; _module_preset=&#8221;default&#8221; global_colors_info=&#8221;{}&#8221;][et_pb_blurb title=&#8221;Les publicit\u00e9s de collection &#8221; image=&#8221;https:\/\/www.webdono.com\/fr\/wp-content\/uploads\/2021\/07\/collection-png.png&#8221; image_icon_width=&#8221;50%&#8221; _builder_version=&#8221;4.23.4&#8243; _module_preset=&#8221;default&#8221; header_font=&#8221;|||on|||||&#8221; header_text_align=&#8221;center&#8221; header_text_color=&#8221;#262C38&#8243; background_color=&#8221;#FFFFFF&#8221; custom_padding=&#8221;20px|20px|20px|20px|true|true&#8221; animation_style=&#8221;slide&#8221; border_radii=&#8221;on|20px|20px|20px|20px&#8221; image_max_width=&#8221;50%&#8221; global_colors_info=&#8221;{}&#8221;]<\/p>\n<p>Les annonces de collection sur Facebook offrent une approche interactive et immersive pour pr\u00e9senter vos produits \u00e0 de nouveaux clients potentiels. Ce format permet aux utilisateurs de Facebook qui interagissent avec votre annonce de d\u00e9couvrir une s\u00e9lection de produits de mani\u00e8re visuelle et convaincante. Ils peuvent explorer les diff\u00e9rents articles de votre collection, en naviguant facilement \u00e0 travers les images et les descriptions, ce qui leur permet d&#8217;obtenir un aper\u00e7u complet des produits que vous proposez. Cette exp\u00e9rience engageante offre aux utilisateurs une opportunit\u00e9 unique de mieux comprendre vos produits et de visualiser comment ils pourraient r\u00e9pondre \u00e0 leurs besoins ou \u00e0 leurs int\u00e9r\u00eats sp\u00e9cifiques.\u00a0<\/p>\n<p>[\/et_pb_blurb][\/et_pb_column][et_pb_column type=&#8221;1_4&#8243; _builder_version=&#8221;4.16&#8243; _module_preset=&#8221;default&#8221; global_colors_info=&#8221;{}&#8221;][et_pb_blurb title=&#8221;Les publicit\u00e9s Canvas &#8221; image=&#8221;https:\/\/www.webdono.com\/fr\/wp-content\/uploads\/2021\/07\/canva-png.png&#8221; image_icon_width=&#8221;50%&#8221; _builder_version=&#8221;4.23.4&#8243; _module_preset=&#8221;default&#8221; header_font=&#8221;|||on|||||&#8221; header_text_align=&#8221;center&#8221; header_text_color=&#8221;#262C38&#8243; background_color=&#8221;#FFFFFF&#8221; custom_padding=&#8221;20px|20px|20px|20px|true|true&#8221; animation_style=&#8221;slide&#8221; border_radii=&#8221;on|20px|20px|20px|20px&#8221; image_max_width=&#8221;50%&#8221; global_colors_info=&#8221;{}&#8221;]<\/p>\n<p>Les publicit\u00e9s Canvas sont sp\u00e9cialement \u00e9labor\u00e9es pour les appareils mobiles, offrant une exp\u00e9rience immersive et interactive aux utilisateurs. Con\u00e7ues avec une attention particuli\u00e8re \u00e0 l&#8217;exp\u00e9rience mobile, ces publicit\u00e9s sont optimis\u00e9es pour une navigation fluide et intuitive sur les smartphones et les tablettes. Leur format engageant permet aux utilisateurs de d\u00e9couvrir du contenu riche en m\u00e9dias, tels que des images, des vid\u00e9os et des carrousels, directement depuis leur appareil mobile, sans quitter l&#8217;application Facebook.\u00a0<\/p>\n<p>[\/et_pb_blurb][\/et_pb_column][et_pb_column type=&#8221;1_4&#8243; _builder_version=&#8221;4.16&#8243; _module_preset=&#8221;default&#8221; global_colors_info=&#8221;{}&#8221;][et_pb_blurb title=&#8221;Les publicit\u00e9s d&#8217;engagement de publication &#8221; image=&#8221;https:\/\/www.webdono.com\/fr\/wp-content\/uploads\/2021\/07\/post-engagment-ppng.png&#8221; image_icon_width=&#8221;50%&#8221; _builder_version=&#8221;4.23.4&#8243; _module_preset=&#8221;default&#8221; header_font=&#8221;|||on|||||&#8221; header_text_align=&#8221;center&#8221; header_text_color=&#8221;#262C38&#8243; background_color=&#8221;#FFFFFF&#8221; custom_padding=&#8221;20px|20px|20px|20px|true|true&#8221; animation_style=&#8221;slide&#8221; border_radii=&#8221;on|20px|20px|20px|20px&#8221; image_max_width=&#8221;50%&#8221; global_colors_info=&#8221;{}&#8221;]<\/p>\n<p>Les publicit\u00e9s d&#8217;engagement de publication sur Facebook sont essentiellement des publications que vous avez d\u00e9j\u00e0 partag\u00e9es avec votre audience, mais qui sont ensuite promues pour atteindre un public plus large. Ce format vous permet de mettre en avant du contenu organique d\u00e9j\u00e0 existant et de le pr\u00e9senter \u00e0 de nouveaux prospects. L&#8217;id\u00e9e est de maximiser l&#8217;engagement et l&#8217;interaction avec votre publication en l&#8217;amenant devant une audience \u00e9largie, ce qui peut g\u00e9n\u00e9rer plus de likes, de commentaires, de partages et d&#8217;autres interactions pr\u00e9cieuses avec votre contenu. En boostant vos publications, vous augmentez leur visibilit\u00e9 et leur port\u00e9e, ce qui peut contribuer \u00e0 renforcer la notori\u00e9t\u00e9 de votre marque et \u00e0 attirer de nouveaux clients potentiels.<\/p>\n<p>&nbsp;<\/p>\n<p>[\/et_pb_blurb][\/et_pb_column][et_pb_column type=&#8221;1_4&#8243; _builder_version=&#8221;4.16&#8243; _module_preset=&#8221;default&#8221; global_colors_info=&#8221;{}&#8221;][\/et_pb_column][\/et_pb_row][\/et_pb_section][et_pb_section fb_built=&#8221;1&#8243; _builder_version=&#8221;4.23.4&#8243; _module_preset=&#8221;default&#8221; custom_padding=&#8221;100px||100px||true|false&#8221; global_colors_info=&#8221;{}&#8221;][et_pb_row column_structure=&#8221;1_2,1_2&#8243; use_custom_gutter=&#8221;on&#8221; gutter_width=&#8221;2&#8243; _builder_version=&#8221;4.23.4&#8243; _module_preset=&#8221;default&#8221; global_colors_info=&#8221;{}&#8221;][et_pb_column type=&#8221;1_2&#8243; _builder_version=&#8221;4.16&#8243; _module_preset=&#8221;default&#8221; global_colors_info=&#8221;{}&#8221;][et_pb_image src=&#8221;https:\/\/www.webdono.com\/fr\/wp-content\/uploads\/2021\/07\/facebook-pic-2.jpg&#8221; title_text=&#8221;facebook-pic-2&#8243; align=&#8221;center&#8221; _builder_version=&#8221;4.23.4&#8243; _module_preset=&#8221;default&#8221; width=&#8221;80%&#8221; scroll_horizontal_motion_enable=&#8221;on&#8221; scroll_horizontal_motion=&#8221;5|19|65|100|20|0|0&#8243; global_colors_info=&#8221;{}&#8221;][\/et_pb_image][\/et_pb_column][et_pb_column type=&#8221;1_2&#8243; _builder_version=&#8221;4.16&#8243; _module_preset=&#8221;default&#8221; global_colors_info=&#8221;{}&#8221;][et_pb_text _builder_version=&#8221;4.23.4&#8243; _module_preset=&#8221;default&#8221; header_text_color=&#8221;#29ABCF&#8221; global_colors_info=&#8221;{}&#8221;]<\/p>\n<h1><strong><b>Pourquoi les publicit\u00e9s Facebook ?<\/b><\/strong><\/h1>\n<p>\u00c0 ce stade, vous pourriez vous demander : pourquoi opter pour le marketing sur Facebook pour ma marque ? Eh bien, pour commencer, Facebook occupe une place pr\u00e9pond\u00e9rante sur le march\u00e9 de la publicit\u00e9 num\u00e9rique, repr\u00e9sentant environ 20 % de ce secteur. Avec la baisse du trafic en magasin provoqu\u00e9e par l&#8217;\u00e9pid\u00e9mie de coronavirus en 2020, le marketing digital a connu une hausse inattendue, les entreprises redirigeant leurs services vers les plateformes en ligne. Cette tendance a conduit \u00e0 une augmentation de 11 % du chiffre d&#8217;affaires de Facebook pour le deuxi\u00e8me trimestre de 2020, atteignant plus de 18 milliards de dollars. En combinant ces \u00e9l\u00e9ments avec les raisons \u00e9voqu\u00e9es ci-dessous, il est clair que Facebook constitue l&#8217;un des choix les plus judicieux pour promouvoir votre entreprise.<\/p>\n<p>&nbsp;<\/p>\n<p>[\/et_pb_text][\/et_pb_column][\/et_pb_row][\/et_pb_section][et_pb_section fb_built=&#8221;1&#8243; prev_background_color=&#8221;#ffffff&#8221; _builder_version=&#8221;4.23.4&#8243; _module_preset=&#8221;default&#8221; background_color=&#8221;#262C38&#8243; background_image=&#8221;https:\/\/www.webdono.com\/fr\/wp-content\/uploads\/2019\/05\/clients-bg.jpg&#8221; background_blend=&#8221;soft-light&#8221; custom_padding=&#8221;65px||65px||true|&#8221; top_divider_style=&#8221;triangle&#8221; top_divider_height=&#8221;60px&#8221; top_divider_flip=&#8221;vertical&#8221; global_colors_info=&#8221;{}&#8221;][et_pb_row _builder_version=&#8221;4.23.4&#8243; _module_preset=&#8221;default&#8221; global_colors_info=&#8221;{}&#8221;][et_pb_column type=&#8221;4_4&#8243; _builder_version=&#8221;4.16&#8243; _module_preset=&#8221;default&#8221; global_colors_info=&#8221;{}&#8221;][et_pb_text _builder_version=&#8221;4.23.4&#8243; _module_preset=&#8221;default&#8221; header_text_align=&#8221;center&#8221; header_text_color=&#8221;#FFFFFF&#8221; header_font_size=&#8221;40px&#8221; global_colors_info=&#8221;{}&#8221;]<\/p>\n<div class=\"flex-1 overflow-hidden\">\n<div class=\"react-scroll-to-bottom--css-irdsd-79elbk h-full\">\n<div class=\"react-scroll-to-bottom--css-irdsd-1n7m0yu\">\n<div>\n<div class=\"flex flex-col text-sm pb-9\">\n<div class=\"w-full text-token-text-primary\" dir=\"auto\" data-testid=\"conversation-turn-197\">\n<div class=\"px-4 py-2 justify-center text-base md:gap-6 m-auto\">\n<div class=\"flex flex-1 text-base mx-auto gap-3 juice:gap-4 juice:md:gap-6 md:px-5 lg:px-1 xl:px-5 md:max-w-3xl lg:max-w-[40rem] xl:max-w-[48rem]\">\n<div class=\"relative flex w-full flex-col agent-turn\">\n<div class=\"flex-col gap-1 md:gap-3\">\n<div class=\"flex flex-grow flex-col max-w-full\">\n<div data-message-author-role=\"assistant\" data-message-id=\"59e4480d-b462-4154-91d1-5d32014c3637\" dir=\"auto\" class=\"min-h-[20px] text-message flex flex-col items-start gap-3 whitespace-pre-wrap break-words [.text-message+&amp;]:mt-5 overflow-x-auto\">\n<div class=\"markdown prose w-full break-words dark:prose-invert light\">\n<h1>Pr\u00eat \u00e0 commencer votre projet ?<\/h1>\n<\/div>\n<\/div>\n<\/div>\n<div class=\"pr-2 lg:pr-0\"><\/div>\n<\/div>\n<div class=\"absolute\">\n<div class=\"flex w-full gap-2 items-center justify-center\"><\/div>\n<\/div>\n<\/div>\n<\/div>\n<\/div>\n<\/div>\n<\/div>\n<\/div>\n<\/div>\n<\/div>\n<\/div>\n<p>[\/et_pb_text][et_pb_text _builder_version=&#8221;4.23.4&#8243; _module_preset=&#8221;default&#8221; header_2_font=&#8221;Poppins||||||||&#8221; header_2_text_align=&#8221;center&#8221; header_2_text_color=&#8221;#FFFFFF&#8221; global_colors_info=&#8221;{}&#8221;]<\/p>\n<div class=\"flex-1 overflow-hidden\">\n<div class=\"react-scroll-to-bottom--css-irdsd-79elbk h-full\">\n<div class=\"react-scroll-to-bottom--css-irdsd-1n7m0yu\">\n<div>\n<div class=\"flex flex-col text-sm pb-9\">\n<div class=\"w-full text-token-text-primary\" dir=\"auto\" data-testid=\"conversation-turn-199\">\n<div class=\"px-4 py-2 justify-center text-base md:gap-6 m-auto\">\n<div class=\"flex flex-1 text-base mx-auto gap-3 juice:gap-4 juice:md:gap-6 md:px-5 lg:px-1 xl:px-5 md:max-w-3xl lg:max-w-[40rem] xl:max-w-[48rem]\">\n<div class=\"relative flex w-full flex-col agent-turn\">\n<div class=\"flex-col gap-1 md:gap-3\">\n<div class=\"flex flex-grow flex-col max-w-full\">\n<div data-message-author-role=\"assistant\" data-message-id=\"308c0b05-95b2-436f-929b-575ffeab0a1b\" dir=\"auto\" class=\"min-h-[20px] text-message flex flex-col items-start gap-3 whitespace-pre-wrap break-words [.text-message+&amp;]:mt-5 overflow-x-auto\">\n<div class=\"markdown prose w-full break-words dark:prose-invert light\">\n<h2>Nous vous aiderons \u00e0 atteindre vos objectifs et \u00e0 d\u00e9velopper votre entreprise.<\/h2>\n<\/div>\n<\/div>\n<\/div>\n<div class=\"pr-2 lg:pr-0\"><\/div>\n<\/div>\n<div class=\"absolute\">\n<div class=\"flex w-full gap-2 items-center justify-center\"><\/div>\n<\/div>\n<\/div>\n<\/div>\n<\/div>\n<\/div>\n<\/div>\n<\/div>\n<\/div>\n<\/div>\n<\/div>\n<p>[\/et_pb_text][et_pb_button button_url=&#8221;https:\/\/www.webdono.com\/fr\/contact-us\/&#8221; button_text=&#8221;Obtenez un devis.&#8221; button_alignment=&#8221;center&#8221; _builder_version=&#8221;4.23.4&#8243; _module_preset=&#8221;default&#8221; custom_button=&#8221;on&#8221; button_text_color=&#8221;#262C38&#8243; button_bg_color=&#8221;#FFFFFF&#8221; button_border_width=&#8221;0px&#8221; button_border_radius=&#8221;0px&#8221; button_font=&#8221;|||on|||||&#8221; global_colors_info=&#8221;{}&#8221;][\/et_pb_button][\/et_pb_column][\/et_pb_row][\/et_pb_section]<\/p>\n","protected":false},"excerpt":{"rendered":"<p>Que sont les publicit\u00e9s Facebook ? Les publicit\u00e9s Facebook offrent une opportunit\u00e9 pr\u00e9cieuse de pr\u00e9senter votre entreprise aux utilisateurs de la plateforme dans un format payant. Elles permettent de fa\u00e7onner l&#8217;identit\u00e9 de votre marque et de partager son histoire \u00e0 travers vos propres mots. Les publicit\u00e9s Facebook sont diffus\u00e9es exclusivement sur les plateformes mobile et [&hellip;]<\/p>\n","protected":false},"author":1,"featured_media":0,"parent":0,"menu_order":0,"comment_status":"closed","ping_status":"closed","template":"","meta":{"_et_pb_use_builder":"on","_et_pb_old_content":"<!-- wp:divi\/placeholder \/-->","_et_gb_content_width":"","_joinchat":[],"footnotes":""},"class_list":["post-7138","page","type-page","status-publish","hentry"],"_links":{"self":[{"href":"https:\/\/www.webdono.com\/fr\/wp-json\/wp\/v2\/pages\/7138","targetHints":{"allow":["GET"]}}],"collection":[{"href":"https:\/\/www.webdono.com\/fr\/wp-json\/wp\/v2\/pages"}],"about":[{"href":"https:\/\/www.webdono.com\/fr\/wp-json\/wp\/v2\/types\/page"}],"author":[{"embeddable":true,"href":"https:\/\/www.webdono.com\/fr\/wp-json\/wp\/v2\/users\/1"}],"replies":[{"embeddable":true,"href":"https:\/\/www.webdono.com\/fr\/wp-json\/wp\/v2\/comments?post=7138"}],"version-history":[{"count":23,"href":"https:\/\/www.webdono.com\/fr\/wp-json\/wp\/v2\/pages\/7138\/revisions"}],"predecessor-version":[{"id":31591,"href":"https:\/\/www.webdono.com\/fr\/wp-json\/wp\/v2\/pages\/7138\/revisions\/31591"}],"wp:attachment":[{"href":"https:\/\/www.webdono.com\/fr\/wp-json\/wp\/v2\/media?parent=7138"}],"curies":[{"name":"wp","href":"https:\/\/api.w.org\/{rel}","templated":true}]}}