{"id":6836,"date":"2020-12-01T18:03:48","date_gmt":"2020-12-01T18:03:48","guid":{"rendered":"https:\/\/www.webdono.com\/portefeuille\/"},"modified":"2021-08-20T19:02:36","modified_gmt":"2021-08-20T18:02:36","slug":"portefeuille","status":"publish","type":"page","link":"https:\/\/www.webdono.com\/fr\/portefeuille\/","title":{"rendered":"PORTEFEUILLE"},"content":{"rendered":"<p>[et_pb_section fb_built=&#8221;1&#8243; fullwidth=&#8221;on&#8221; _builder_version=&#8221;3.22&#8243; background_image=&#8221;https:\/\/elegantthemesimages.com\/images\/premade\/d2-placeholder-1920.png&#8221;][et_pb_fullwidth_header title=&#8221;Notre travail | Portefeuille&#8221; subhead=&#8221;Dans cette section, vous trouverez quelques-uns de nos travaux et projets, pour voir plus de nos projets, contactez-nous et suivez-nous sur les r\u00e9seaux sociaux&#8221; text_orientation=&#8221;center&#8221; button_one_text=&#8221;Contactez-nous&#8221; button_one_url=&#8221;https:\/\/www.webdono.com\/fr\/contact-us\/&#8221; button_two_text=&#8221;T\u00e9moignages&#8221; button_two_url=&#8221;https:\/\/www.webdono.com\/fr\/testimonials\/&#8221; _builder_version=&#8221;4.9.9&#8243; title_font=&#8221;Montserrat|||on|||||&#8221; title_font_size=&#8221;45px&#8221; background_color=&#8221;rgba(255, 255, 255, 0)&#8221; background_image=&#8221;https:\/\/www.webdono.com\/fr\/wp-content\/uploads\/2021\/07\/cody-weiss-hEMYwIE6GEY-unsplash.jpg&#8221; background_size=&#8221;initial&#8221; background_position=&#8221;top_left&#8221; background_repeat=&#8221;repeat&#8221; hover_enabled=&#8221;0&#8243; button_one_text_size__hover_enabled=&#8221;off&#8221; button_two_text_size__hover_enabled=&#8221;off&#8221; button_one_text_color__hover_enabled=&#8221;off&#8221; button_two_text_color__hover_enabled=&#8221;off&#8221; button_one_border_width__hover_enabled=&#8221;off&#8221; button_two_border_width__hover_enabled=&#8221;off&#8221; button_one_border_color__hover_enabled=&#8221;off&#8221; button_two_border_color__hover_enabled=&#8221;off&#8221; button_one_border_radius__hover_enabled=&#8221;off&#8221; button_two_border_radius__hover_enabled=&#8221;off&#8221; button_one_letter_spacing__hover_enabled=&#8221;off&#8221; button_two_letter_spacing__hover_enabled=&#8221;off&#8221; button_one_bg_color__hover_enabled=&#8221;off&#8221; button_two_bg_color__hover_enabled=&#8221;off&#8221; custom_padding=&#8221;150px||150px||true|false&#8221; custom_button_one=&#8221;on&#8221; button_one_text_color=&#8221;#FFFFFF&#8221; button_one_bg_color=&#8221;#29ABCF&#8221; button_one_bg_enable_color=&#8221;on&#8221; button_one_border_color=&#8221;#29ABCF&#8221; custom_button_two=&#8221;on&#8221; button_two_text_color=&#8221;#29ABCF&#8221; button_two_bg_color=&#8221;#FFFFFF&#8221; button_two_bg_enable_color=&#8221;on&#8221; button_two_border_color=&#8221;#FFFFFF&#8221; sticky_enabled=&#8221;0&#8243; title_text_shadow_style=&#8221;preset3&#8243; title_text=&#8221;cody-weiss-hEMYwIE6GEY-unsplash&#8221; subhead_text_shadow_style=&#8221;preset3&#8243; subhead_text_shadow_color=&#8221;#000000&#8243; title_text_shadow_color=&#8221;#262C38&#8243;][\/et_pb_fullwidth_header][\/et_pb_section][et_pb_section fb_built=&#8221;1&#8243; _builder_version=&#8221;3.22&#8243;][et_pb_row _builder_version=&#8221;3.25&#8243; background_size=&#8221;initial&#8221; background_position=&#8221;top_left&#8221; background_repeat=&#8221;repeat&#8221;][et_pb_column type=&#8221;4_4&#8243; _builder_version=&#8221;3.25&#8243; custom_padding=&#8221;|||&#8221; custom_padding__hover=&#8221;|||&#8221;][et_pb_text _builder_version=&#8221;3.27.4&#8243; text_font=&#8221;Abel||||||||&#8221; text_font_size=&#8221;20px&#8221; header_font=&#8221;||||||||&#8221; custom_margin=&#8221;||80px|&#8221;]<strong>\u00abPour voir plus de nos projets, ou des portefeuilles de projets sp\u00e9cifiques, contactez-nous, afin que nous organisions une r\u00e9union au cours de laquelle nous vous montrerons l&#8217;ensemble de notre portefeuille, ou nous pouvons vous envoyer des projets sp\u00e9cifiques qui r\u00e9pondent \u00e0 vos besoins, nos conceptions le font pas n\u00e9cessairement pr\u00e9senter nos go\u00fbts en mati\u00e8re de design, nous concevons ce que les clients pr\u00e9f\u00e8rent apr\u00e8s quelques discussions sur le concept.\u00a0\u00bb<\/strong>[\/et_pb_text][et_pb_filterable_portfolio fullwidth=&#8221;off&#8221; posts_number=&#8221;12&#8243; show_pagination=&#8221;off&#8221; _builder_version=&#8221;3.0.47&#8243; background_size=&#8221;initial&#8221; background_position=&#8221;top_left&#8221; background_repeat=&#8221;repeat&#8221;][\/et_pb_filterable_portfolio][\/et_pb_column][\/et_pb_row][\/et_pb_section][et_pb_section fb_built=&#8221;1&#8243; _builder_version=&#8221;3.22&#8243; background_color=&#8221;#30b1b9&#8243; background_image=&#8221;https:\/\/www.webdono.com\/fr\/wp-content\/uploads\/2017\/11\/contact-us-webdono.png&#8221; parallax=&#8221;on&#8221;][et_pb_row _builder_version=&#8221;3.25&#8243; background_size=&#8221;initial&#8221; background_position=&#8221;top_left&#8221; background_repeat=&#8221;repeat&#8221; custom_padding=&#8221;27px|0px|0px|0px&#8221; column_structure=&#8221;1_3,1_3,1_3&#8243;][et_pb_column type=&#8221;1_3&#8243; _builder_version=&#8221;3.25&#8243; custom_padding=&#8221;|||&#8221; custom_padding__hover=&#8221;|||&#8221;][et_pb_blurb title=&#8221;+212 (0)6 24 40 63 95&#8243; image=&#8221;https:\/\/www.webdono.com\/fr\/wp-content\/uploads\/2017\/11\/whatsapp-1.png&#8221; icon_placement=&#8221;left&#8221; image_max_width=&#8221;none&#8221; _builder_version=&#8221;3.0.74&#8243; header_font=&#8221;Abel||||&#8221; header_font_size=&#8221;26px&#8221; background_layout=&#8221;dark&#8221;][\/et_pb_blurb][\/et_pb_column][et_pb_column type=&#8221;1_3&#8243; _builder_version=&#8221;3.25&#8243; custom_padding=&#8221;|||&#8221; custom_padding__hover=&#8221;|||&#8221;][et_pb_blurb title=&#8221;contact@webdono.com&#8221; use_icon=&#8221;on&#8221; font_icon=&#8221;%%109%%&#8221; icon_color=&#8221;#18b4bc&#8221; icon_placement=&#8221;left&#8221; use_icon_font_size=&#8221;on&#8221; icon_font_size=&#8221;28px&#8221; _builder_version=&#8221;3.0.89&#8243; header_font=&#8221;Abel||||&#8221; header_font_size=&#8221;26px&#8221; background_layout=&#8221;dark&#8221;][\/et_pb_blurb][\/et_pb_column][et_pb_column type=&#8221;1_3&#8243; _builder_version=&#8221;3.25&#8243; custom_padding=&#8221;|||&#8221; custom_padding__hover=&#8221;|||&#8221;][et_pb_blurb title=&#8221;+212 (0)6 24 40 63 95&#8243; use_icon=&#8221;on&#8221; font_icon=&#8221;%%264%%&#8221; icon_color=&#8221;#18b4bc&#8221; icon_placement=&#8221;left&#8221; use_icon_font_size=&#8221;on&#8221; icon_font_size=&#8221;28px&#8221; _builder_version=&#8221;3.0.74&#8243; header_font=&#8221;Abel||||&#8221; header_font_size=&#8221;24px&#8221; background_layout=&#8221;dark&#8221;][\/et_pb_blurb][\/et_pb_column][\/et_pb_row][et_pb_row _builder_version=&#8221;3.25&#8243; custom_padding=&#8221;27px|0px|58px|0px&#8221;][et_pb_column type=&#8221;4_4&#8243; _builder_version=&#8221;3.25&#8243; custom_padding=&#8221;|||&#8221; custom_padding__hover=&#8221;|||&#8221;][et_pb_cta title=&#8221; Int\u00e9ress\u00e9s \u00e0 travailler sur un projet? Contactez nous &#8221; button_url=&#8221;https:\/\/www.webdono.com\/fr\/contact-us\/&#8221; button_text=&#8221;Nous contacter&#8221; _builder_version=&#8221;3.16&#8243; use_background_color=&#8221;off&#8221; background_size=&#8221;initial&#8221; background_position=&#8221;top_left&#8221; background_repeat=&#8221;repeat&#8221; custom_margin=&#8221;|||&#8221; custom_padding=&#8221;40px|||&#8221; button_text_size__hover_enabled=&#8221;off&#8221; button_one_text_size__hover_enabled=&#8221;off&#8221; button_two_text_size__hover_enabled=&#8221;off&#8221; button_text_color__hover_enabled=&#8221;off&#8221; button_one_text_color__hover_enabled=&#8221;off&#8221; button_two_text_color__hover_enabled=&#8221;off&#8221; button_border_width__hover_enabled=&#8221;off&#8221; button_one_border_width__hover_enabled=&#8221;off&#8221; button_two_border_width__hover_enabled=&#8221;off&#8221; button_border_color__hover_enabled=&#8221;off&#8221; button_one_border_color__hover_enabled=&#8221;off&#8221; button_two_border_color__hover_enabled=&#8221;off&#8221; button_border_radius__hover_enabled=&#8221;off&#8221; button_one_border_radius__hover_enabled=&#8221;off&#8221; button_two_border_radius__hover_enabled=&#8221;off&#8221; button_letter_spacing__hover_enabled=&#8221;off&#8221; button_one_letter_spacing__hover_enabled=&#8221;off&#8221; button_two_letter_spacing__hover_enabled=&#8221;off&#8221; button_bg_color__hover_enabled=&#8221;off&#8221; button_one_bg_color__hover_enabled=&#8221;off&#8221; button_two_bg_color__hover_enabled=&#8221;off&#8221;][\/et_pb_cta][\/et_pb_column][\/et_pb_row][\/et_pb_section]<\/p>\n","protected":false},"excerpt":{"rendered":"<p>\u00abPour voir plus de nos projets, ou des portefeuilles de projets sp\u00e9cifiques, contactez-nous, afin que nous organisions une r\u00e9union au cours de laquelle nous vous montrerons l&#8217;ensemble de notre portefeuille, ou nous pouvons vous envoyer des projets sp\u00e9cifiques qui r\u00e9pondent \u00e0 vos besoins, nos conceptions le font pas n\u00e9cessairement pr\u00e9senter nos go\u00fbts en mati\u00e8re de [&hellip;]<\/p>\n","protected":false},"author":1,"featured_media":0,"parent":0,"menu_order":0,"comment_status":"closed","ping_status":"closed","template":"","meta":{"_et_pb_use_builder":"on","_et_pb_old_content":"","_et_gb_content_width":"","_joinchat":[],"footnotes":""},"class_list":["post-6836","page","type-page","status-publish","hentry"],"_links":{"self":[{"href":"https:\/\/www.webdono.com\/fr\/wp-json\/wp\/v2\/pages\/6836","targetHints":{"allow":["GET"]}}],"collection":[{"href":"https:\/\/www.webdono.com\/fr\/wp-json\/wp\/v2\/pages"}],"about":[{"href":"https:\/\/www.webdono.com\/fr\/wp-json\/wp\/v2\/types\/page"}],"author":[{"embeddable":true,"href":"https:\/\/www.webdono.com\/fr\/wp-json\/wp\/v2\/users\/1"}],"replies":[{"embeddable":true,"href":"https:\/\/www.webdono.com\/fr\/wp-json\/wp\/v2\/comments?post=6836"}],"version-history":[{"count":2,"href":"https:\/\/www.webdono.com\/fr\/wp-json\/wp\/v2\/pages\/6836\/revisions"}],"predecessor-version":[{"id":31056,"href":"https:\/\/www.webdono.com\/fr\/wp-json\/wp\/v2\/pages\/6836\/revisions\/31056"}],"wp:attachment":[{"href":"https:\/\/www.webdono.com\/fr\/wp-json\/wp\/v2\/media?parent=6836"}],"curies":[{"name":"wp","href":"https:\/\/api.w.org\/{rel}","templated":true}]}}