{"id":6834,"date":"2020-12-01T18:00:25","date_gmt":"2020-12-01T18:00:25","guid":{"rendered":"https:\/\/www.webdono.com\/nous-contacter\/"},"modified":"2020-12-01T18:00:26","modified_gmt":"2020-12-01T18:00:26","slug":"nous-contacter","status":"publish","type":"page","link":"https:\/\/www.webdono.com\/fr\/nous-contacter\/","title":{"rendered":"NOUS CONTACTER"},"content":{"rendered":"<p>[et_pb_section fb_built=&#8221;1&#8243; fullwidth=&#8221;on&#8221; _builder_version=&#8221;3.0.59&#8243;][et_pb_fullwidth_header title=&#8221;Nous contacter&#8221; subhead=&#8221;Nous avons h\u00e2te d&#8217;avoir de vos nouvelles. Nous sommes fiers du temps de r\u00e9ponse rapide \u00e0 toutes les demandes.&#8221; background_layout=&#8221;dark&#8221; text_orientation=&#8221;center&#8221; header_scroll_down=&#8221;on&#8221; scroll_down_icon=&#8221;%%1%%&#8221; button_one_text=&#8221;Nos services&#8221; button_one_url=&#8221;https:\/\/www.webdono.com\/fr\/services\/&#8221; button_two_text=&#8221;Notre portefeuille&#8221; button_two_url=&#8221;https:\/\/www.webdono.com\/fr\/portfolio\/&#8221; _builder_version=&#8221;3.0.89&#8243; title_font=&#8221;|on||on|&#8221; title_font_size=&#8221;46px&#8221; background_image=&#8221;https:\/\/www.webdono.com\/fr\/wp-content\/uploads\/2017\/11\/contact-us-webdono.png&#8221;][\/et_pb_fullwidth_header][\/et_pb_section][et_pb_section fb_built=&#8221;1&#8243; _builder_version=&#8221;3.0.47&#8243;][et_pb_row _builder_version=&#8221;3.0.47&#8243; background_size=&#8221;initial&#8221; background_position=&#8221;top_left&#8221; background_repeat=&#8221;repeat&#8221;][et_pb_column type=&#8221;3_4&#8243; _builder_version=&#8221;3.0.47&#8243; parallax=&#8221;off&#8221; parallax_method=&#8221;on&#8221;][et_pb_text _builder_version=&#8221;3.0.89&#8243;]<strong>Nous attendons de vos nouvelles, et nous sommes fiers de notre temps de r\u00e9ponse \u00e0 toute question, et sur de nombreuses plates-formes diff\u00e9rentes, vous pouvez nous trouver sur WhatsApp 24\/7, ou vous pouvez nous contacter sur Facebook, en plus, vous pouvez remplissez le formulaire ci-dessous. Vous avez juste besoin de nous parler de votre entreprise et nous nous occuperons de tout le reste, nous cr\u00e9erons une pr\u00e9sentation parfaite pour vos clients\u00a0! Choisissez simplement le nom de votre site Web et nous l&#8217;enregistrerons, et si vous recherchez le meilleur r\u00e9f\u00e9rencement pour que votre site Web soit trouv\u00e9 facilement sur les moteurs de recherche, c&#8217;est aussi notre m\u00e9tier. Tout ce dont vous avez besoin de nos services, nous sommes pr\u00eats.<\/strong><br \/>\n[\/et_pb_text][\/et_pb_column][et_pb_column type=&#8221;1_4&#8243; _builder_version=&#8221;3.0.47&#8243; parallax=&#8221;off&#8221; parallax_method=&#8221;on&#8221;][et_pb_social_media_follow follow_button=&#8221;on&#8221; _builder_version=&#8221;3.0.59&#8243;][et_pb_social_media_follow_network social_network=&#8221;facebook&#8221; url=&#8221;https:\/\/www.facebook.com\/webdono&#8221; _builder_version=&#8221;3.0.59&#8243; background_color=&#8221;#3b5998&#8243; bg_color=&#8221;#3b5998&#8243; follow_button=&#8221;on&#8221; url_new_window=&#8221;on&#8221;]facebook[\/et_pb_social_media_follow_network][et_pb_social_media_follow_network social_network=&#8221;instagram&#8221; url=&#8221;https:\/\/www.instagram.com\/webdono&#8221; _builder_version=&#8221;3.0.59&#8243; background_color=&#8221;#517fa4&#8243; bg_color=&#8221;#517fa4&#8243; follow_button=&#8221;on&#8221; url_new_window=&#8221;on&#8221;]instagram[\/et_pb_social_media_follow_network][et_pb_social_media_follow_network social_network=&#8221;youtube&#8221; url=&#8221;https:\/\/www.youtube.com\/channel\/UCyGN9qFTToIcQIoW_ti00KA&#8221; _builder_version=&#8221;3.0.59&#8243; background_color=&#8221;#a82400&#8243; bg_color=&#8221;#a82400&#8243; follow_button=&#8221;on&#8221; url_new_window=&#8221;on&#8221;]youtube[\/et_pb_social_media_follow_network][\/et_pb_social_media_follow][\/et_pb_column][\/et_pb_row][et_pb_row _builder_version=&#8221;3.0.47&#8243; background_size=&#8221;initial&#8221; background_position=&#8221;top_left&#8221; background_repeat=&#8221;repeat&#8221;][et_pb_column type=&#8221;1_3&#8243; _builder_version=&#8221;3.0.47&#8243; parallax=&#8221;off&#8221; parallax_method=&#8221;on&#8221;][et_pb_blurb title=&#8221;+212 (0)6 24 40 63 95&#8243; use_icon=&#8221;on&#8221; font_icon=&#8221;%%264%%&#8221; icon_color=&#8221;#18b4bc&#8221; icon_placement=&#8221;left&#8221; _builder_version=&#8221;3.0.59&#8243; header_font=&#8221;Abel||||&#8221; header_font_size=&#8221;24px&#8221;][\/et_pb_blurb][\/et_pb_column][et_pb_column type=&#8221;1_3&#8243; _builder_version=&#8221;3.0.47&#8243; parallax=&#8221;off&#8221; parallax_method=&#8221;on&#8221;][et_pb_blurb title=&#8221;contact@webdono.com&#8221; use_icon=&#8221;on&#8221; font_icon=&#8221;%%109%%&#8221; icon_color=&#8221;#18b4bc&#8221; icon_placement=&#8221;left&#8221; _builder_version=&#8221;3.0.59&#8243; header_font=&#8221;Abel||||&#8221; header_font_size=&#8221;26px&#8221;][\/et_pb_blurb][\/et_pb_column][et_pb_column type=&#8221;1_3&#8243; _builder_version=&#8221;3.0.47&#8243; parallax=&#8221;off&#8221; parallax_method=&#8221;on&#8221;][et_pb_blurb title=&#8221;+212 (0)6 24 40 63 95&#8243; icon_color=&#8221;#18b4bc&#8221; image=&#8221;https:\/\/www.webdono.com\/fr\/wp-content\/uploads\/2017\/11\/whatsapp-1.png&#8221; icon_placement=&#8221;left&#8221; _builder_version=&#8221;3.0.59&#8243; header_font=&#8221;Abel||||&#8221; header_font_size=&#8221;26px&#8221;][\/et_pb_blurb][\/et_pb_column][\/et_pb_row][et_pb_row custom_padding=&#8221;69px|0px|27px|0px&#8221; _builder_version=&#8221;3.0.59&#8243;][et_pb_column type=&#8221;4_4&#8243; _builder_version=&#8221;3.0.47&#8243; parallax=&#8221;off&#8221; parallax_method=&#8221;on&#8221;][et_pb_contact_form captcha=&#8221;off&#8221; email=&#8221;contact@webdono.com&#8221; title=&#8221;Les champs avec (*) sont obligatoires&#8221; success_message=&#8221;Merci de nous avoir contact\u00e9, je vous r\u00e9pondrai bient\u00f4t, veuillez v\u00e9rifier votre courrier \u00e9lectronique pour notre rediffusion.&#8221; form_background_color=&#8221;rgba(24,180,188,0.51)&#8221; module_id=&#8221;et_pb_contact_form_0&#8243; _builder_version=&#8221;3.0.89&#8243; title_font=&#8221;Abel||||&#8221; title_font_size=&#8221;16px&#8221; form_field_text_color=&#8221;#000000&#8243; custom_button=&#8221;on&#8221; button_text_color=&#8221;#18b4bc&#8221;][et_pb_contact_field field_id=&#8221;Name&#8221; field_title=&#8221;Nom&#8221; _builder_version=&#8221;3.0.47&#8243; border_radii=&#8221;on||||&#8221;][\/et_pb_contact_field][et_pb_contact_field field_id=&#8221;Phone&#8221; field_title=&#8221;Phone&#8221; allowed_symbols=&#8221;numbers&#8221; required_mark=&#8221;off&#8221; _builder_version=&#8221;3.0.47&#8243; border_radii=&#8221;on||||&#8221;][\/et_pb_contact_field][et_pb_contact_field field_id=&#8221;Email&#8221; field_title=&#8221;Adresse Email&#8221; field_type=&#8221;email&#8221; _builder_version=&#8221;3.0.89&#8243; border_radii=&#8221;on||||&#8221;][\/et_pb_contact_field][et_pb_contact_field field_id=&#8221;Subject&#8221; field_title=&#8221;Sujet&#8221; required_mark=&#8221;off&#8221; _builder_version=&#8221;3.0.89&#8243;][\/et_pb_contact_field][et_pb_contact_field field_id=&#8221;Message&#8221; field_title=&#8221;Message*&#8221; field_type=&#8221;text&#8221; fullwidth_field=&#8221;on&#8221; _builder_version=&#8221;3.0.47&#8243; border_radii=&#8221;on||||&#8221;][\/et_pb_contact_field][\/et_pb_contact_form][\/et_pb_column][\/et_pb_row][\/et_pb_section]<\/p>\n","protected":false},"excerpt":{"rendered":"<p>Nous attendons de vos nouvelles, et nous sommes fiers de notre temps de r\u00e9ponse \u00e0 toute question, et sur de nombreuses plates-formes diff\u00e9rentes, vous pouvez nous trouver sur WhatsApp 24\/7, ou vous pouvez nous contacter sur Facebook, en plus, vous pouvez remplissez le formulaire ci-dessous. Vous avez juste besoin de nous parler de votre entreprise [&hellip;]<\/p>\n","protected":false},"author":1,"featured_media":0,"parent":0,"menu_order":0,"comment_status":"closed","ping_status":"closed","template":"","meta":{"_et_pb_use_builder":"on","_et_pb_old_content":"","_et_gb_content_width":"","_joinchat":[],"footnotes":""},"class_list":["post-6834","page","type-page","status-publish","hentry"],"_links":{"self":[{"href":"https:\/\/www.webdono.com\/fr\/wp-json\/wp\/v2\/pages\/6834","targetHints":{"allow":["GET"]}}],"collection":[{"href":"https:\/\/www.webdono.com\/fr\/wp-json\/wp\/v2\/pages"}],"about":[{"href":"https:\/\/www.webdono.com\/fr\/wp-json\/wp\/v2\/types\/page"}],"author":[{"embeddable":true,"href":"https:\/\/www.webdono.com\/fr\/wp-json\/wp\/v2\/users\/1"}],"replies":[{"embeddable":true,"href":"https:\/\/www.webdono.com\/fr\/wp-json\/wp\/v2\/comments?post=6834"}],"version-history":[{"count":1,"href":"https:\/\/www.webdono.com\/fr\/wp-json\/wp\/v2\/pages\/6834\/revisions"}],"predecessor-version":[{"id":6835,"href":"https:\/\/www.webdono.com\/fr\/wp-json\/wp\/v2\/pages\/6834\/revisions\/6835"}],"wp:attachment":[{"href":"https:\/\/www.webdono.com\/fr\/wp-json\/wp\/v2\/media?parent=6834"}],"curies":[{"name":"wp","href":"https:\/\/api.w.org\/{rel}","templated":true}]}}