{"id":31252,"date":"2022-02-16T13:50:55","date_gmt":"2022-02-16T13:50:55","guid":{"rendered":"https:\/\/www.webdono.com\/site-de-portefeuille\/"},"modified":"2022-02-16T13:50:56","modified_gmt":"2022-02-16T13:50:56","slug":"site-de-portefeuille","status":"publish","type":"page","link":"https:\/\/www.webdono.com\/fr\/site-de-portefeuille\/","title":{"rendered":"Site de Portefeuille"},"content":{"rendered":"<p>[et_pb_section fb_built=&#8221;1&#8243; fullwidth=&#8221;on&#8221; _builder_version=&#8221;4.9.9&#8243; _module_preset=&#8221;default&#8221; custom_margin=&#8221;0px||||false|false&#8221; custom_padding=&#8221;0px||||false|false&#8221; locked=&#8221;off&#8221;][et_pb_fullwidth_header _builder_version=&#8221;4.9.9&#8243; _module_preset=&#8221;default&#8221; background_image=&#8221;https:\/\/www.webdono.com\/fr\/wp-content\/uploads\/2021\/03\/globtech-layout.jpg&#8221; custom_padding=&#8221;200px||200px||true|false&#8221; hover_enabled=&#8221;0&#8243; title_text=&#8221;globtech-layout&#8221; background_blend=&#8221;multiply&#8221; background_color=&#8221;#262C38&#8243; sticky_enabled=&#8221;0&#8243; title=&#8221;@ET-DC@eyJkeW5hbWljIjp0cnVlLCJjb250ZW50IjoicG9zdF90aXRsZSIsInNldHRpbmdzIjp7ImJlZm9yZSI6IiIsImFmdGVyIjoiIn19@&#8221; _dynamic_attributes=&#8221;title&#8221; title_font=&#8221;|||on|||||&#8221; title_font_size=&#8221;60px&#8221;][\/et_pb_fullwidth_header][\/et_pb_section][et_pb_section fb_built=&#8221;1&#8243; _builder_version=&#8221;4.9.2&#8243; _module_preset=&#8221;default&#8221; locked=&#8221;off&#8221;][et_pb_row _builder_version=&#8221;4.9.2&#8243; _module_preset=&#8221;default&#8221;][et_pb_column type=&#8221;4_4&#8243; _builder_version=&#8221;4.9.2&#8243; _module_preset=&#8221;default&#8221;][et_pb_text _builder_version=&#8221;4.9.2&#8243; _module_preset=&#8221;default&#8221; header_2_font=&#8221;|||on|||||&#8221; header_3_text_color=&#8221;#1FD7E0&#8243;]La cr\u00e9ation d&#8217;un site Web est l&#8217;une des \u00e9tapes les plus importantes que vous puissiez franchir pour l&#8217;avenir de votre marque ou de votre entreprise. Quel que soit le type d&#8217;entreprise que vous dirigez ou les services que vous proposez, la cr\u00e9ation d&#8217;un site Web vous aidera \u00e0 attirer plus de clients et \u00e0 g\u00e9n\u00e9rer des ventes, tout en faisant conna\u00eetre votre marque. Ceci est particuli\u00e8rement important aujourd&#8217;hui, compte tenu de la taille et de l&#8217;\u00e9tendue d&#8217;Internet. Le m\u00e9dia Internet a surpass\u00e9 tous les autres m\u00e9dias physiques et num\u00e9riques lorsqu&#8217;il s&#8217;agit d&#8217;atteindre le plus grand public et d&#8217;avoir le plus d&#8217;impact. Cela revient au fait qu&#8217;Internet est un moyen pratique et rapide d&#8217;acc\u00e9der \u00e0 des informations et \u00e0 des divertissements \u00e0 moindre co\u00fbt.<\/p>\n<p>Aujourd&#8217;hui, Internet ouvre un monde d&#8217;opportunit\u00e9s aux gens dans le confort de leur propre canap\u00e9, ce qui n&#8217;\u00e9tait pas possible auparavant. L&#8217;impact d&#8217;Internet s&#8217;\u00e9tend bien au-del\u00e0 du simple divertissement et atteint le domaine des affaires. C&#8217;est une excellente nouvelle pour les propri\u00e9taires d&#8217;entreprises de marques, car ils peuvent d\u00e9sormais am\u00e9liorer leur travail et le diffuser sur le World Wide Web pour atteindre un public plus large. Cela a permis \u00e0 de nombreuses industries de conna\u00eetre un boom des affaires et une croissance au-del\u00e0 de ce qui \u00e9tait auparavant raisonnable.<\/p>\n<p>Cela signifie pour toute personne souhaitant faire des affaires, qu&#8217;elle doit marquer sa pr\u00e9sence en ligne via un site Web, ce qui permettra aux clients potentiels de les conna\u00eetre et de traiter facilement avec eux. Cela ne profite pas uniquement aux entreprises physiques, mais \u00e9galement aux particuliers qui cherchent \u00e0 \u00e9changer des biens et des services. Diff\u00e9rents types de sites Web peuvent \u00eatre cr\u00e9\u00e9s pour r\u00e9pondre aux besoins de diff\u00e9rents mod\u00e8les commerciaux, notamment un site Web de portefeuille.<\/p>\n<p>Qu&#8217;est-ce qu&#8217;un site Web de portefeuille?<\/p>\n<p>&nbsp;<\/p>\n<p>Avant d&#8217;en venir \u00e0 ce qu&#8217;est un site Web de portefeuille, parlons d&#8217;abord de ce qu&#8217;est un portefeuille. Un portfolio est une collection de ses meilleurs travaux et projets professionnels qu&#8217;il pr\u00e9sente aux futurs employeurs potentiels dans le but d&#8217;\u00eatre embauch\u00e9. Les portfolios fonctionnent mieux pour les travaux cr\u00e9atifs tels que l&#8217;\u00e9criture, la conception, la photographie, etc. Un portfolio est le meilleur moyen de pr\u00e9senter vos travaux pr\u00e9c\u00e9dents aux employeurs pour leur prouver que vous \u00eates apte au travail.<\/p>\n<p>Maintenant, prenez ce que nous venons de dire \u00e0 propos d&#8217;un portfolio et projetez-le sur un espace en ligne, et vous obtenez un joli site Web de portfolio professionnel ! Comme son nom l&#8217;indique, un site portfolio est un site d\u00e9di\u00e9 \u00e0 la mise en valeur de votre travail professionnel et de vos projets ant\u00e9rieurs. Les professionnels de la cr\u00e9ation tels que les \u00e9crivains, les graphistes, les photographes, les vid\u00e9astes (et toute personne travaillant \u00e0 la pige) utilisent ce type de site Web pour se faire un nom dans leurs secteurs respectifs. Un site Web de portfolio est leur fa\u00e7on de dire au monde : Voici qui je suis, voici ce que je peux faire, alors engagez-moi.<\/p>\n<p>Un site Web de portfolio est le meilleur moyen pour vous, en tant que professionnel \u00e0 la recherche d&#8217;un emploi, de montrer au monde de quoi vous \u00eates capable, \u00e0 quel point vous pouvez \u00eatre polyvalent et \u00e0 quel point le travail que vous pouvez pr\u00e9senter est de qualit\u00e9. Bien s\u00fbr, vous pouvez faire toutes ces choses gr\u00e2ce \u00e0 un CV \u00e0 l&#8217;ancienne ou \u00e0 un portefeuille r\u00e9gulier, mais vous devez garder \u00e0 l&#8217;esprit que les entreprises font tout num\u00e9riquement de nos jours, m\u00eame lorsqu&#8217;il s&#8217;agit d&#8217;embaucher et de rechercher des partenaires de projet potentiels.<\/p>\n<p>&nbsp;<\/p>\n<p>Le but d&#8217;un site de portfolio<\/p>\n<p>&nbsp;<\/p>\n<p>Pour les professionnels qualifi\u00e9s et les pigistes dans tous les domaines (photographie, conception, d\u00e9veloppement Web, r\u00e9daction, etc.) et les agences offrant des services cr\u00e9atifs, un site Web de portefeuille est un \u00e9l\u00e9ment essentiel de l&#8217;entreprise pour de nombreuses raisons. Votre site Web de portefeuille sera la galerie en ligne o\u00f9 vous pourrez pr\u00e9senter aux futurs employeurs et partenaires vos capacit\u00e9s et domaines d&#8217;expertise, bien mieux que n&#8217;importe quel CV. Cela montrerait aux clients votre professionnalisme et votre d\u00e9vouement \u00e0 votre m\u00e9tier, tout en leur donnant un aper\u00e7u de vos exp\u00e9riences professionnelles pr\u00e9c\u00e9dentes. Vous pouvez vous en tenir aux CV traditionnels ou aux sites Web d&#8217;emploi, mais rien ne dit mieux que &#8220;je suis un professionnel s\u00e9rieux&#8221; que d&#8217;avoir votre propre site Web.<\/p>\n<p>Un site Web de portfolio ne doit pas n\u00e9cessairement contenir UNIQUEMENT votre exp\u00e9rience professionnelle et les projets sur lesquels vous avez d\u00e9j\u00e0 travaill\u00e9. \u00c9tant donn\u00e9 que le site Web vous appartient et qu&#8217;il vous appartient uniquement, vous pouvez ajouter des articles de blog et d&#8217;autres m\u00e9dias de votre choix, partager des histoires personnelles ou\u00a0des opinions personnelles\u00a0que vous jugez pertinentes\u00a0pour votre domaine de travail. Dans la plupart des cas, les clients non corporatifs cherchent \u00e0 embaucher quelqu&#8217;un qui ressemble \u00e0 un \u00eatre humain d\u00e9cent avant d&#8217;envisager une exp\u00e9rience professionnelle. Assurez-vous que votre site Web de portefeuille peut refl\u00e9ter quelques parties personnelles de vous ou ce que vous repr\u00e9sentez en tant qu&#8217;agence.<\/p>\n<p>En outre, un site Web de portefeuille peut \u00eatre un moyen pour vous de partager vos id\u00e9es innovantes avec le monde. Cela vous nomme ma\u00eetre de votre m\u00e9tier tout en permettant aux autres de s&#8217;inspirer de vos nouvelles id\u00e9es, vous rendant encore plus v\u00e9n\u00e9r\u00e9 et respect\u00e9 dans votre domaine.[\/et_pb_text][\/et_pb_column][\/et_pb_row][\/et_pb_section][et_pb_section fb_built=&#8221;1&#8243; _builder_version=&#8221;4.9.9&#8243; _module_preset=&#8221;default&#8221; custom_padding=&#8221;0px||0px||false|false&#8221; locked=&#8221;off&#8221;][et_pb_row _builder_version=&#8221;4.9.9&#8243; _module_preset=&#8221;default&#8221; width=&#8221;100%&#8221; max_width=&#8221;100%&#8221; module_alignment=&#8221;center&#8221; custom_padding=&#8221;0px||0px||false|false&#8221;][et_pb_column type=&#8221;4_4&#8243; _builder_version=&#8221;4.9.9&#8243; _module_preset=&#8221;default&#8221;][et_pb_cta title=&#8221;Vous Pensez \u00e0 Un Projet?&#8221; button_url=&#8221;https:\/\/www.webdono.com\/fr\/fr\/nous-contacter\/&#8221; button_text=&#8221;Nous contacter&#8221; _builder_version=&#8221;4.9.9&#8243; _module_preset=&#8221;default&#8221; header_font=&#8221;|700||on|||||&#8221; background_enable_color=&#8221;off&#8221; background_image=&#8221;https:\/\/www.webdono.com\/fr\/wp-content\/uploads\/2017\/10\/services.jpg&#8221; parallax=&#8221;on&#8221; parallax_method=&#8221;off&#8221; custom_button=&#8221;on&#8221; button_text_color=&#8221;#000000&#8243; button_bg_color=&#8221;#FFFFFF&#8221; button_border_width=&#8221;0px&#8221; custom_padding=&#8221;100px||100px||true|false&#8221; header_text_shadow_style=&#8221;preset3&#8243; header_text_shadow_color=&#8221;#000000&#8243; button_text_color__hover_enabled=&#8221;on|hover&#8221; button_text_color__hover=&#8221;#FFFFFF&#8221; button_bg_color__hover_enabled=&#8221;on|hover&#8221; button_bg_color__hover=&#8221;#1FD7E0&#8243; button_bg_enable_color__hover=&#8221;on&#8221;][\/et_pb_cta][\/et_pb_column][\/et_pb_row][\/et_pb_section][et_pb_section fb_built=&#8221;1&#8243; _builder_version=&#8221;4.9.9&#8243; _module_preset=&#8221;default&#8221;][et_pb_row _builder_version=&#8221;4.9.9&#8243; _module_preset=&#8221;default&#8221;][et_pb_column type=&#8221;4_4&#8243; _builder_version=&#8221;4.9.9&#8243; _module_preset=&#8221;default&#8221;][et_pb_text _builder_version=&#8221;4.9.2&#8243; _module_preset=&#8221;default&#8221; header_2_font=&#8221;|||on|||||&#8221; header_3_text_color=&#8221;#1FD7E0&#8243;]<\/p>\n<h2 style=\"text-align: justify;\">\u00c9l\u00e9ments que votre site Web de portefeuille devrait inclure<\/h2>\n<h3 style=\"text-align: justify;\"><\/h3>\n<h3 style=\"text-align: justify;\">Vos informations professionnelles<\/h3>\n<p style=\"text-align: justify;\">Votre site Web de portfolio devrait inclure une section sur vos informations professionnelles, un peu comme un CV. Cela peut signifier des choses sur le parcours acad\u00e9mique, les certifications pertinentes, les employeurs pr\u00e9c\u00e9dents importants, etc. Assurez-vous d&#8217;ajouter des informations pertinentes \u00e0 tous ces \u00e9l\u00e9ments, tels que les dates et les noms des institutions.<\/p>\n<h3 style=\"text-align: justify;\">Travaux pr\u00e9c\u00e9dents<\/h3>\n<p style=\"text-align: justify;\">En clair, le but d&#8217;un site portfolio est de mettre en valeur vos pr\u00e9c\u00e9dents projets professionnels. Ceux-ci doivent \u00eatre faciles \u00e0 trouver, plac\u00e9s au premier plan de votre site Web.<\/p>\n<h3 style=\"text-align: justify;\">Visuels de haute qualit\u00e9<\/h3>\n<p style=\"text-align: justify;\">Accompagnez vos projets pr\u00e9c\u00e9dents d&#8217;un ensemble de visuels assortis prouvant aux futurs clients la qualit\u00e9 de votre travail. Il peut s&#8217;agir d&#8217;images documentant le processus, capturant les r\u00e9sultats finaux ou de captures d&#8217;\u00e9cran si vous travaillez sur des projets num\u00e9riques.<\/p>\n<h3 style=\"text-align: justify;\">Un appel \u00e0 l&#8217;action<\/h3>\n<p style=\"text-align: justify;\">Un fort appel \u00e0 l&#8217;action est n\u00e9cessaire pour votre site Web de portefeuille. Vous voulez que les personnes qui arrivent sur votre site Web vous contactent ou vous embauchent, n&#8217;est-ce pas\u00a0? Attirez-les avec un appel \u00e0 l&#8217;action convaincant sur la page d&#8217;accueil.<\/p>\n<h3 style=\"text-align: justify;\">Informations de contact<\/h3>\n<p>Une autre caract\u00e9ristique importante qui doit \u00eatre incluse dans un endroit clair et facile \u00e0 trouver dans votre site Web de portefeuille est vos coordonn\u00e9es. C&#8217;est le moyen le plus simple pour les futurs clients de vous joindre et donc de vous embaucher.<\/p>\n<h3>T\u00e9moignages<\/h3>\n<p>&nbsp;<\/p>\n<p style=\"text-align: justify;\">Parall\u00e8lement \u00e0 votre projet pr\u00e9c\u00e9dent, la meilleure fa\u00e7on de prouver la qualit\u00e9 de votre travail aux employeurs est de t\u00e9moigner. Essayez de demander \u00e0 chaque client de laisser un t\u00e9moignage sur la fa\u00e7on dont il a aim\u00e9 travailler avec vous et compilez tous ceux-ci \u00e0 ajouter \u00e0 votre site Web.<\/p>\n<p style=\"text-align: center;\"><em><strong>Ce sont les tenants et les aboutissants d&#8217;un site Web de portefeuille que vous devez conna\u00eetre en tant qu&#8217;ind\u00e9pendant ou en tant qu&#8217;agence de services. Ce type de site Web vous permettra de montrer au monde ce dont vous \u00eates capable, attirant ainsi davantage de clients commerciaux. Pour cr\u00e9er votre propre site Web de portefeuille d\u00e8s aujourd&#8217;hui, contactez-nous\u00a0ici\u00a0ou consultez\u00a0nos offres.<\/strong><\/em><\/p>\n<p style=\"text-align: justify;\"><strong><em>\u00a0<\/em><\/strong><\/p>\n<p>[\/et_pb_text][\/et_pb_column][\/et_pb_row][\/et_pb_section][et_pb_section fb_built=&#8221;1&#8243; prev_background_color=&#8221;#ffffff&#8221; _builder_version=&#8221;4.9.9&#8243; _module_preset=&#8221;default&#8221; background_color=&#8221;#262C38&#8243; background_image=&#8221;https:\/\/www.webdono.com\/fr\/wp-content\/uploads\/2019\/05\/clients-bg.jpg&#8221; background_blend=&#8221;soft-light&#8221; custom_padding=&#8221;65px||65px||true|&#8221; top_divider_style=&#8221;triangle&#8221; top_divider_height=&#8221;60px&#8221; top_divider_flip=&#8221;vertical&#8221; locked=&#8221;off&#8221;][et_pb_row _builder_version=&#8221;4.9.9&#8243; _module_preset=&#8221;default&#8221;][et_pb_column type=&#8221;4_4&#8243; _builder_version=&#8221;4.9.9&#8243; _module_preset=&#8221;default&#8221;][et_pb_text _builder_version=&#8221;4.9.9&#8243; _module_preset=&#8221;default&#8221; header_text_align=&#8221;center&#8221; header_text_color=&#8221;#FFFFFF&#8221; header_font_size=&#8221;40px&#8221;]<\/p>\n<h1><span class=\"VIiyi\" lang=\"fr\"><span class=\"JLqJ4b ChMk0b\" data-language-for-alternatives=\"fr\" data-language-to-translate-into=\"en\" data-phrase-index=\"0\">Pr\u00eat \u00e0 d\u00e9marrer votre projet ?<\/span><\/span><\/h1>\n<p>[\/et_pb_text][et_pb_text _builder_version=&#8221;4.9.9&#8243; _module_preset=&#8221;default&#8221; header_2_font=&#8221;Poppins||||||||&#8221; header_2_text_align=&#8221;center&#8221; header_2_text_color=&#8221;#FFFFFF&#8221;]<\/p>\n<h2>Nous vous aiderons \u00e0 atteindre vos objectifs et \u00e0 d\u00e9velopper votre entreprise.<\/h2>\n<p>[\/et_pb_text][et_pb_button button_url=&#8221;https:\/\/www.webdono.com\/fr\/fr\/nous-contacter\/&#8221; button_text=&#8221;obtenir un devis&#8221; button_alignment=&#8221;center&#8221; _builder_version=&#8221;4.9.9&#8243; _module_preset=&#8221;default&#8221; custom_button=&#8221;on&#8221; button_text_color=&#8221;#262C38&#8243; button_bg_color=&#8221;#FFFFFF&#8221; button_border_width=&#8221;0px&#8221; button_border_radius=&#8221;0px&#8221; button_font=&#8221;|||on|||||&#8221;][\/et_pb_button][\/et_pb_column][\/et_pb_row][\/et_pb_section]<\/p>\n","protected":false},"excerpt":{"rendered":"<p>La cr\u00e9ation d&#8217;un site Web est l&#8217;une des \u00e9tapes les plus importantes que vous puissiez franchir pour l&#8217;avenir de votre marque ou de votre entreprise. Quel que soit le type d&#8217;entreprise que vous dirigez ou les services que vous proposez, la cr\u00e9ation d&#8217;un site Web vous aidera \u00e0 attirer plus de clients et \u00e0 g\u00e9n\u00e9rer [&hellip;]<\/p>\n","protected":false},"author":1,"featured_media":0,"parent":0,"menu_order":0,"comment_status":"closed","ping_status":"closed","template":"","meta":{"_et_pb_use_builder":"on","_et_pb_old_content":"","_et_gb_content_width":"","_joinchat":[],"footnotes":""},"class_list":["post-31252","page","type-page","status-publish","hentry"],"_links":{"self":[{"href":"https:\/\/www.webdono.com\/fr\/wp-json\/wp\/v2\/pages\/31252","targetHints":{"allow":["GET"]}}],"collection":[{"href":"https:\/\/www.webdono.com\/fr\/wp-json\/wp\/v2\/pages"}],"about":[{"href":"https:\/\/www.webdono.com\/fr\/wp-json\/wp\/v2\/types\/page"}],"author":[{"embeddable":true,"href":"https:\/\/www.webdono.com\/fr\/wp-json\/wp\/v2\/users\/1"}],"replies":[{"embeddable":true,"href":"https:\/\/www.webdono.com\/fr\/wp-json\/wp\/v2\/comments?post=31252"}],"version-history":[{"count":1,"href":"https:\/\/www.webdono.com\/fr\/wp-json\/wp\/v2\/pages\/31252\/revisions"}],"predecessor-version":[{"id":31253,"href":"https:\/\/www.webdono.com\/fr\/wp-json\/wp\/v2\/pages\/31252\/revisions\/31253"}],"wp:attachment":[{"href":"https:\/\/www.webdono.com\/fr\/wp-json\/wp\/v2\/media?parent=31252"}],"curies":[{"name":"wp","href":"https:\/\/api.w.org\/{rel}","templated":true}]}}