{"id":31015,"date":"2021-08-19T19:00:55","date_gmt":"2021-08-19T18:00:55","guid":{"rendered":"https:\/\/www.webdono.com\/instagram-adspublicites-instagram\/"},"modified":"2024-04-23T17:32:33","modified_gmt":"2024-04-23T16:32:33","slug":"instagram-adspublicites-instagram","status":"publish","type":"page","link":"https:\/\/www.webdono.com\/fr\/instagram-adspublicites-instagram\/","title":{"rendered":"Publicit\u00e9s Instagram"},"content":{"rendered":"<p>[et_pb_section fb_built=&#8221;1&#8243; fullwidth=&#8221;on&#8221; next_background_color=&#8221;#ffffff&#8221; _builder_version=&#8221;4.9.9&#8243; _module_preset=&#8221;default&#8221; background_color=&#8221;#0C71C3&#8243; background_image=&#8221;https:\/\/www.webdono.com\/fr\/wp-content\/uploads\/2021\/07\/facebook-bg.jpg&#8221; width_last_edited=&#8221;off|desktop&#8221; module_alignment=&#8221;center&#8221; bottom_divider_style=&#8221;waves&#8221; bottom_divider_height=&#8221;50px&#8221;][et_pb_fullwidth_header title=&#8221;Instagram ADS&#8221; _builder_version=&#8221;4.9.9&#8243; _module_preset=&#8221;default&#8221; title_font=&#8221;|600|||||||&#8221; title_text_align=&#8221;center&#8221; title_text_color=&#8221;#FFFFFF&#8221; title_font_size=&#8221;50px&#8221; background_enable_color=&#8221;off&#8221; background_color_gradient_direction=&#8221;90deg&#8221; background_image=&#8221;https:\/\/www.webdono.com\/fr\/wp-content\/uploads\/2021\/07\/instagram-bg.jpg&#8221; background_position=&#8221;bottom_center&#8221; background_repeat=&#8221;repeat&#8221; custom_margin=&#8221;0px||||false|false&#8221; custom_padding=&#8221;160px||160px||true|false&#8221; hover_enabled=&#8221;0&#8243; sticky_enabled=&#8221;0&#8243;][\/et_pb_fullwidth_header][\/et_pb_section][et_pb_section fb_built=&#8221;1&#8243; _builder_version=&#8221;4.9.9&#8243; _module_preset=&#8221;default&#8221; top_divider_color=&#8221;#29ABCF&#8221; hover_enabled=&#8221;0&#8243; custom_padding=&#8221;100px||100px||true|false&#8221; sticky_enabled=&#8221;0&#8243;][et_pb_row column_structure=&#8221;3_5,2_5&#8243; _builder_version=&#8221;4.9.9&#8243; _module_preset=&#8221;default&#8221; max_width=&#8221;80%&#8221;][et_pb_column type=&#8221;3_5&#8243; _builder_version=&#8221;4.9.9&#8243; _module_preset=&#8221;default&#8221;][et_pb_text _builder_version=&#8221;4.9.9&#8243; _module_preset=&#8221;default&#8221; header_text_color=&#8221;#b93098&#8243;]<\/p>\n<h1>Que sont les publicit\u00e9s <strong>Instagram<\/strong> ?<\/h1>\n<p>Les publicit\u00e9s Instagram sont des messages payants que la marque peut utiliser pour faire la publicit\u00e9 de ses produits ou services sur la plate-forme de m\u00e9dias sociaux \u00ab Instagram \u00bb. C&#8217;est un outil impressionnant qui peut \u00eatre utilis\u00e9 pour promouvoir les utilisateurs d&#8217;Instagram sur leurs flux. Les publicit\u00e9s Instagram ressemblent g\u00e9n\u00e9ralement \u00e0 n&#8217;importe quelle publication r\u00e9guli\u00e8re sur la plateforme, mais peuvent \u00eatre identifi\u00e9es par une \u00e9tiquette \u00ab\u00a0sponsoris\u00e9e\u00a0\u00bb ainsi qu&#8217;un bouton d&#8217;appel \u00e0 l&#8217;action. Le bouton d&#8217;appel \u00e0 l&#8217;action permet aux gens d&#8217;acc\u00e9der plus facilement \u00e0 votre site Web ou \u00e0 votre page, ce qui g\u00e9n\u00e8re plus de trafic et de ventes.<\/p>\n<p>Ce qui fait d&#8217;Instagram une si grande plate-forme pour la publicit\u00e9, c&#8217;est le nombre d&#8217;utilisateurs dont il dispose, mesur\u00e9 \u00e0 environ 1 milliard d&#8217;utilisateurs mensuels. En fait, elle est class\u00e9e deuxi\u00e8me plate-forme en termes d&#8217;utilisateurs actifs, juste apr\u00e8s Facebook. \u00c9tant une application relativement jeune (actuellement plus de 10 ans), sa popularit\u00e9 et ses lancements fr\u00e9quents de nouvelles fonctionnalit\u00e9s en font un espace id\u00e9al pour les marques de toutes sortes pour faire de la publicit\u00e9 et atteindre un nouveau public.<\/p>\n<p>Depuis le lancement des publicit\u00e9s Instagram en 2013, Instagram est devenu l&#8217;une des plateformes de m\u00e9dias sociaux de base dans le comportement des consommateurs. Sa conception \u00e9l\u00e9gante de flux \u00e0 une colonne donne aux annonceurs la possibilit\u00e9 d&#8217;\u00eatre plus visibles pour les utilisateurs de la mani\u00e8re la plus fluide possible.<\/p>\n<p>&nbsp;<\/p>\n<p style=\"text-align: justify;\">\n<p>[\/et_pb_text][\/et_pb_column][et_pb_column type=&#8221;2_5&#8243; _builder_version=&#8221;4.9.9&#8243; _module_preset=&#8221;default&#8221;][et_pb_image src=&#8221;https:\/\/www.webdono.com\/fr\/wp-content\/uploads\/2021\/07\/instagram-pic.jpg&#8221; title_text=&#8221;instagram-pic&#8221; _builder_version=&#8221;4.9.9&#8243; _module_preset=&#8221;default&#8221;][\/et_pb_image][\/et_pb_column][\/et_pb_row][\/et_pb_section][et_pb_section fb_built=&#8221;1&#8243; prev_background_color=&#8221;#ffffff&#8221; next_background_color=&#8221;#ffffff&#8221; _builder_version=&#8221;4.9.9&#8243; _module_preset=&#8221;default&#8221; background_color=&#8221;#29ABCF&#8221; background_image=&#8221;https:\/\/www.webdono.com\/fr\/wp-content\/uploads\/2021\/07\/instagram-bg.jpg&#8221; custom_padding=&#8221;94px||75px|||&#8221; top_divider_style=&#8221;waves&#8221; top_divider_height=&#8221;50px&#8221; bottom_divider_style=&#8221;waves&#8221; bottom_divider_height=&#8221;50px&#8221;][et_pb_row _builder_version=&#8221;4.9.9&#8243; _module_preset=&#8221;default&#8221;][et_pb_column type=&#8221;4_4&#8243; _builder_version=&#8221;4.9.9&#8243; _module_preset=&#8221;default&#8221;][et_pb_text _builder_version=&#8221;4.9.9&#8243; _module_preset=&#8221;default&#8221; header_font=&#8221;|600||on|||||&#8221; header_text_align=&#8221;center&#8221; header_text_color=&#8221;#FFFFFF&#8221; header_font_size=&#8221;35px&#8221;]<\/p>\n<h1><strong>Types de publicit\u00e9s Instagram <\/strong>:<\/h1>\n<p>[\/et_pb_text][\/et_pb_column][\/et_pb_row][et_pb_row column_structure=&#8221;1_4,1_4,1_4,1_4&#8243; use_custom_gutter=&#8221;on&#8221; gutter_width=&#8221;2&#8243; make_equal=&#8221;on&#8221; _builder_version=&#8221;4.9.9&#8243; _module_preset=&#8221;default&#8221; max_width=&#8221;80%&#8221;][et_pb_column type=&#8221;1_4&#8243; _builder_version=&#8221;4.9.9&#8243; _module_preset=&#8221;default&#8221;][et_pb_blurb title=&#8221;Stories ads\u2022\tAnnonces Story &#8221; image=&#8221;https:\/\/www.webdono.com\/fr\/wp-content\/uploads\/2021\/07\/story-instagram.png&#8221; image_max_width=&#8221;50%&#8221; _builder_version=&#8221;4.9.9&#8243; _module_preset=&#8221;default&#8221; header_font=&#8221;|||on|||||&#8221; header_text_align=&#8221;center&#8221; header_text_color=&#8221;#262C38&#8243; background_color=&#8221;#FFFFFF&#8221; custom_padding=&#8221;20px|20px|20px|20px|true|true&#8221; border_radii=&#8221;on|20px|20px|20px|20px&#8221;]les annonces d&#8217;histoires Instagram sont des annonces en plein \u00e9cran au format d&#8217;une histoire Instagram typique. Ils appara\u00eetront entre les histoires lorsque les utilisateurs les parcourront[\/et_pb_blurb][\/et_pb_column][et_pb_column type=&#8221;1_4&#8243; _builder_version=&#8221;4.9.9&#8243; _module_preset=&#8221;default&#8221;][et_pb_blurb title=&#8221;Photo ads\u2022\tPublicit\u00e9s photo &#8221; image=&#8221;https:\/\/www.webdono.com\/fr\/wp-content\/uploads\/2021\/07\/image-instagram.png&#8221; image_max_width=&#8221;50%&#8221; _builder_version=&#8221;4.9.9&#8243; _module_preset=&#8221;default&#8221; header_font=&#8221;|||on|||||&#8221; header_text_align=&#8221;center&#8221; header_text_color=&#8221;#262C38&#8243; background_color=&#8221;#FFFFFF&#8221; custom_padding=&#8221;20px|20px|20px|20px|true|true&#8221; border_radii=&#8221;on|20px|20px|20px|20px&#8221;]les publicit\u00e9s photo d&#8217;Instagram permettent aux marques de pr\u00e9senter des produits et des services \u00e0 travers des images convaincantes. Utilisez des images convaincantes pour attirer l&#8217;attention des utilisateurs.[\/et_pb_blurb][\/et_pb_column][et_pb_column type=&#8221;1_4&#8243; _builder_version=&#8221;4.9.9&#8243; _module_preset=&#8221;default&#8221;][et_pb_blurb title=&#8221;\u2022\tPublicit\u00e9s vid\u00e9o &#8221; image=&#8221;https:\/\/www.webdono.com\/fr\/wp-content\/uploads\/2021\/07\/video-instagram.png&#8221; image_max_width=&#8221;50%&#8221; _builder_version=&#8221;4.9.9&#8243; _module_preset=&#8221;default&#8221; header_font=&#8221;|||on|||||&#8221; header_text_align=&#8221;center&#8221; header_text_color=&#8221;#262C38&#8243; background_color=&#8221;#FFFFFF&#8221; custom_padding=&#8221;20px|20px|20px|20px|true|true&#8221; border_radii=&#8221;on|20px|20px|20px|20px&#8221;]Instagram offre \u00e0 ses annonceurs la possibilit\u00e9 d&#8217;utiliser des vid\u00e9os (jusqu&#8217;\u00e0 60 secondes) pour faire la publicit\u00e9 de leurs produits et services[\/et_pb_blurb][\/et_pb_column][et_pb_column type=&#8221;1_4&#8243; _builder_version=&#8221;4.9.9&#8243; _module_preset=&#8221;default&#8221;][et_pb_blurb title=&#8221;\u2022\tAnnonces carrousel &#8221; image=&#8221;https:\/\/www.webdono.com\/fr\/wp-content\/uploads\/2021\/07\/carousel-instagram.png&#8221; image_max_width=&#8221;50%&#8221; _builder_version=&#8221;4.9.9&#8243; _module_preset=&#8221;default&#8221; header_font=&#8221;|||on|||||&#8221; header_text_align=&#8221;center&#8221; header_text_color=&#8221;#262C38&#8243; background_color=&#8221;#FFFFFF&#8221; custom_padding=&#8221;20px|20px|20px|20px|true|true&#8221; border_radii=&#8221;on|20px|20px|20px|20px&#8221;]<\/p>\n<ul>\n<li>ce type sp\u00e9cifique d&#8217;annonces est g\u00e9nial car il vous donne la possibilit\u00e9 d&#8217;utiliser jusqu&#8217;\u00e0 10\u00a0images que les utilisateurs peuvent parcourir pour pr\u00e9senter le message de votre marque.<\/li>\n<\/ul>\n<p>[\/et_pb_blurb][\/et_pb_column][\/et_pb_row][et_pb_row column_structure=&#8221;1_4,1_4,1_4,1_4&#8243; use_custom_gutter=&#8221;on&#8221; gutter_width=&#8221;2&#8243; make_equal=&#8221;on&#8221; _builder_version=&#8221;4.9.9&#8243; _module_preset=&#8221;default&#8221; max_width=&#8221;80%&#8221;][et_pb_column type=&#8221;1_4&#8243; _builder_version=&#8221;4.9.9&#8243; _module_preset=&#8221;default&#8221;][et_pb_blurb title=&#8221;\u2022\tAnnonces en collection &#8221; image=&#8221;https:\/\/www.webdono.com\/fr\/wp-content\/uploads\/2021\/07\/collection-instagram.png&#8221; image_max_width=&#8221;50%&#8221; _builder_version=&#8221;4.9.9&#8243; _module_preset=&#8221;default&#8221; header_font=&#8221;|||on|||||&#8221; header_text_align=&#8221;center&#8221; header_text_color=&#8221;#262C38&#8243; background_color=&#8221;#FFFFFF&#8221; custom_padding=&#8221;20px|20px|20px|20px|true|true&#8221; border_radii=&#8221;on|20px|20px|20px|20px&#8221;]la fonctionnalit\u00e9 d&#8217;annonces de collecte d&#8217;Instagram est une option parfaite pour les entreprises de commerce \u00e9lectronique. Il permet aux utilisateurs d&#8217;acheter des produits directement depuis l&#8217;application[\/et_pb_blurb][\/et_pb_column][et_pb_column type=&#8221;1_4&#8243; _builder_version=&#8221;4.9.9&#8243; _module_preset=&#8221;default&#8221;][et_pb_blurb title=&#8221;\u2022\tPublicit\u00e9s Explore&#8221; image=&#8221;https:\/\/www.webdono.com\/fr\/wp-content\/uploads\/2021\/07\/explore-instagram.png&#8221; image_max_width=&#8221;50%&#8221; _builder_version=&#8221;4.9.9&#8243; _module_preset=&#8221;default&#8221; header_font=&#8221;|||on|||||&#8221; header_text_align=&#8221;center&#8221; header_text_color=&#8221;#262C38&#8243; background_color=&#8221;#FFFFFF&#8221; custom_padding=&#8221;20px|20px|20px|20px|true|true&#8221; border_radii=&#8221;on|20px|20px|20px|20px&#8221;]la page d&#8217;exploration d&#8217;Instagram est un endroit o\u00f9 les utilisateurs peuvent d\u00e9couvrir de nouveaux contenus et comptes qu&#8217;ils ne suivent pas. C&#8217;est aussi un endroit o\u00f9 les publicit\u00e9s Instagram peuvent \u00eatre plac\u00e9es.[\/et_pb_blurb][\/et_pb_column][et_pb_column type=&#8221;1_4&#8243; _builder_version=&#8221;4.9.9&#8243; _module_preset=&#8221;default&#8221;][et_pb_blurb title=&#8221;\u2022\tAnnonces IGTV &#8221; image=&#8221;https:\/\/www.webdono.com\/fr\/wp-content\/uploads\/2021\/07\/igtv.png&#8221; image_max_width=&#8221;50%&#8221; _builder_version=&#8221;4.9.9&#8243; _module_preset=&#8221;default&#8221; header_font=&#8221;|||on|||||&#8221; header_text_align=&#8221;center&#8221; header_text_color=&#8221;#262C38&#8243; background_color=&#8221;#FFFFFF&#8221; custom_padding=&#8221;20px|20px|20px|20px|true|true&#8221; border_radii=&#8221;on|20px|20px|20px|20px&#8221;]cette fonctionnalit\u00e9 d&#8217;Instagram n&#8217;a \u00e9t\u00e9 annonc\u00e9e qu&#8217;en mars 2021, elle n&#8217;a donc pas encore \u00e9t\u00e9 g\u00e9n\u00e9ralis\u00e9e, mais cela permettra aux annonceurs de placer une annonce vid\u00e9o de 15 minutes avant les vid\u00e9os IGTV[\/et_pb_blurb][\/et_pb_column][et_pb_column type=&#8221;1_4&#8243; _builder_version=&#8221;4.9.9&#8243; _module_preset=&#8221;default&#8221;][et_pb_blurb title=&#8221;\u2022\tAnnonces Shopping sur Instagram &#8221; image=&#8221;https:\/\/www.webdono.com\/fr\/wp-content\/uploads\/2021\/07\/shopping-instagram.png&#8221; image_max_width=&#8221;50%&#8221; _builder_version=&#8221;4.9.9&#8243; _module_preset=&#8221;default&#8221; header_font=&#8221;|||on|||||&#8221; header_text_align=&#8221;center&#8221; header_text_color=&#8221;#262C38&#8243; background_color=&#8221;#FFFFFF&#8221; custom_padding=&#8221;20px|20px|20px|20px|true|true&#8221; border_radii=&#8221;on|20px|20px|20px|20px&#8221;]depuis qu&#8217;Instagram a introduit sa fonction Shopping, les annonces shopping sont \u00e9galement devenues possibles. Ce sont des publicit\u00e9s qui boostent les produits que vous avez d\u00e9j\u00e0 list\u00e9s sur Instagram[\/et_pb_blurb][\/et_pb_column][\/et_pb_row][\/et_pb_section][et_pb_section fb_built=&#8221;1&#8243; _builder_version=&#8221;4.9.9&#8243; _module_preset=&#8221;default&#8221; hover_enabled=&#8221;0&#8243; custom_padding=&#8221;100px||100px||true|false&#8221; sticky_enabled=&#8221;0&#8243;][et_pb_row column_structure=&#8221;1_2,1_2&#8243; use_custom_gutter=&#8221;on&#8221; gutter_width=&#8221;2&#8243; _builder_version=&#8221;4.9.9&#8243; _module_preset=&#8221;default&#8221;][et_pb_column type=&#8221;1_2&#8243; _builder_version=&#8221;4.9.9&#8243; _module_preset=&#8221;default&#8221;][et_pb_image src=&#8221;https:\/\/www.webdono.com\/fr\/wp-content\/uploads\/2021\/07\/instagram-logo-2.jpg&#8221; title_text=&#8221;instagram-logo-2&#8243; align=&#8221;center&#8221; _builder_version=&#8221;4.9.9&#8243; _module_preset=&#8221;default&#8221; width=&#8221;80%&#8221;][\/et_pb_image][\/et_pb_column][et_pb_column type=&#8221;1_2&#8243; _builder_version=&#8221;4.9.9&#8243; _module_preset=&#8221;default&#8221;][et_pb_text _builder_version=&#8221;4.9.9&#8243; _module_preset=&#8221;default&#8221; header_text_color=&#8221;#b93098&#8243;]<\/p>\n<h1>Pourquoi les publicit\u00e9s <strong>Instagram<\/strong> ?<\/h1>\n<p>&nbsp;<\/p>\n<p>Pas encore convaincu ? Voici quelques autres raisons pour lesquelles les publicit\u00e9s Instagram valent la peine pour d\u00e9velopper votre entreprise :<\/p>\n<ul>\n<li>L&#8217;algorithme de ciblage d&#8217;Instagram est hautement am\u00e9lior\u00e9 et atteindra votre public sp\u00e9cifique.<\/li>\n<li>Les publicit\u00e9s Instagram vous aideront \u00e0 accro\u00eetre la notori\u00e9t\u00e9 de votre marque et \u00e0 vous faire un nom.<\/li>\n<li>Ils permettent de se connecter organiquement avec votre public et vos clients.<\/li>\n<li>Les publicit\u00e9s Instagram peuvent s&#8217;adapter \u00e0 tous les budgets.<\/li>\n<li>Les publicit\u00e9s Instagram vous permettent de suivre et de mesurer les r\u00e9sultats de votre strat\u00e9gie.<\/li>\n<\/ul>\n<p>&nbsp;[\/et_pb_text][\/et_pb_column][\/et_pb_row][\/et_pb_section][et_pb_section fb_built=&#8221;1&#8243; prev_background_color=&#8221;#ffffff&#8221; _builder_version=&#8221;4.9.9&#8243; _module_preset=&#8221;default&#8221; background_color=&#8221;#262C38&#8243; background_image=&#8221;https:\/\/www.webdono.com\/fr\/wp-content\/uploads\/2019\/05\/clients-bg.jpg&#8221; background_blend=&#8221;soft-light&#8221; custom_padding=&#8221;65px||65px||true|&#8221; top_divider_style=&#8221;triangle&#8221; top_divider_height=&#8221;60px&#8221; top_divider_flip=&#8221;vertical&#8221; locked=&#8221;off&#8221;][et_pb_row _builder_version=&#8221;4.9.9&#8243; _module_preset=&#8221;default&#8221;][et_pb_column type=&#8221;4_4&#8243; _builder_version=&#8221;4.9.9&#8243; _module_preset=&#8221;default&#8221;][et_pb_text _builder_version=&#8221;4.9.9&#8243; _module_preset=&#8221;default&#8221; header_text_align=&#8221;center&#8221; header_text_color=&#8221;#FFFFFF&#8221; header_font_size=&#8221;40px&#8221;]<\/p>\n<h1><span class=\"VIiyi\" lang=\"fr\"><span class=\"JLqJ4b ChMk0b\" data-language-for-alternatives=\"fr\" data-language-to-translate-into=\"en\" data-phrase-index=\"0\">Pr\u00eat \u00e0 d\u00e9marrer votre projet ?<\/span><\/span><\/h1>\n<p>[\/et_pb_text][et_pb_text _builder_version=&#8221;4.9.9&#8243; _module_preset=&#8221;default&#8221; header_2_font=&#8221;Poppins||||||||&#8221; header_2_text_align=&#8221;center&#8221; header_2_text_color=&#8221;#FFFFFF&#8221; header_2_font_size=&#8221;20px&#8221;]<\/p>\n<h2><span class=\"VIiyi\" lang=\"en\"><span class=\"JLqJ4b ChMk0b\" data-language-for-alternatives=\"en\" data-language-to-translate-into=\"fr\" data-phrase-index=\"0\"><span class=\"VIiyi\" lang=\"fr\">Nous vous aiderons \u00e0 atteindre vos objectifs et \u00e0 d\u00e9velopper votre entreprise.<\/span><\/span><\/span><\/h2>\n<p>[\/et_pb_text][et_pb_button button_url=&#8221;https:\/\/www.webdono.com\/fr\/fr\/nous-contacter\/&#8221; button_text=&#8221;obtenir un devis&#8221; button_alignment=&#8221;center&#8221; _builder_version=&#8221;4.9.9&#8243; _module_preset=&#8221;default&#8221; custom_button=&#8221;on&#8221; button_text_color=&#8221;#262C38&#8243; button_bg_color=&#8221;#FFFFFF&#8221; button_border_width=&#8221;0px&#8221; button_border_radius=&#8221;0px&#8221; button_font=&#8221;|||on|||||&#8221;][\/et_pb_button][\/et_pb_column][\/et_pb_row][\/et_pb_section]<\/p>\n","protected":false},"excerpt":{"rendered":"<p>Que sont les publicit\u00e9s Instagram ? Les publicit\u00e9s Instagram sont des messages payants que la marque peut utiliser pour faire la publicit\u00e9 de ses produits ou services sur la plate-forme de m\u00e9dias sociaux \u00ab Instagram \u00bb. C&#8217;est un outil impressionnant qui peut \u00eatre utilis\u00e9 pour promouvoir les utilisateurs d&#8217;Instagram sur leurs flux. Les publicit\u00e9s Instagram [&hellip;]<\/p>\n","protected":false},"author":1,"featured_media":0,"parent":0,"menu_order":0,"comment_status":"closed","ping_status":"closed","template":"","meta":{"_et_pb_use_builder":"on","_et_pb_old_content":"<!-- wp:divi\/placeholder \/-->","_et_gb_content_width":"","_joinchat":[],"footnotes":""},"class_list":["post-31015","page","type-page","status-publish","hentry"],"_links":{"self":[{"href":"https:\/\/www.webdono.com\/fr\/wp-json\/wp\/v2\/pages\/31015","targetHints":{"allow":["GET"]}}],"collection":[{"href":"https:\/\/www.webdono.com\/fr\/wp-json\/wp\/v2\/pages"}],"about":[{"href":"https:\/\/www.webdono.com\/fr\/wp-json\/wp\/v2\/types\/page"}],"author":[{"embeddable":true,"href":"https:\/\/www.webdono.com\/fr\/wp-json\/wp\/v2\/users\/1"}],"replies":[{"embeddable":true,"href":"https:\/\/www.webdono.com\/fr\/wp-json\/wp\/v2\/comments?post=31015"}],"version-history":[{"count":2,"href":"https:\/\/www.webdono.com\/fr\/wp-json\/wp\/v2\/pages\/31015\/revisions"}],"predecessor-version":[{"id":31432,"href":"https:\/\/www.webdono.com\/fr\/wp-json\/wp\/v2\/pages\/31015\/revisions\/31432"}],"wp:attachment":[{"href":"https:\/\/www.webdono.com\/fr\/wp-json\/wp\/v2\/media?parent=31015"}],"curies":[{"name":"wp","href":"https:\/\/api.w.org\/{rel}","templated":true}]}}