{"id":30891,"date":"2021-07-28T19:22:09","date_gmt":"2021-07-28T18:22:09","guid":{"rendered":"https:\/\/www.webdono.com\/?page_id=30891"},"modified":"2024-04-25T11:08:22","modified_gmt":"2024-04-25T10:08:22","slug":"portfolio-website-3","status":"publish","type":"page","link":"https:\/\/www.webdono.com\/fr\/portfolio-website-3\/","title":{"rendered":"Site web de portfolio"},"content":{"rendered":"<p>[et_pb_section fb_built=&#8221;1&#8243; fullwidth=&#8221;on&#8221; _builder_version=&#8221;4.23.4&#8243; _module_preset=&#8221;default&#8221; custom_margin=&#8221;0px||||false|false&#8221; custom_padding=&#8221;0px||||false|false&#8221; locked=&#8221;off&#8221; global_colors_info=&#8221;{}&#8221;][et_pb_fullwidth_header title=&#8221;@ET-DC@eyJkeW5hbWljIjp0cnVlLCJjb250ZW50IjoicG9zdF90aXRsZSIsInNldHRpbmdzIjp7ImJlZm9yZSI6IiIsImFmdGVyIjoiIn19@&#8221; _builder_version=&#8221;4.23.4&#8243; _dynamic_attributes=&#8221;title&#8221; _module_preset=&#8221;default&#8221; title_font=&#8221;|||on|||||&#8221; title_font_size=&#8221;60px&#8221; background_color=&#8221;#262C38&#8243; background_image=&#8221;https:\/\/www.webdono.com\/fr\/wp-content\/uploads\/2021\/03\/globtech-layout.jpg&#8221; background_blend=&#8221;multiply&#8221; custom_padding=&#8221;200px||200px||true|false&#8221; global_colors_info=&#8221;{}&#8221;][\/et_pb_fullwidth_header][\/et_pb_section][et_pb_section fb_built=&#8221;1&#8243; _builder_version=&#8221;4.23.4&#8243; _module_preset=&#8221;default&#8221; locked=&#8221;off&#8221; global_colors_info=&#8221;{}&#8221;][et_pb_row _builder_version=&#8221;4.23.4&#8243; _module_preset=&#8221;default&#8221; global_colors_info=&#8221;{}&#8221;][et_pb_column type=&#8221;4_4&#8243; _builder_version=&#8221;4.16&#8243; _module_preset=&#8221;default&#8221; global_colors_info=&#8221;{}&#8221;][et_pb_text _builder_version=&#8221;4.23.4&#8243; _module_preset=&#8221;default&#8221; header_2_font=&#8221;|||on|||||&#8221; header_3_text_color=&#8221;#1FD7E0&#8243; hover_enabled=&#8221;0&#8243; global_colors_info=&#8221;{}&#8221; sticky_enabled=&#8221;0&#8243;]<\/p>\n<p>Cr\u00e9er un site web est l&#8217;une des \u00e9tapes les plus importantes que vous puissiez franchir pour l&#8217;avenir de votre marque ou de votre entreprise. Peu importe le type d&#8217;activit\u00e9 que vous exercez ou les services que vous proposez, la cr\u00e9ation d&#8217;un site web vous aidera \u00e0 attirer plus de clients et \u00e0 g\u00e9n\u00e9rer des ventes, tout en faisant conna\u00eetre votre marque. C&#8217;est particuli\u00e8rement important aujourd&#8217;hui, compte tenu de la taille et de la port\u00e9e d&#8217;Internet. Le m\u00e9dia Internet a surpass\u00e9 tous les autres m\u00e9dias physiques et num\u00e9riques en termes de port\u00e9e du public et d&#8217;impact. Cela s&#8217;explique par le fait qu&#8217;Internet est un moyen pratique et rapide d&#8217;acc\u00e9der \u00e0 l&#8217;information et au divertissement \u00e0 moindre co\u00fbt.<\/p>\n<p>Aujourd&#8217;hui, Internet ouvre un monde d&#8217;opportunit\u00e9s aux gens depuis le confort de leur propre canap\u00e9, ce qui n&#8217;\u00e9tait pas possible auparavant. L&#8217;impact d&#8217;Internet va bien au-del\u00e0 du simple divertissement et touche le domaine des affaires. C&#8217;est une excellente nouvelle pour les marques et les propri\u00e9taires d&#8217;entreprises, car ils peuvent d\u00e9sormais \u00e9lever leur travail et le porter sur le World Wide Web pour atteindre un public plus large. Cela a permis \u00e0 de nombreuses industries de conna\u00eetre un essor commercial et une croissance bien au-del\u00e0 de ce qui \u00e9tait auparavant raisonnable.<\/p>\n<p>Ce que cela signifie pour toute personne souhaitant mener des affaires, c&#8217;est qu&#8217;elle doit marquer sa pr\u00e9sence en ligne gr\u00e2ce \u00e0 un site web, qui permettra aux clients potentiels de les conna\u00eetre et de traiter facilement avec eux. Cela profite non seulement aux entreprises traditionnelles, mais aussi aux particuliers qui cherchent \u00e0 \u00e9changer des biens et des services. Diff\u00e9rents types de sites web peuvent \u00eatre cr\u00e9\u00e9s pour r\u00e9pondre aux besoins de diff\u00e9rents mod\u00e8les commerciaux, notamment un site web de portfolio.<\/p>\n<p>&nbsp;<\/p>\n<div class=\"tw-ta-container F0azHf tw-nfl\" id=\"tw-target-text-container\" tabindex=\"0\">\n<h2 class=\"tw-data-text tw-text-large tw-ta\" data-placeholder=\"Traduction\" id=\"tw-target-text\" aria-label=\"Texte traduit\" data-ved=\"2ahUKEwjLo6e8i92FAxXUV6QEHWKuBBgQ3ewLegQIBRAU\" dir=\"ltr\"><span class=\"Y2IQFc\" lang=\"fr\">Qu\u2019est-ce qu\u2019un site portfolio ?<\/span><\/h2>\n<p><span class=\"Y2IQFc\" lang=\"fr\"><\/span><\/p>\n<\/div>\n<p>Avant de parler d&#8217;un site web de portfolio, commen\u00e7ons par d\u00e9finir ce qu&#8217;est un portfolio. Un portfolio est une collection des meilleurs travaux et projets professionnels d&#8217;une personne qu&#8217;elle pr\u00e9sente \u00e0 de potentiels employeurs dans le but d&#8217;\u00eatre embauch\u00e9e. Les portfolios sont particuli\u00e8rement adapt\u00e9s aux emplois cr\u00e9atifs tels que l&#8217;\u00e9criture, le design, la photographie, etc. Un portfolio est le meilleur moyen de pr\u00e9senter ses r\u00e9alisations ant\u00e9rieures aux employeurs pour leur prouver que l&#8217;on est apte au poste.<\/p>\n<p>Maintenant, prenez ce que nous venons de dire sur un portfolio et transposez-le dans un espace en ligne, et vous obtenez un magnifique site web de portfolio professionnel ! Comme son nom l&#8217;indique, un site web de portfolio est un site d\u00e9di\u00e9 \u00e0 la pr\u00e9sentation de vos travaux professionnels et de vos projets ant\u00e9rieurs. Les professionnels cr\u00e9atifs tels que les \u00e9crivains, les graphistes, les photographes, les vid\u00e9astes (et tous ceux qui travaillent en freelance) utilisent ce type de site web pour se faire un nom dans leurs industries respectives. Un site web de portfolio est leur moyen de dire au monde : Voici qui je suis, voici ce que je peux faire, alors embauchez-moi.<\/p>\n<p>Un site web de portfolio est le meilleur moyen, pour vous en tant que professionnel \u00e0 la recherche d&#8217;un emploi, de montrer au monde ce dont vous \u00eates capable, \u00e0 quel point vous \u00eates polyvalent et la qualit\u00e9 du travail que vous pouvez pr\u00e9senter. Bien s\u00fbr, vous pouvez faire toutes ces choses avec un CV traditionnel ou un portfolio r\u00e9gulier, mais vous devez garder \u00e0 l&#8217;esprit que les entreprises font tout de nos jours de mani\u00e8re num\u00e9rique, m\u00eame lorsqu&#8217;il s&#8217;agit de recruter et de rechercher des partenaires potentiels pour des projets.<\/p>\n<p>&nbsp;<\/p>\n<div class=\"flex-1 overflow-hidden\">\n<div class=\"react-scroll-to-bottom--css-fflrk-79elbk h-full\">\n<div class=\"react-scroll-to-bottom--css-fflrk-1n7m0yu\">\n<div>\n<div class=\"flex flex-col text-sm pb-9\">\n<div class=\"w-full text-token-text-primary\" dir=\"auto\" data-testid=\"conversation-turn-111\">\n<div class=\"px-4 py-2 justify-center text-base md:gap-6 m-auto\">\n<div class=\"flex flex-1 text-base mx-auto gap-3 juice:gap-4 juice:md:gap-6 md:px-5 lg:px-1 xl:px-5 md:max-w-3xl lg:max-w-[40rem] xl:max-w-[48rem]\">\n<div class=\"relative flex w-full min-w-0 flex-col agent-turn\">\n<div class=\"flex-col gap-1 md:gap-3\">\n<div class=\"flex flex-grow flex-col max-w-full\">\n<div data-message-author-role=\"assistant\" data-message-id=\"673edb96-239d-4b6d-b746-27c5a9cb1f59\" dir=\"auto\" class=\"min-h-[20px] text-message flex flex-col items-start gap-3 whitespace-pre-wrap break-words [.text-message+&amp;]:mt-5 overflow-x-auto\">\n<div class=\"markdown prose w-full break-words dark:prose-invert light\">\n<h2>Le but d&#8217;un site web de portfolio<\/h2>\n<p>&nbsp;<\/p>\n<p>Pour les professionnels qualifi\u00e9s et les travailleurs ind\u00e9pendants dans tous les domaines (photographie, design, d\u00e9veloppement web, r\u00e9daction, etc.) ainsi que pour les agences proposant des services cr\u00e9atifs, un site web de portfolio est une partie essentielle de l&#8217;activit\u00e9 pour de nombreuses raisons. Votre site web de portfolio sera la galerie en ligne o\u00f9 vous pourrez pr\u00e9senter \u00e0 vos futurs employeurs et partenaires vos comp\u00e9tences et domaines d&#8217;expertise, bien mieux qu&#8217;avec n&#8217;importe quel CV. Avoir cela montrerait \u00e0 vos clients votre professionnalisme et votre d\u00e9vouement \u00e0 votre m\u00e9tier, tout en leur donnant un aper\u00e7u de vos exp\u00e9riences professionnelles pr\u00e9c\u00e9dentes. Vous pouvez vous en tenir aux CV traditionnels ou aux sites web d&#8217;emploi, mais rien ne dit &#8220;je suis un professionnel s\u00e9rieux&#8221; mieux que d&#8217;avoir votre propre site web.<\/p>\n<p>Un site web de portfolio ne doit pas contenir <strong>UNIQUEMENT<\/strong> votre exp\u00e9rience professionnelle et les projets sur lesquels vous avez travaill\u00e9 pr\u00e9c\u00e9demment. Comme le site web vous appartient et vous est uniquement d\u00e9di\u00e9, vous pouvez y ajouter des articles de blog et d&#8217;autres m\u00e9dias que vous souhaitez, en partageant des histoires personnelles ou des opinions personnelles que vous pensez pertinentes pour votre domaine d&#8217;activit\u00e9. Les clients non corporatifs recherchent dans la plupart des cas quelqu&#8217;un qui semble \u00eatre une personne d\u00e9cente avant de regarder l&#8217;exp\u00e9rience professionnelle. Assurez-vous que votre site web de portfolio puisse refl\u00e9ter quelques aspects personnels de vous ou ce que vous repr\u00e9sentez en tant qu&#8217;agence.<\/p>\n<p>De plus, un site web de portfolio peut \u00eatre un moyen pour vous de partager vos id\u00e9es innovantes avec le monde. Cela vous d\u00e9signe comme un ma\u00eetre de votre m\u00e9tier tout en permettant aux autres de s&#8217;inspirer de vos nouvelles id\u00e9es, vous rendant ainsi encore plus v\u00e9n\u00e9r\u00e9 et respect\u00e9 dans votre domaine.<\/p>\n<\/div>\n<\/div>\n<\/div>\n<\/div>\n<\/div>\n<\/div>\n<\/div>\n<\/div>\n<\/div>\n<\/div>\n<\/div>\n<\/div>\n<\/div>\n<p>&nbsp;<\/p>\n<p>[\/et_pb_text][\/et_pb_column][\/et_pb_row][\/et_pb_section][et_pb_section fb_built=&#8221;1&#8243; _builder_version=&#8221;4.16&#8243; _module_preset=&#8221;default&#8221; custom_padding=&#8221;0px||0px||false|false&#8221; locked=&#8221;off&#8221; global_colors_info=&#8221;{}&#8221;][et_pb_row _builder_version=&#8221;4.23.4&#8243; _module_preset=&#8221;default&#8221; width=&#8221;100%&#8221; max_width=&#8221;100%&#8221; module_alignment=&#8221;center&#8221; custom_padding=&#8221;0px||0px||false|false&#8221; global_colors_info=&#8221;{}&#8221;][et_pb_column type=&#8221;4_4&#8243; _builder_version=&#8221;4.16&#8243; _module_preset=&#8221;default&#8221; global_colors_info=&#8221;{}&#8221;][et_pb_cta title=&#8221;Avez-vous un projet en t\u00eate ?&#8221; button_url=&#8221;https:\/\/www.webdono.com\/fr\/fr\/nous-contacter\/&#8221; button_text=&#8221;Contactez-nous&#8221; _builder_version=&#8221;4.23.4&#8243; _module_preset=&#8221;default&#8221; header_font=&#8221;|700||on|||||&#8221; background_enable_color=&#8221;off&#8221; background_image=&#8221;https:\/\/www.webdono.com\/fr\/wp-content\/uploads\/2017\/10\/services.jpg&#8221; parallax=&#8221;on&#8221; parallax_method=&#8221;off&#8221; custom_button=&#8221;on&#8221; button_text_color=&#8221;#000000&#8243; button_bg_color=&#8221;#FFFFFF&#8221; button_border_width=&#8221;0px&#8221; custom_padding=&#8221;100px||100px||true|false&#8221; header_text_shadow_style=&#8221;preset3&#8243; header_text_shadow_color=&#8221;#000000&#8243; global_colors_info=&#8221;{}&#8221; button_text_color__hover_enabled=&#8221;on|hover&#8221; button_text_color__hover=&#8221;#FFFFFF&#8221; button_bg_color__hover_enabled=&#8221;on|hover&#8221; button_bg_color__hover=&#8221;#1FD7E0&#8243; button_bg_enable_color__hover=&#8221;on&#8221;][\/et_pb_cta][\/et_pb_column][\/et_pb_row][\/et_pb_section][et_pb_section fb_built=&#8221;1&#8243; _builder_version=&#8221;4.16&#8243; _module_preset=&#8221;default&#8221; global_colors_info=&#8221;{}&#8221;][et_pb_row _builder_version=&#8221;4.16&#8243; _module_preset=&#8221;default&#8221; global_colors_info=&#8221;{}&#8221;][et_pb_column type=&#8221;4_4&#8243; _builder_version=&#8221;4.16&#8243; _module_preset=&#8221;default&#8221; global_colors_info=&#8221;{}&#8221;][et_pb_text _builder_version=&#8221;4.23.4&#8243; _module_preset=&#8221;default&#8221; header_2_font=&#8221;|||on|||||&#8221; header_3_text_color=&#8221;#1FD7E0&#8243; global_colors_info=&#8221;{}&#8221;]<\/p>\n<h2>Voici ce que votre site web de portfolio devrait inclure :<\/h2>\n<h3>Vos informations professionnelles :<\/h3>\n<p>Votre site web de portfolio devrait inclure une section sur vos informations professionnelles, un peu comme un CV. Cela pourrait inclure des informations sur votre parcours acad\u00e9mique, les certifications pertinentes, les employeurs pr\u00e9c\u00e9dents importants, etc. Assurez-vous d&#8217;ajouter des informations pertinentes \u00e0 tous ces \u00e9l\u00e9ments, telles que les dates et les noms des institutions.<\/p>\n<h3>Travaux ant\u00e9rieurs :<\/h3>\n<p>\u00c9videmment, le but d&#8217;un site web de portfolio est de pr\u00e9senter vos projets professionnels pr\u00e9c\u00e9dents. Ces projets doivent \u00eatre faciles \u00e0 trouver, plac\u00e9s au centre de votre site web.<\/p>\n<h3>Visuels de haute qualit\u00e9 :<\/h3>\n<p>Pour accompagner vos projets pr\u00e9c\u00e9dents, vous devriez inclure un ensemble de visuels de haute qualit\u00e9 pour prouver \u00e0 vos futurs clients la qualit\u00e9 de votre travail. Il pourrait s&#8217;agir de photos documentant le processus, capturant les r\u00e9sultats finaux, ou de captures d&#8217;\u00e9cran si vous travaillez sur des projets num\u00e9riques.<\/p>\n<h3>Un appel \u00e0 l&#8217;action :<\/h3>\n<p>Un appel \u00e0 l&#8217;action fort est n\u00e9cessaire sur votre site web de portfolio. Vous voulez que les visiteurs de votre site web vous contactent ou vous embauchent pour des affaires, n&#8217;est-ce pas ? Attirez-les avec un appel \u00e0 l&#8217;action convaincant sur la page d&#8217;accueil.<\/p>\n<h3>Coordonn\u00e9es<\/h3>\n<p>Une autre fonctionnalit\u00e9 importante qui doit \u00eatre incluse quelque part de mani\u00e8re claire et facile \u00e0 trouver sur votre site web de portfolio est vos coordonn\u00e9es. C&#8217;est le moyen le plus facile pour les futurs clients de vous contacter et donc de vous embaucher.<\/p>\n<h3>T\u00e9moignages<\/h3>\n<p>Outre vos projets pr\u00e9c\u00e9dents, le meilleur moyen de prouver la qualit\u00e9 de votre travail aux employeurs est par le biais de t\u00e9moignages. Essayez de demander \u00e0 chaque client de laisser un t\u00e9moignage sur la fa\u00e7on dont ils ont aim\u00e9 travailler avec vous, et compilez-les tous pour les ajouter \u00e0 votre site web.<\/p>\n<p>&nbsp;<\/p>\n<p><strong><em>Voil\u00e0 les tenants et aboutissants d&#8217;un site web de portfolio que vous devez conna\u00eetre en tant que travailleur ind\u00e9pendant ou en tant qu&#8217;agence de services. Ce type de site web vous permettra de montrer au monde ce dont vous \u00eates capable, ce qui vous permettra d&#8217;attirer davantage de clients professionnels. Pour cr\u00e9er votre propre site web de portfolio d\u00e8s aujourd&#8217;hui, contactez-nous ici ou consultez nos offres.<\/em><\/strong><\/p>\n<p style=\"text-align: justify;\"><strong><em>\u00a0<\/em><\/strong><strong><em><\/em><\/strong><\/p>\n<p>[\/et_pb_text][\/et_pb_column][\/et_pb_row][\/et_pb_section][et_pb_section fb_built=&#8221;1&#8243; prev_background_color=&#8221;#ffffff&#8221; _builder_version=&#8221;4.16&#8243; _module_preset=&#8221;default&#8221; background_color=&#8221;#262C38&#8243; background_image=&#8221;https:\/\/www.webdono.com\/fr\/wp-content\/uploads\/2019\/05\/clients-bg.jpg&#8221; background_blend=&#8221;soft-light&#8221; custom_padding=&#8221;65px||65px||true|&#8221; top_divider_style=&#8221;triangle&#8221; top_divider_height=&#8221;60px&#8221; top_divider_flip=&#8221;vertical&#8221; locked=&#8221;off&#8221; global_colors_info=&#8221;{}&#8221;][et_pb_row _builder_version=&#8221;4.16&#8243; _module_preset=&#8221;default&#8221; global_colors_info=&#8221;{}&#8221;][et_pb_column type=&#8221;4_4&#8243; _builder_version=&#8221;4.16&#8243; _module_preset=&#8221;default&#8221; global_colors_info=&#8221;{}&#8221;][et_pb_text _builder_version=&#8221;4.23.4&#8243; _module_preset=&#8221;default&#8221; header_text_align=&#8221;center&#8221; header_text_color=&#8221;#FFFFFF&#8221; header_font_size=&#8221;40px&#8221; global_colors_info=&#8221;{}&#8221;]<\/p>\n<h1>Pr\u00eat \u00e0 commencer votre projet ?<\/h1>\n<p>[\/et_pb_text][et_pb_text _builder_version=&#8221;4.23.4&#8243; _module_preset=&#8221;default&#8221; header_2_font=&#8221;Poppins||||||||&#8221; header_2_text_align=&#8221;center&#8221; header_2_text_color=&#8221;#FFFFFF&#8221; global_colors_info=&#8221;{}&#8221;]<\/p>\n<h2>Nous vous aiderons \u00e0 atteindre vos objectifs et \u00e0 d\u00e9velopper votre entreprise.<\/h2>\n<p>[\/et_pb_text][et_pb_button button_url=&#8221;https:\/\/www.webdono.com\/fr\/contact-us\/&#8221; button_text=&#8221;obtenir un devis&#8221; button_alignment=&#8221;center&#8221; _builder_version=&#8221;4.23.4&#8243; _module_preset=&#8221;default&#8221; custom_button=&#8221;on&#8221; button_text_color=&#8221;#262C38&#8243; button_bg_color=&#8221;#FFFFFF&#8221; button_border_width=&#8221;0px&#8221; button_border_radius=&#8221;0px&#8221; button_font=&#8221;|||on|||||&#8221; global_colors_info=&#8221;{}&#8221;][\/et_pb_button][\/et_pb_column][\/et_pb_row][\/et_pb_section]<\/p>\n","protected":false},"excerpt":{"rendered":"<p>Cr\u00e9er un site web est l&#8217;une des \u00e9tapes les plus importantes que vous puissiez franchir pour l&#8217;avenir de votre marque ou de votre entreprise. Peu importe le type d&#8217;activit\u00e9 que vous exercez ou les services que vous proposez, la cr\u00e9ation d&#8217;un site web vous aidera \u00e0 attirer plus de clients et \u00e0 g\u00e9n\u00e9rer des ventes, [&hellip;]<\/p>\n","protected":false},"author":1,"featured_media":0,"parent":0,"menu_order":0,"comment_status":"closed","ping_status":"closed","template":"","meta":{"_et_pb_use_builder":"on","_et_pb_old_content":"","_et_gb_content_width":"","_joinchat":[],"footnotes":""},"class_list":["post-30891","page","type-page","status-publish","hentry"],"_links":{"self":[{"href":"https:\/\/www.webdono.com\/fr\/wp-json\/wp\/v2\/pages\/30891","targetHints":{"allow":["GET"]}}],"collection":[{"href":"https:\/\/www.webdono.com\/fr\/wp-json\/wp\/v2\/pages"}],"about":[{"href":"https:\/\/www.webdono.com\/fr\/wp-json\/wp\/v2\/types\/page"}],"author":[{"embeddable":true,"href":"https:\/\/www.webdono.com\/fr\/wp-json\/wp\/v2\/users\/1"}],"replies":[{"embeddable":true,"href":"https:\/\/www.webdono.com\/fr\/wp-json\/wp\/v2\/comments?post=30891"}],"version-history":[{"count":6,"href":"https:\/\/www.webdono.com\/fr\/wp-json\/wp\/v2\/pages\/30891\/revisions"}],"predecessor-version":[{"id":31585,"href":"https:\/\/www.webdono.com\/fr\/wp-json\/wp\/v2\/pages\/30891\/revisions\/31585"}],"wp:attachment":[{"href":"https:\/\/www.webdono.com\/fr\/wp-json\/wp\/v2\/media?parent=30891"}],"curies":[{"name":"wp","href":"https:\/\/api.w.org\/{rel}","templated":true}]}}