{"id":30886,"date":"2021-07-28T19:05:15","date_gmt":"2021-07-28T18:05:15","guid":{"rendered":"https:\/\/www.webdono.com\/?page_id=30886"},"modified":"2024-04-26T09:25:09","modified_gmt":"2024-04-26T08:25:09","slug":"e-commerce-website-3","status":"publish","type":"page","link":"https:\/\/www.webdono.com\/fr\/e-commerce-website-3\/","title":{"rendered":"Site web de commerce \u00e9lectronique"},"content":{"rendered":"<p>[et_pb_section fb_built=&#8221;1&#8243; fullwidth=&#8221;on&#8221; _builder_version=&#8221;4.23.4&#8243; _module_preset=&#8221;default&#8221; custom_margin=&#8221;0px||||false|false&#8221; custom_padding=&#8221;0px||||false|false&#8221; bottom_divider_style=&#8221;waves&#8221; bottom_divider_color=&#8221;#FFFFFF&#8221; bottom_divider_height=&#8221;60px&#8221; locked=&#8221;off&#8221; global_colors_info=&#8221;{}&#8221;][et_pb_fullwidth_header title=&#8221;@ET-DC@eyJkeW5hbWljIjp0cnVlLCJjb250ZW50IjoicG9zdF90aXRsZSIsInNldHRpbmdzIjp7ImJlZm9yZSI6IiIsImFmdGVyIjoiIn19@&#8221; _builder_version=&#8221;4.23.4&#8243; _dynamic_attributes=&#8221;title&#8221; _module_preset=&#8221;default&#8221; title_font=&#8221;|||on|||||&#8221; title_text_align=&#8221;center&#8221; title_font_size=&#8221;60px&#8221; background_color=&#8221;rgba(38,44,56,0.78)&#8221; background_image=&#8221;https:\/\/www.webdono.com\/fr\/wp-content\/uploads\/2021\/08\/ecoom-bg.jpg&#8221; background_blend=&#8221;multiply&#8221; custom_padding=&#8221;200px||200px||true|false&#8221; global_colors_info=&#8221;{}&#8221;][\/et_pb_fullwidth_header][\/et_pb_section][et_pb_section fb_built=&#8221;1&#8243; _builder_version=&#8221;4.23.4&#8243; _module_preset=&#8221;default&#8221; custom_padding=&#8221;||5px|||&#8221; locked=&#8221;off&#8221; global_colors_info=&#8221;{}&#8221;][et_pb_row _builder_version=&#8221;4.23.4&#8243; _module_preset=&#8221;default&#8221; global_colors_info=&#8221;{}&#8221;][et_pb_column type=&#8221;4_4&#8243; _builder_version=&#8221;4.16&#8243; _module_preset=&#8221;default&#8221; global_colors_info=&#8221;{}&#8221;][et_pb_text _builder_version=&#8221;4.23.4&#8243; _module_preset=&#8221;default&#8221; header_2_font=&#8221;|||on|||||&#8221; header_3_text_color=&#8221;#1FD7E0&#8243; global_colors_info=&#8221;{}&#8221;]<\/p>\n<p>\u00c0 l&#8217;\u00e8re actuelle d&#8217;Internet, la cr\u00e9ation d&#8217;un site Web pour votre entreprise est devenue une n\u00e9cessit\u00e9. Les sites Web vous aident \u00e0 pr\u00e9senter votre marque \u00e0 un plus grand nombre de personnes, \u00e0 vous faire un nom et \u00e0 attirer davantage de clients dans l&#8217;ensemble. Un site Web devrait \u00eatre au c\u0153ur de la strat\u00e9gie de marketing num\u00e9rique de chaque entreprise, car il peut faire des merveilles pour attirer de nouveaux clients et des affaires.<\/p>\n<p>Comment \u00e7a marche, pourriez-vous demander ? \u00c0 l&#8217;heure actuelle, les gens sont connect\u00e9s \u00e0 Internet plus que jamais auparavant. Nous sommes devenus trop attach\u00e9s au confort que nous apporte Internet, et \u00e0 la rapidit\u00e9 avec laquelle il nous fournit les informations dont nous avons besoin. En cons\u00e9quence, nous nous tournons vers Internet pour r\u00e9soudre les t\u00e2ches les plus basiques telles que : o\u00f9 devrais-je aller bruncher aujourd&#8217;hui ? O\u00f9 puis-je acheter de nouveaux meubles pour mon bureau ? Ou encore, la marque &#8220;X&#8221; est-elle bonne ou mauvaise ?<\/p>\n<p>Ce ne sont l\u00e0 que quelques-unes des nombreuses fa\u00e7ons dont les gens utilisent Internet qui peuvent avoir un impact sur vous et votre entreprise. Bien s\u00fbr, vous voulez que les gens puissent vous trouver sur cette vaste toile qu&#8217;ils utilisent quotidiennement, n&#8217;est-ce pas ? Si votre r\u00e9ponse est oui, alors vous \u00eates d\u00e9j\u00e0 sur la bonne voie.<\/p>\n<p>Lorsqu&#8217;il s&#8217;agit de cr\u00e9er un site Web pour votre entreprise, gardez ceci \u00e0 l&#8217;esprit : les sites Web viennent dans toutes les formes et tailles, litt\u00e9ralement. Ils peuvent offrir diff\u00e9rentes fonctionnalit\u00e9s selon l&#8217;image de marque de votre entreprise et l&#8217;id\u00e9e que vous voulez transmettre aux clients. \u00c9tant enti\u00e8rement personnalisables et selon vos pr\u00e9f\u00e9rences, ils peuvent \u00eatre un excellent moyen de faire ressortir votre marque de la concurrence.<\/p>\n<p>Un des types de sites Web les plus largement utilis\u00e9s par une grande vari\u00e9t\u00e9 d&#8217;entreprises est un site Web de commerce \u00e9lectronique. Selon le type d&#8217;entreprise que vous g\u00e9rez et les fonctionnalit\u00e9s que vous souhaitez obtenir de votre site Web, un site Web de commerce \u00e9lectronique peut \u00eatre parfaitement adapt\u00e9 \u00e0 vos besoins. Continuez \u00e0 lire pour en savoir plus sur les sites Web de commerce \u00e9lectronique et comment ils fonctionnent.<\/p>\n<h2 style=\"text-align: left;\"><strong><b>QU&#8217;EST-CE QU&#8217;UN SITE WEB DE COMMERCE \u00c9LECTRONIQUE ?<\/b><\/strong><\/h2>\n<p>Le concept d&#8217;un site web de commerce \u00e9lectronique est assez simple : c&#8217;est une plateforme en ligne o\u00f9 vous pouvez pr\u00e9senter des biens \u00e0 vendre, avec la possibilit\u00e9 pour les clients de les acheter en ligne. Pour un peu d&#8217;histoire, Internet a \u00e9t\u00e9 disponible pour le grand public \u00e0 partir de la fin des ann\u00e9es 80, ce qui le rend aujourd&#8217;hui \u00e2g\u00e9 d&#8217;environ 32 ans. Le commerce \u00e9lectronique est encore plus jeune que cela, avec la toute premi\u00e8re transaction de commerce \u00e9lectronique ayant eu lieu en 1994 (c&#8217;\u00e9tait un CD !).<\/p>\n<p>En 2020, les ventes de commerce \u00e9lectronique dans le monde ont atteint 4,28 billions de dollars am\u00e9ricains. Pouvez-vous saisir \u00e0 quel point ce chiffre est \u00e9norme ?<\/p>\n<p>Cela montre \u00e0 quel point le commerce \u00e9lectronique est une industrie \u00e9norme et en plein essor \u00e0 laquelle les marques ne devraient pas fermer les yeux. En fait, de nombreuses entreprises de vente au d\u00e9tail existent aujourd&#8217;hui uniquement en ligne, sans magasin physique en dur. Ce ph\u00e9nom\u00e8ne est rendu possible gr\u00e2ce \u00e0 Internet et aux sites web de commerce \u00e9lectronique.<\/p>\n<p>La meilleure fa\u00e7on de d\u00e9crire un site web de commerce \u00e9lectronique serait de le comparer \u00e0 un magasin de vente au d\u00e9tail physique, o\u00f9 vous pouvez parcourir diff\u00e9rents articles, regarder leur \u00e9tiquette de prix, les mettre dans votre panier si vous les aimez, et les acheter, tout sur un march\u00e9 num\u00e9rique en ligne. C&#8217;est similaire \u00e0 l&#8217;exp\u00e9rience d&#8217;achat en vrai, mais avec tellement de fonctionnalit\u00e9s ajout\u00e9es qui rendent le processus plus facile pour les clients. Des sites web comme Amazon, eBay et Alibaba sont quelques-uns des sites web de commerce \u00e9lectronique les plus anciens et les plus remarquables que nous connaissons aujourd&#8217;hui.<\/p>\n<h2><strong><b>LE BUT D&#8217;UN SITE WEB DE COMMERCE \u00c9LECTRONIQUE<\/b><\/strong><strong><\/strong><\/h2>\n<p>Comme expliqu\u00e9 ci-dessus, un site web de commerce \u00e9lectronique sert \u00e0 vendre des biens et des services en ligne. Cela signifie que ce type de sites web est sp\u00e9cifiquement pratique pour les entreprises commerciales sp\u00e9cialis\u00e9es dans ce mod\u00e8le commercial. Si votre marque est ax\u00e9e sur la vente au d\u00e9tail et que vous souhaitez disposer d&#8217;une plateforme en ligne o\u00f9 vous pouvez r\u00e9aliser des ventes et g\u00e9n\u00e9rer des revenus, alors un site web de commerce \u00e9lectronique est la r\u00e9ponse pour vous. Un site web de commerce \u00e9lectronique est un portail qui facilite les transactions en ligne en offrant des moyens de transfert d&#8217;informations et de fonds sur Internet.<\/p>\n<p>Autrefois, les gens \u00e9taient plus r\u00e9ticents \u00e0 utiliser les sites web de commerce \u00e9lectronique car il y avait un risque de se faire arnaquer. Les activit\u00e9s frauduleuses et les escroqueries via les sites web de commerce \u00e9lectronique sont devenues moins courantes aujourd&#8217;hui, gr\u00e2ce aux solutions d\u00e9velopp\u00e9es par les concepteurs de ces sites web. Aujourd&#8217;hui, les gens peuvent laisser des avis sur les articles qu&#8217;ils ont achet\u00e9s en ligne, et les paiements en ligne sont plus s\u00e9curis\u00e9s que jamais. Ces solutions permettent aux clients de se sentir plus \u00e0 l&#8217;aise lorsqu&#8217;ils font des achats en ligne, et donc d&#8217;avoir plus confiance dans les sites web de commerce \u00e9lectronique. En cons\u00e9quence, les entreprises b\u00e9n\u00e9ficient s\u00e9rieusement du march\u00e9 en ligne et augmentent leurs ventes.<\/p>\n<p>Le site web de commerce \u00e9lectronique de votre marque peut \u00eatre soit sa principale et unique source d&#8217;activit\u00e9, soit un moyen de soutenir votre magasin en dur. Dans les deux cas, c&#8217;est une excellente opportunit\u00e9 pour votre entreprise de se d\u00e9velopper et de passer \u00e0 un niveau sup\u00e9rieur.<\/p>\n<p>&nbsp;<\/p>\n<p>[\/et_pb_text][\/et_pb_column][\/et_pb_row][\/et_pb_section][et_pb_section fb_built=&#8221;1&#8243; _builder_version=&#8221;4.23.4&#8243; _module_preset=&#8221;default&#8221; custom_padding=&#8221;0px||0px||false|false&#8221; locked=&#8221;off&#8221; global_colors_info=&#8221;{}&#8221;][et_pb_row _builder_version=&#8221;4.23.4&#8243; _module_preset=&#8221;default&#8221; width=&#8221;100%&#8221; max_width=&#8221;100%&#8221; module_alignment=&#8221;center&#8221; custom_padding=&#8221;0px||0px||false|false&#8221; global_colors_info=&#8221;{}&#8221;][et_pb_column type=&#8221;4_4&#8243; _builder_version=&#8221;4.16&#8243; _module_preset=&#8221;default&#8221; global_colors_info=&#8221;{}&#8221;][et_pb_cta title=&#8221;Consultez nos projets&#8221; button_url=&#8221;https:\/\/www.webdono.com\/fr\/portfolio\/&#8221; button_text=&#8221;Portfolio&#8221; _builder_version=&#8221;4.23.4&#8243; _module_preset=&#8221;default&#8221; header_font=&#8221;|700||on|||||&#8221; background_enable_color=&#8221;off&#8221; background_image=&#8221;https:\/\/www.webdono.com\/fr\/wp-content\/uploads\/2021\/07\/marketing-digital-bg.jpg&#8221; parallax=&#8221;on&#8221; parallax_method=&#8221;off&#8221; custom_button=&#8221;on&#8221; button_text_color=&#8221;#000000&#8243; button_bg_color=&#8221;#FFFFFF&#8221; button_border_width=&#8221;0px&#8221; custom_padding=&#8221;100px||100px||true|false&#8221; header_text_shadow_style=&#8221;preset3&#8243; header_text_shadow_color=&#8221;#000000&#8243; global_colors_info=&#8221;{}&#8221; button_text_color__hover_enabled=&#8221;on|hover&#8221; button_text_color__hover=&#8221;#FFFFFF&#8221; button_bg_color__hover_enabled=&#8221;on|hover&#8221; button_bg_color__hover=&#8221;#1FD7E0&#8243; button_bg_enable_color__hover=&#8221;on&#8221;][\/et_pb_cta][\/et_pb_column][\/et_pb_row][\/et_pb_section][et_pb_section fb_built=&#8221;1&#8243; _builder_version=&#8221;4.23.4&#8243; _module_preset=&#8221;default&#8221; global_colors_info=&#8221;{}&#8221;][et_pb_row _builder_version=&#8221;4.23.4&#8243; _module_preset=&#8221;default&#8221; global_colors_info=&#8221;{}&#8221;][et_pb_column type=&#8221;4_4&#8243; _builder_version=&#8221;4.16&#8243; _module_preset=&#8221;default&#8221; global_colors_info=&#8221;{}&#8221;][et_pb_text _builder_version=&#8221;4.23.4&#8243; _module_preset=&#8221;default&#8221; header_2_font=&#8221;|||on|||||&#8221; header_3_text_color=&#8221;#1FD7E0&#8243; global_colors_info=&#8221;{}&#8221;]<\/p>\n<h2><strong><b>ELEMENTS QUE VOTRE SITE WEB DE COMMERCE \u00c9LECTRONIQUE DEVRAIT INCLURE : <\/b><\/strong><strong><\/strong><\/h2>\n<ul>\n<li><b><span><\/span><\/b><br \/>\n<h3><strong><b>Informations sur votre marque<\/b><\/strong><\/h3>\n<\/li>\n<\/ul>\n<p>La premi\u00e8re chose que vos clients devraient pouvoir voir lorsqu&#8217;ils ouvrent votre site web de commerce \u00e9lectronique est une introduction \u00e0 votre marque. Votre nom de marque, slogan, logo, sp\u00e9cialit\u00e9, caract\u00e9ristiques uniques&#8230; ce sont toutes des choses qui devraient \u00eatre incluses sur votre page d&#8217;accueil.<\/p>\n<ul>\n<li><b><span><\/span><\/b><br \/>\n<h3><strong><b>Un catalogue des biens et services fournis<\/b><\/strong><\/h3>\n<\/li>\n<\/ul>\n<p>Les clients doivent voir le commerce sur votre site web de commerce \u00e9lectronique. Une liste compl\u00e8te de tous les produits que vous avez en stock ou des services que vous fournissez, avec des images, des \u00e9tiquettes de prix et des sp\u00e9cifications, doit \u00eatre facilement accessible sur votre site web.<\/p>\n<ul>\n<li><b><span><\/span><\/b><br \/>\n<h3><strong><b>Une fonctionnalit\u00e9 de paiement conviviale<\/b><\/strong><\/h3>\n<\/li>\n<\/ul>\n<p>Votre site web ne serait pas un site web de commerce \u00e9lectronique sans que les clients aient la possibilit\u00e9 d&#8217;acheter en ligne chez vous. Que vos m\u00e9thodes de paiement soient par PayPal, carte de cr\u00e9dit ou m\u00eame paiement \u00e0 la livraison, vous avez besoin d&#8217;une section de paiement facile \u00e0 utiliser sur votre site web.<\/p>\n<ul>\n<li><b><span><\/span><\/b><br \/>\n<h3><strong><b>Avis g\u00e9n\u00e9r\u00e9s par les utilisateurs<\/b><\/strong><\/h3>\n<\/li>\n<\/ul>\n<p>Ce qui fait la diff\u00e9rence entre une entreprise et une autre, c&#8217;est leur taux de satisfaction client. Faites savoir au monde que les gens ont utilis\u00e9 et aim\u00e9 vos produits en incluant une fonctionnalit\u00e9 d&#8217;avis clients.<\/p>\n<ul>\n<li><b><span><\/span><\/b><br \/>\n<h3><strong><b>Listes de souhaits<\/b><\/strong><\/h3>\n<\/li>\n<\/ul>\n<p>Les achats en ligne sont devenus un passe-temps pour certaines personnes aujourd&#8217;hui, alors vous voulez qu&#8217;elles s&#8217;amusent autant que possible en utilisant votre site web de commerce \u00e9lectronique.<\/p>\n<p>Permettre aux utilisateurs de cr\u00e9er des listes de souhaits sur votre site web les incitera \u00e0 revenir pour plus.<\/p>\n<ul>\n<li><b><span><\/span><\/b><br \/>\n<h3><strong><b>D\u00e9tails d&#8217;exp\u00e9dition<\/b><\/strong><\/h3>\n<\/li>\n<\/ul>\n<p>Avec les achats en ligne vient la n\u00e9cessit\u00e9 d&#8217;exp\u00e9dition. Informez vos clients de tout le processus d&#8217;exp\u00e9dition pour les encourager \u00e0 acheter chez vous sans soucis.<\/p>\n<p><em><strong>En r\u00e9sum\u00e9, un site web de commerce \u00e9lectronique est une excellente option que vous pouvez choisir lorsque vous choisissez un type de site web pour votre marque. Il vous donnera une plateforme pour g\u00e9rer votre entreprise en douceur tout en augmentant vos ventes, et il pr\u00e9sentera vos biens et services \u00e0 plus de clients potentiels que jamais auparavant. Si vous \u00eates int\u00e9ress\u00e9 \u00e0 cr\u00e9er un site web de commerce \u00e9lectronique pour votre marque, n&#8217;h\u00e9sitez pas \u00e0 nous contacter pour obtenir un devis, ou consultez nos offres ici.<\/strong><\/em><\/p>\n<p>&nbsp;<\/p>\n<p style=\"text-align: justify;\"><strong><em>\u00a0<\/em><\/strong><strong><em><\/em><\/strong><\/p>\n<p>[\/et_pb_text][\/et_pb_column][\/et_pb_row][\/et_pb_section][et_pb_section fb_built=&#8221;1&#8243; prev_background_color=&#8221;#ffffff&#8221; _builder_version=&#8221;4.23.4&#8243; _module_preset=&#8221;default&#8221; background_color=&#8221;#262C38&#8243; background_image=&#8221;https:\/\/www.webdono.com\/fr\/wp-content\/uploads\/2019\/05\/clients-bg.jpg&#8221; background_blend=&#8221;soft-light&#8221; custom_padding=&#8221;65px||65px||true|&#8221; top_divider_style=&#8221;triangle&#8221; top_divider_height=&#8221;60px&#8221; top_divider_flip=&#8221;vertical&#8221; locked=&#8221;off&#8221; global_colors_info=&#8221;{}&#8221;][et_pb_row _builder_version=&#8221;4.23.4&#8243; _module_preset=&#8221;default&#8221; global_colors_info=&#8221;{}&#8221;][et_pb_column type=&#8221;4_4&#8243; _builder_version=&#8221;4.16&#8243; _module_preset=&#8221;default&#8221; global_colors_info=&#8221;{}&#8221;][et_pb_text _builder_version=&#8221;4.23.4&#8243; _module_preset=&#8221;default&#8221; header_text_align=&#8221;center&#8221; header_text_color=&#8221;#FFFFFF&#8221; header_font_size=&#8221;40px&#8221; hover_enabled=&#8221;0&#8243; global_colors_info=&#8221;{}&#8221; sticky_enabled=&#8221;0&#8243;]<\/p>\n<div class=\"flex-1 overflow-hidden\">\n<div class=\"react-scroll-to-bottom--css-irdsd-79elbk h-full\">\n<div class=\"react-scroll-to-bottom--css-irdsd-1n7m0yu\">\n<div>\n<div class=\"flex flex-col text-sm pb-9\">\n<div class=\"w-full text-token-text-primary\" dir=\"auto\" data-testid=\"conversation-turn-191\">\n<div class=\"px-4 py-2 justify-center text-base md:gap-6 m-auto\">\n<div class=\"flex flex-1 text-base mx-auto gap-3 juice:gap-4 juice:md:gap-6 md:px-5 lg:px-1 xl:px-5 md:max-w-3xl lg:max-w-[40rem] xl:max-w-[48rem]\">\n<div class=\"relative flex w-full flex-col agent-turn\">\n<div class=\"flex-col gap-1 md:gap-3\">\n<div class=\"flex flex-grow flex-col max-w-full\">\n<div data-message-author-role=\"assistant\" data-message-id=\"ded8759a-d37b-499f-b192-1b1625c14281\" dir=\"auto\" class=\"min-h-[20px] text-message flex flex-col items-start gap-3 whitespace-pre-wrap break-words [.text-message+&amp;]:mt-5 overflow-x-auto\">\n<div class=\"markdown prose w-full break-words dark:prose-invert light\">\n<h1>Pr\u00eat \u00e0 commencer votre projet ?<\/h1>\n<\/div>\n<\/div>\n<\/div>\n<div class=\"mt-1 flex gap-3 empty:hidden\">\n<div class=\"text-gray-400 flex self-end lg:self-center items-center justify-center lg:justify-start mt-0 -ml-1 h-7 gap-[2px] visible\">\n<div class=\"flex\"><\/div>\n<\/div>\n<\/div>\n<div class=\"pr-2 lg:pr-0\"><\/div>\n<\/div>\n<div class=\"absolute\">\n<div class=\"flex w-full gap-2 items-center justify-center\"><\/div>\n<\/div>\n<\/div>\n<\/div>\n<\/div>\n<\/div>\n<\/div>\n<\/div>\n<\/div>\n<\/div>\n<\/div>\n<p>[\/et_pb_text][et_pb_text _builder_version=&#8221;4.23.4&#8243; _module_preset=&#8221;default&#8221; header_2_font=&#8221;Poppins||||||||&#8221; header_2_text_align=&#8221;center&#8221; header_2_text_color=&#8221;#FFFFFF&#8221; hover_enabled=&#8221;0&#8243; global_colors_info=&#8221;{}&#8221; sticky_enabled=&#8221;0&#8243;]<\/p>\n<div class=\"flex-1 overflow-hidden\">\n<div class=\"react-scroll-to-bottom--css-irdsd-79elbk h-full\">\n<div class=\"react-scroll-to-bottom--css-irdsd-1n7m0yu\">\n<div>\n<div class=\"flex flex-col text-sm pb-9\">\n<div class=\"w-full text-token-text-primary\" dir=\"auto\" data-testid=\"conversation-turn-193\">\n<div class=\"px-4 py-2 justify-center text-base md:gap-6 m-auto\">\n<div class=\"flex flex-1 text-base mx-auto gap-3 juice:gap-4 juice:md:gap-6 md:px-5 lg:px-1 xl:px-5 md:max-w-3xl lg:max-w-[40rem] xl:max-w-[48rem]\">\n<div class=\"relative flex w-full flex-col agent-turn\">\n<div class=\"flex-col gap-1 md:gap-3\">\n<div class=\"flex flex-grow flex-col max-w-full\">\n<div data-message-author-role=\"assistant\" data-message-id=\"b87b77e2-a39a-42bc-bb80-67d80f291ed8\" dir=\"auto\" class=\"min-h-[20px] text-message flex flex-col items-start gap-3 whitespace-pre-wrap break-words [.text-message+&amp;]:mt-5 overflow-x-auto\">\n<div class=\"markdown prose w-full break-words dark:prose-invert light\">\n<h2>Nous vous aiderons \u00e0 atteindre vos objectifs et \u00e0 d\u00e9velopper votre entreprise.<\/h2>\n<\/div>\n<\/div>\n<\/div>\n<div class=\"mt-1 flex gap-3 empty:hidden\">\n<div class=\"text-gray-400 flex self-end lg:self-center items-center justify-center lg:justify-start mt-0 -ml-1 h-7 gap-[2px] visible\">\n<div class=\"flex\"><\/div>\n<\/div>\n<\/div>\n<div class=\"pr-2 lg:pr-0\"><\/div>\n<\/div>\n<div class=\"absolute\">\n<div class=\"flex w-full gap-2 items-center justify-center\"><\/div>\n<\/div>\n<\/div>\n<\/div>\n<\/div>\n<\/div>\n<\/div>\n<\/div>\n<\/div>\n<\/div>\n<\/div>\n<p>[\/et_pb_text][et_pb_button button_url=&#8221;https:\/\/www.webdono.com\/fr\/contact-us\/&#8221; button_text=&#8221;obtenir un devis&#8221; button_alignment=&#8221;center&#8221; _builder_version=&#8221;4.23.4&#8243; _module_preset=&#8221;default&#8221; custom_button=&#8221;on&#8221; button_text_color=&#8221;#262C38&#8243; button_bg_color=&#8221;#FFFFFF&#8221; button_border_width=&#8221;0px&#8221; button_border_radius=&#8221;0px&#8221; button_font=&#8221;|||on|||||&#8221; hover_enabled=&#8221;0&#8243; global_colors_info=&#8221;{}&#8221; sticky_enabled=&#8221;0&#8243;][\/et_pb_button][\/et_pb_column][\/et_pb_row][\/et_pb_section]<\/p>\n","protected":false},"excerpt":{"rendered":"<p>\u00c0 l&#8217;\u00e8re actuelle d&#8217;Internet, la cr\u00e9ation d&#8217;un site Web pour votre entreprise est devenue une n\u00e9cessit\u00e9. Les sites Web vous aident \u00e0 pr\u00e9senter votre marque \u00e0 un plus grand nombre de personnes, \u00e0 vous faire un nom et \u00e0 attirer davantage de clients dans l&#8217;ensemble. Un site Web devrait \u00eatre au c\u0153ur de la strat\u00e9gie [&hellip;]<\/p>\n","protected":false},"author":1,"featured_media":0,"parent":0,"menu_order":0,"comment_status":"closed","ping_status":"closed","template":"","meta":{"_et_pb_use_builder":"on","_et_pb_old_content":"","_et_gb_content_width":"","_joinchat":[],"footnotes":""},"class_list":["post-30886","page","type-page","status-publish","hentry"],"_links":{"self":[{"href":"https:\/\/www.webdono.com\/fr\/wp-json\/wp\/v2\/pages\/30886","targetHints":{"allow":["GET"]}}],"collection":[{"href":"https:\/\/www.webdono.com\/fr\/wp-json\/wp\/v2\/pages"}],"about":[{"href":"https:\/\/www.webdono.com\/fr\/wp-json\/wp\/v2\/types\/page"}],"author":[{"embeddable":true,"href":"https:\/\/www.webdono.com\/fr\/wp-json\/wp\/v2\/users\/1"}],"replies":[{"embeddable":true,"href":"https:\/\/www.webdono.com\/fr\/wp-json\/wp\/v2\/comments?post=30886"}],"version-history":[{"count":7,"href":"https:\/\/www.webdono.com\/fr\/wp-json\/wp\/v2\/pages\/30886\/revisions"}],"predecessor-version":[{"id":31589,"href":"https:\/\/www.webdono.com\/fr\/wp-json\/wp\/v2\/pages\/30886\/revisions\/31589"}],"wp:attachment":[{"href":"https:\/\/www.webdono.com\/fr\/wp-json\/wp\/v2\/media?parent=30886"}],"curies":[{"name":"wp","href":"https:\/\/api.w.org\/{rel}","templated":true}]}}