{"id":30882,"date":"2021-07-28T18:54:27","date_gmt":"2021-07-28T17:54:27","guid":{"rendered":"https:\/\/www.webdono.com\/?page_id=30882"},"modified":"2024-04-26T09:26:21","modified_gmt":"2024-04-26T08:26:21","slug":"business-website-3","status":"publish","type":"page","link":"https:\/\/www.webdono.com\/fr\/business-website-3\/","title":{"rendered":"Site Web d&#8217;entreprise"},"content":{"rendered":"<p>[et_pb_section fb_built=&#8221;1&#8243; fullwidth=&#8221;on&#8221; _builder_version=&#8221;4.23.4&#8243; _module_preset=&#8221;default&#8221; custom_margin=&#8221;0px||||false|false&#8221; custom_padding=&#8221;0px||||false|false&#8221; global_colors_info=&#8221;{}&#8221;][et_pb_fullwidth_header title=&#8221;@ET-DC@eyJkeW5hbWljIjp0cnVlLCJjb250ZW50IjoicG9zdF90aXRsZSIsInNldHRpbmdzIjp7ImJlZm9yZSI6IiIsImFmdGVyIjoiIn19@&#8221; _builder_version=&#8221;4.23.4&#8243; _dynamic_attributes=&#8221;title&#8221; _module_preset=&#8221;default&#8221; title_font=&#8221;|||on|||||&#8221; title_font_size=&#8221;60px&#8221; background_color=&#8221;rgba(38,44,56,0.61)&#8221; background_image=&#8221;https:\/\/www.webdono.com\/fr\/wp-content\/uploads\/2021\/08\/buisnes-bg.jpg&#8221; background_blend=&#8221;multiply&#8221; custom_padding=&#8221;200px||200px||true|false&#8221; global_colors_info=&#8221;{}&#8221;][\/et_pb_fullwidth_header][\/et_pb_section][et_pb_section fb_built=&#8221;1&#8243; _builder_version=&#8221;4.23.4&#8243; _module_preset=&#8221;default&#8221; locked=&#8221;off&#8221; global_colors_info=&#8221;{}&#8221;][et_pb_row _builder_version=&#8221;4.23.4&#8243; _module_preset=&#8221;default&#8221; global_colors_info=&#8221;{}&#8221;][et_pb_column type=&#8221;4_4&#8243; _builder_version=&#8221;4.16&#8243; _module_preset=&#8221;default&#8221; global_colors_info=&#8221;{}&#8221;][et_pb_text _builder_version=&#8221;4.23.4&#8243; _module_preset=&#8221;default&#8221; header_2_font=&#8221;|||on|||||&#8221; header_3_text_color=&#8221;#1FD7E0&#8243; global_colors_info=&#8221;{}&#8221;]<\/p>\n<p>Si vous \u00eates propri\u00e9taire d&#8217;une entreprise, quel que soit le type et la taille de votre entreprise, vous devez avoir un site Web qui repr\u00e9sentera votre marque dans le monde num\u00e9rique. De nos jours, nous sommes plus connect\u00e9s \u00e0 Internet que jamais, et nous l&#8217;utilisons pour pratiquement tous les aspects de notre vie. Besoin de savoir quand le cabinet m\u00e9dical sera ouvert ? Vous le recherchez en ligne. Envie de d\u00e9couvrir de nouveaux restaurants dans votre r\u00e9gion ? Vous le recherchez en ligne. Vous voulez savoir comment utiliser un outil nouvellement achet\u00e9 ? Vous le cherchez en ligne ! De la m\u00eame mani\u00e8re, les gens rechercheront le nom de votre entreprise sur Internet et tout ce qui appara\u00eetra sera leur premi\u00e8re impression de vous. Vous voudriez s\u00fbrement faire bonne impression sur les clients potentiels, n&#8217;est-ce pas ? Pour y parvenir, vous aurez d&#8217;abord besoin d&#8217;un site Web int\u00e9ressant.<\/p>\n<p>Il existe de nombreux types de sites Web qui peuvent \u00eatre utilis\u00e9s pour correspondre \u00e0 votre marque sp\u00e9cifique, selon le type de mod\u00e8le d&#8217;entreprise que vous exploitez. Que vous souhaitiez vendre des produits en ligne ou non, les fonctions que vous souhaitez que le site Web ait, et le type de mod\u00e8le d&#8217;entreprise que vous exploitez sont tous des facteurs \u00e0 prendre en compte lors de la s\u00e9lection du type de site Web \u00e0 utiliser pour votre entreprise.<\/p>\n<p>L&#8217;un des types de sites Web les plus populaires et largement utilis\u00e9s par les marques du monde entier sont les sites Web d&#8217;entreprise. Ils sont r\u00e9put\u00e9s pour \u00eatre pratiques, conviviaux et tr\u00e8s efficaces. Si vous envisagez un site Web d&#8217;entreprise pour accompagner votre marque et que vous souhaitez en savoir plus sur ce type de sites Web, veuillez continuer \u00e0 lire.<\/p>\n<h2><strong><b>Qu\u2019est-ce-qu\u2019un site web d\u2019entreprise ?<\/b><\/strong><\/h2>\n<p>Un site Web d&#8217;entreprise est un type de site Web utilis\u00e9 par les marques pour marquer leur pr\u00e9sence en ligne et placer leur entreprise sur la carte num\u00e9rique. C&#8217;est l&#8217;un des types de sites Web les plus flexibles et polyvalents, avec un design simple et des fonctions pratiques. Un site Web d&#8217;entreprise est la fen\u00eatre de votre marque sur le monde en ligne, o\u00f9 les clients potentiels peuvent jeter un \u0153il et se faire une id\u00e9e de ce que vous repr\u00e9sentez. C&#8217;est comme une vitrine qui fournit les d\u00e9tails de votre entreprise, sauf que c&#8217;est num\u00e9rique et interactif.<\/p>\n<p>Un site Web d&#8217;entreprise met en valeur l&#8217;identit\u00e9 de votre marque, son objectif, ses valeurs et d&#8217;autres informations concernant votre entreprise. Il est parfait pour les entit\u00e9s ayant un but commercial mais ne souhaitant pas de ventes directes en ligne. Cela dit, un site Web d&#8217;entreprise peut parfaitement inclure tous les produits et services que vous proposez, sauf sans la possibilit\u00e9 de les acheter en ligne. Dans ce cas, votre objectif principal est de familiariser les clients potentiels avec votre marque, de leur montrer ce que vous pouvez leur offrir, puis de les diriger vers votre magasin ou votre bureau.<\/p>\n<p>En termes simples, votre site Web d&#8217;entreprise sera la carte de visite de votre marque, qui encouragera les clients \u00e0 vous contacter, offrant ainsi une opportunit\u00e9 de stimuler les ventes.<\/p>\n<h2><strong><b>Le but d&#8217;un site Web d&#8217;entreprise\u00a0<\/b><\/strong><\/h2>\n<p>Le but d&#8217;un site Web d&#8217;entreprise peut \u00eatre ce que vous voulez qu&#8217;il soit.<\/p>\n<p>Principalement, un site Web d&#8217;entreprise est utilis\u00e9 pour marquer la pr\u00e9sence en ligne d&#8217;une marque, en tant que partie centrale d&#8217;un plan marketing plus large. Il sert \u00e0 pr\u00e9senter votre marque \u00e0 de nouveaux clients potentiels curieux et \u00e0 leur fournir toutes les informations dont ils ont besoin sur son fonctionnement. Lorsque les clients en savent plus sur votre histoire, vos produits et services, o\u00f9 vous contacter et o\u00f9 vous trouver, l&#8217;entreprise fonctionne beaucoup plus facilement. Un site Web d&#8217;entreprise, dans son essence, est votre propre petit emplacement sur Internet qui dira aux visiteurs tout ce qu&#8217;ils ont besoin de savoir sur vous.<\/p>\n<p>De plus, vous pouvez optimiser votre site Web d&#8217;entreprise pour appara\u00eetre dans les pages de r\u00e9sultats des moteurs de recherche, ce qui attirera naturellement de nouvelles personnes qui ne connaissaient pas auparavant votre marque. Cela signifie encore plus de ventes et de reconnaissance pour votre entreprise, ce qui n&#8217;aurait pas \u00e9t\u00e9 possible auparavant sans un site Web. Ce type de site Web donnera \u00e0 votre marque une chance de conna\u00eetre un essor des ventes et d&#8217;attirer beaucoup de nouveaux clients. peut \u00eatre ce que vous voulez qu&#8217;il soit.<\/p>\n<p>&nbsp;<\/p>\n<p>[\/et_pb_text][\/et_pb_column][\/et_pb_row][\/et_pb_section][et_pb_section fb_built=&#8221;1&#8243; _builder_version=&#8221;4.23.4&#8243; _module_preset=&#8221;default&#8221; custom_padding=&#8221;0px||0px||false|false&#8221; global_colors_info=&#8221;{}&#8221;][et_pb_row _builder_version=&#8221;4.23.4&#8243; _module_preset=&#8221;default&#8221; width=&#8221;100%&#8221; max_width=&#8221;100%&#8221; module_alignment=&#8221;center&#8221; custom_padding=&#8221;0px||0px||false|false&#8221; global_colors_info=&#8221;{}&#8221;][et_pb_column type=&#8221;4_4&#8243; _builder_version=&#8221;4.16&#8243; _module_preset=&#8221;default&#8221; global_colors_info=&#8221;{}&#8221;][et_pb_cta title=&#8221;Avez-vous un projet \u00e0 l&#8217;esprit?&#8221; button_url=&#8221;https:\/\/www.webdono.com\/fr\/fr\/nous-contacter\/&#8221; button_text=&#8221;Contactez-nous&#8221; _builder_version=&#8221;4.23.4&#8243; _module_preset=&#8221;default&#8221; header_font=&#8221;|700||on|||||&#8221; background_enable_color=&#8221;off&#8221; background_image=&#8221;https:\/\/www.webdono.com\/fr\/wp-content\/uploads\/2018\/01\/Kasbah-Merzouga-8.jpg&#8221; parallax=&#8221;on&#8221; parallax_method=&#8221;off&#8221; custom_button=&#8221;on&#8221; button_text_color=&#8221;#000000&#8243; button_bg_color=&#8221;#FFFFFF&#8221; button_border_width=&#8221;0px&#8221; custom_padding=&#8221;100px||100px||true|false&#8221; header_text_shadow_style=&#8221;preset3&#8243; header_text_shadow_color=&#8221;#000000&#8243; global_colors_info=&#8221;{}&#8221; button_text_color__hover_enabled=&#8221;on|hover&#8221; button_text_color__hover=&#8221;#FFFFFF&#8221; button_bg_color__hover_enabled=&#8221;on|hover&#8221; button_bg_color__hover=&#8221;#1FD7E0&#8243; button_bg_enable_color__hover=&#8221;on&#8221;][\/et_pb_cta][\/et_pb_column][\/et_pb_row][\/et_pb_section][et_pb_section fb_built=&#8221;1&#8243; _builder_version=&#8221;4.23.4&#8243; _module_preset=&#8221;default&#8221; global_colors_info=&#8221;{}&#8221;][et_pb_row _builder_version=&#8221;4.23.4&#8243; _module_preset=&#8221;default&#8221; global_colors_info=&#8221;{}&#8221;][et_pb_column type=&#8221;4_4&#8243; _builder_version=&#8221;4.16&#8243; _module_preset=&#8221;default&#8221; global_colors_info=&#8221;{}&#8221;][et_pb_text _builder_version=&#8221;4.23.4&#8243; _module_preset=&#8221;default&#8221; header_2_font=&#8221;|||on|||||&#8221; header_3_text_color=&#8221;#1FD7E0&#8243; global_colors_info=&#8221;{}&#8221;]<\/p>\n<h2 style=\"text-align: center;\"><strong><b>LES \u00c9L\u00c9MENTS QUE DOIT INCLURE VOTRE SITE WEB D&#8217;ENTREPRISE.<\/b><\/strong><strong><\/strong><\/h2>\n<h3><b><span><\/span><\/b><strong><b>Qui vous \u00eates ?<\/b><\/strong><\/h3>\n<p>La premi\u00e8re chose que votre site Web d&#8217;entreprise doit clairement pr\u00e9senter est votre marque, votre logo, votre slogan, votre sp\u00e9cialit\u00e9, ce que vous repr\u00e9sentez, etc. Votre site Web d&#8217;entreprise doit clairement indiquer toutes les informations de base que les gens doivent savoir sur votre entreprise et comment elle fonctionne.<\/p>\n<h3><b><span><\/span><\/b><strong><b>Vos produits et services<\/b><\/strong><\/h3>\n<p>Sur votre site Web d&#8217;entreprise, vous devriez inclure des informations d\u00e9taill\u00e9es sur tous les produits et services que vous pouvez offrir aux clients. De cette mani\u00e8re, il est plus facile pour eux de d\u00e9cider de vous contacter ou d&#8217;acheter chez vous \u00e0 l&#8217;avenir.<\/p>\n<h3><strong><b>Visuels de votre marque<\/b><\/strong><\/h3>\n<p>Autre chose d&#8217;important \u00e0 inclure dans votre site Web d&#8217;entreprise est des images qui repr\u00e9sentent votre marque. Les visuels sont un excellent moyen d&#8217;attirer l&#8217;attention des visiteurs et de susciter leur int\u00e9r\u00eat, ce qui peut \u00e9ventuellement les amener \u00e0 faire affaire avec vous. Assurez-vous que vos visuels sont uniques et d\u00e9peignent une image authentique de votre marque.<\/p>\n<h3><b><span><\/span><\/b><strong><b>Coordonn\u00e9es<\/b><\/strong><\/h3>\n<p>Une fois qu&#8217;un visiteur est sur votre site Web d&#8217;entreprise et est d\u00e9j\u00e0 int\u00e9ress\u00e9 par votre marque, la prochaine chose que vous voulez qu&#8217;il ait est vos coordonn\u00e9es. Des coordonn\u00e9es facilement accessibles sont essentielles pour attirer plus de ventes et plus de clients potentiels.<span style=\"color: #e02b20;\"><strong><\/strong><strong><\/strong><\/span><\/p>\n<h3><b><span><\/span><\/b><strong><b>Emplacement et heures d&#8217;ouverture<\/b><\/strong><\/h3>\n<p>Si votre entreprise a un emplacement physique comme un bureau, un magasin, un restaurant, etc., l&#8217;une des choses les plus essentielles \u00e0 ajouter \u00e0 votre site Web d&#8217;entreprise serait votre emplacement et vos heures d&#8217;ouverture.<strong><\/strong><\/p>\n<h3><b><span><\/span><\/b><strong><b>Avis et t\u00e9moignages<\/b><\/strong><\/h3>\n<p>Une autre chose que les clients potentiels adoreront absolument voir sur votre site Web d&#8217;entreprise, ce sont les avis et t\u00e9moignages. Cela sert de moyen pour les clients de savoir que votre entreprise est l\u00e9gitime, les incitant donc \u00e0 acheter chez vous ou \u00e0 travailler avec vous.<strong><b><\/b><\/strong><\/p>\n<p><em><strong><b>En g\u00e9n\u00e9ral, un site Web d&#8217;entreprise est une excellente option que vous pouvez choisir lorsque vous choisissez un type de site Web pour votre marque. Il fera un excellent travail pour marquer votre petit territoire en ligne et dire \u00e0 vos futurs clients tout ce qu&#8217;ils doivent savoir sur vous. Si vous \u00eates int\u00e9ress\u00e9 \u00e0 cr\u00e9er un site Web d&#8217;entreprise pour votre marque, n&#8217;h\u00e9sitez pas \u00e0 nous contacter pour obtenir un devis, ou consultez nos packs ici.<\/b><\/strong><\/em><\/p>\n<p><strong><b>\u00a0<\/b><\/strong><\/p>\n<p style=\"text-align: justify;\"><strong><em>\u00a0<\/em><\/strong><strong><em><\/em><\/strong><\/p>\n<p>[\/et_pb_text][\/et_pb_column][\/et_pb_row][\/et_pb_section][et_pb_section fb_built=&#8221;1&#8243; prev_background_color=&#8221;#ffffff&#8221; _builder_version=&#8221;4.23.4&#8243; _module_preset=&#8221;default&#8221; background_color=&#8221;#262C38&#8243; background_image=&#8221;https:\/\/www.webdono.com\/fr\/wp-content\/uploads\/2019\/05\/clients-bg.jpg&#8221; background_blend=&#8221;soft-light&#8221; custom_padding=&#8221;65px||65px||true|&#8221; top_divider_style=&#8221;triangle&#8221; top_divider_height=&#8221;60px&#8221; top_divider_flip=&#8221;vertical&#8221; locked=&#8221;off&#8221; global_colors_info=&#8221;{}&#8221;][et_pb_row _builder_version=&#8221;4.23.4&#8243; _module_preset=&#8221;default&#8221; global_colors_info=&#8221;{}&#8221;][et_pb_column type=&#8221;4_4&#8243; _builder_version=&#8221;4.16&#8243; _module_preset=&#8221;default&#8221; global_colors_info=&#8221;{}&#8221;][et_pb_text _builder_version=&#8221;4.23.4&#8243; _module_preset=&#8221;default&#8221; header_text_align=&#8221;center&#8221; header_text_color=&#8221;#FFFFFF&#8221; header_font_size=&#8221;40px&#8221; global_colors_info=&#8221;{}&#8221;]<\/p>\n<div class=\"tw-ta-container F0azHf tw-nfl\" id=\"tw-target-text-container\" tabindex=\"0\">\n<h1 class=\"tw-data-text tw-text-large tw-ta\" data-placeholder=\"Traduction\" id=\"tw-target-text\" aria-label=\"Texte traduit\" data-ved=\"2ahUKEwiCmY_XiNiFAxUfUKQEHe-JABIQ3ewLegQIBRAU\" dir=\"ltr\" style=\"text-align: center;\"><span class=\"Y2IQFc\" lang=\"fr\">Pr\u00eat \u00e0 d\u00e9marrer votre projet ?<\/span><\/h1>\n<\/div>\n<div class=\"tw-target-rmn tw-ta-container F0azHf tw-nfl\" id=\"tw-target-rmn-container\">\n<pre class=\"tw-data-placeholder tw-text-small tw-ta\" data-placeholder=\"\" id=\"tw-target-rmn\" dir=\"ltr\"><span class=\"Y2IQFc\"><\/span><\/pre>\n<\/div>\n<div jsname=\"fek9E\" class=\"iYB33c\">\n<div class=\"dlJLJe\">\n<div jscontroller=\"RXaBU\" data-cviv=\"false\" jsaction=\"R4nmZb:npT2md;C1RXse:PoUyQd\" data-ved=\"2ahUKEwiCmY_XiNiFAxUfUKQEHe-JABIQz_AEegQIBRAV\"><\/div>\n<\/div>\n<\/div>\n<p>[\/et_pb_text][et_pb_text _builder_version=&#8221;4.23.4&#8243; _module_preset=&#8221;default&#8221; header_2_font=&#8221;Poppins||||||||&#8221; header_2_text_align=&#8221;center&#8221; header_2_text_color=&#8221;#FFFFFF&#8221; global_colors_info=&#8221;{}&#8221;]<\/p>\n<div class=\"tw-ta-container F0azHf tw-nfl\" id=\"tw-target-text-container\" tabindex=\"0\">\n<h2 class=\"tw-data-text tw-text-large tw-ta\" data-placeholder=\"Traduction\" id=\"tw-target-text\" aria-label=\"Texte traduit\" data-ved=\"2ahUKEwiCmY_XiNiFAxUfUKQEHe-JABIQ3ewLegQIBRAU\" dir=\"ltr\"><span class=\"Y2IQFc\" lang=\"fr\">Nous vous aiderons \u00e0 atteindre vos objectifs et \u00e0 d\u00e9velopper votre entreprise.<\/span><\/h2>\n<\/div>\n<p>[\/et_pb_text][et_pb_button button_url=&#8221;https:\/\/www.webdono.com\/fr\/contact-us\/&#8221; button_text=&#8221;Obtenir un devis &#8221; button_alignment=&#8221;center&#8221; _builder_version=&#8221;4.23.4&#8243; _module_preset=&#8221;default&#8221; custom_button=&#8221;on&#8221; button_text_color=&#8221;#262C38&#8243; button_bg_color=&#8221;#FFFFFF&#8221; button_border_width=&#8221;0px&#8221; button_border_radius=&#8221;0px&#8221; button_font=&#8221;|||on|||||&#8221; hover_enabled=&#8221;0&#8243; global_colors_info=&#8221;{}&#8221; sticky_enabled=&#8221;0&#8243;][\/et_pb_button][\/et_pb_column][\/et_pb_row][\/et_pb_section]<\/p>\n","protected":false},"excerpt":{"rendered":"<p>Si vous \u00eates propri\u00e9taire d&#8217;une entreprise, quel que soit le type et la taille de votre entreprise, vous devez avoir un site Web qui repr\u00e9sentera votre marque dans le monde num\u00e9rique. De nos jours, nous sommes plus connect\u00e9s \u00e0 Internet que jamais, et nous l&#8217;utilisons pour pratiquement tous les aspects de notre vie. Besoin de [&hellip;]<\/p>\n","protected":false},"author":1,"featured_media":0,"parent":0,"menu_order":0,"comment_status":"closed","ping_status":"closed","template":"","meta":{"_et_pb_use_builder":"on","_et_pb_old_content":"","_et_gb_content_width":"","_joinchat":[],"footnotes":""},"class_list":["post-30882","page","type-page","status-publish","hentry"],"_links":{"self":[{"href":"https:\/\/www.webdono.com\/fr\/wp-json\/wp\/v2\/pages\/30882","targetHints":{"allow":["GET"]}}],"collection":[{"href":"https:\/\/www.webdono.com\/fr\/wp-json\/wp\/v2\/pages"}],"about":[{"href":"https:\/\/www.webdono.com\/fr\/wp-json\/wp\/v2\/types\/page"}],"author":[{"embeddable":true,"href":"https:\/\/www.webdono.com\/fr\/wp-json\/wp\/v2\/users\/1"}],"replies":[{"embeddable":true,"href":"https:\/\/www.webdono.com\/fr\/wp-json\/wp\/v2\/comments?post=30882"}],"version-history":[{"count":12,"href":"https:\/\/www.webdono.com\/fr\/wp-json\/wp\/v2\/pages\/30882\/revisions"}],"predecessor-version":[{"id":31590,"href":"https:\/\/www.webdono.com\/fr\/wp-json\/wp\/v2\/pages\/30882\/revisions\/31590"}],"wp:attachment":[{"href":"https:\/\/www.webdono.com\/fr\/wp-json\/wp\/v2\/media?parent=30882"}],"curies":[{"name":"wp","href":"https:\/\/api.w.org\/{rel}","templated":true}]}}